{"id":2126,"date":"2017-07-13T10:04:11","date_gmt":"2017-07-13T09:04:11","guid":{"rendered":"https:\/\/meaco.ch\/?page_id=2126\/"},"modified":"2026-03-02T11:33:43","modified_gmt":"2026-03-02T10:33:43","slug":"low-energy","status":"publish","type":"page","link":"https:\/\/meaco.ch\/fr\/deshumidificateurs\/low-energy\/","title":{"rendered":"D\u00e9shumidificateurs MEACO Low Energy"},"content":{"rendered":"<div class=\"wpb-content-wrapper\">[vc_row][vc_column]<div class=\"vcex-heading vcex-module wpex-text-2xl wpex-font-normal wpex-m-auto wpex-max-w-100 vcex-heading-plain wpex-block\"><span class=\"vcex-heading-inner wpex-inline-block wpex-clr\">Meilleure performance \u00e0 une consommation d\u2019\u00e9nergie la plus faible<\/span><\/div>[vc_column_text]Les d\u00e9shumidificateurs Meaco Low Energy\u00a0ont \u00e9tabli un nouveau standard dans la d\u00e9shumidification: Les Meaco Low Energy\u00a0sont aujourd\u2019 hui les <strong>d\u00e9shumidificateurs avec la meilleure performance \u00e0 la plus faible consommation d\u2019\u00e9nergie<\/strong>. Cette nouvelle g\u00e9n\u00e9ration de d\u00e9shumidificateurs Low Energy\u00a0a \u00e9t\u00e9 d\u00e9velopp\u00e9 afin de faire face, de fa\u00e7on efficace et peu co\u00fbteux, aux probl\u00e8mes d\u2019humidit\u00e9, comme la moisissure et la condensation, dans les maisons.<\/p>\n<p>Jetez un \u0153il \u00e0 la br\u00e8ve introduction aux d\u00e9shumidificateurs Low Energy:[\/vc_column_text][\/vc_column][\/vc_row][vc_row][vc_column width=&#8221;1\/2&#8243;]<div class=\"vcex-heading vcex-module wpex-text-2xl wpex-font-normal wpex-m-auto wpex-max-w-100 vcex-heading-plain wpex-block\"><span class=\"vcex-heading-inner wpex-inline-block wpex-clr\">D\u00e9shumidificateur pour 30 m\u00b2<\/span><\/div><div class=\"vcex-spacing wpex-w-100 wpex-clear\" style=\"height:2px;\"><\/div>[vc_single_image image=&#8221;1182&#8243; img_size=&#8221;medium&#8221; alignment=&#8221;center&#8221; onclick=&#8221;custom_link&#8221; link=&#8221;https:\/\/meaco.ch\/fr\/deshumidificateurs\/low-energy\/12l\/&#8221;][vc_single_image image=&#8221;2120&#8243; onclick=&#8221;custom_link&#8221; link=&#8221;https:\/\/meaco.ch\/fr\/deshumidificateurs\/low-energy\/12l\/&#8221;]<div class=\"vcex-module vcex-bullets vcex-bullets-check\">\n<ul>\n<li>D\u00e9shumidification jusqu\u2019\u00e0 30 m\u00b2<\/li>\n<li>Purification de l\u2019air avec filtre HEPA<\/li>\n<li>S\u00e9curit\u00e9 enfants<\/li>\n<li>Petit et pratique<\/li>\n<\/ul>\n<\/div><div class=\"theme-button-wrap textcenter theme-button-expanded-wrap wpex-clr\"><a href=\"https:\/\/meaco.ch\/fr\/deshumidificateurs\/low-energy\/12l\/\" title=\"Meaco 12L Low Energy\" class=\"vcex-button theme-button graphical align-center expanded expanded\"><span class=\"theme-button-inner\">En savoir plus<\/span><\/a><\/div> [\/vc_column][vc_column width=&#8221;1\/2&#8243;]<div class=\"vcex-heading vcex-module wpex-text-2xl wpex-font-normal wpex-m-auto wpex-max-w-100 vcex-heading-plain wpex-block\"><span class=\"vcex-heading-inner wpex-inline-block wpex-clr\">D\u00e9shumidificateur pour 50 m\u00b2<\/span><\/div>[vc_single_image image=&#8221;1589&#8243; img_size=&#8221;medium&#8221; alignment=&#8221;center&#8221; onclick=&#8221;custom_link&#8221; link=&#8221;https:\/\/meaco.ch\/fr\/deshumidificateurs\/low-energy\/20l\/&#8221;][vc_single_image image=&#8221;2118&#8243; onclick=&#8221;custom_link&#8221; link=&#8221;https:\/\/meaco.ch\/fr\/deshumidificateurs\/low-energy\/20l\/&#8221;]<div class=\"vcex-module vcex-bullets vcex-bullets-check\">\n<ul>\n<li>D\u00e9shumidification jusqu\u2019\u00e0 50 m\u00b2<\/li>\n<li>Purification de l\u2019air avec filtre HEPA<\/li>\n<li>Vainqueur du test \u00a0\u201eWhich? Best Buy\u201c<\/li>\n<li>S\u00e9curit\u00e9 enfants<\/li>\n<\/ul>\n<\/div><div class=\"theme-button-wrap textcenter theme-button-expanded-wrap wpex-clr\"><a href=\"https:\/\/meaco.ch\/fr\/deshumidificateurs\/low-energy\/20l\/\" title=\"Meaco 12L Low Energy\" class=\"vcex-button theme-button graphical align-center expanded expanded\"><span class=\"theme-button-inner\">En savoir plus<\/span><\/a><\/div> [\/vc_column][\/vc_row][vc_row][vc_column]<div class=\"vcex-heading vcex-module wpex-text-2xl wpex-font-normal wpex-m-auto wpex-max-w-100 vcex-heading-plain wpex-block\"><span class=\"vcex-heading-inner wpex-inline-block wpex-clr\">2 en 1 d\u00e9shumidificateur + purificateur d'air<\/span><\/div>[vc_column_text]Un autre avantage est l\u2019<strong>effet purifiant de l\u2019air<\/strong>: <em>Meaco 12L<\/em>\u00a0et \u00a0<em>20L Low Energy<\/em> sont les premiers d\u00e9shumidificateurs dans le monde avec un <strong>filtre HEPA<\/strong>. Ainsi, ces d\u00e9shumidificateurs assurent non seulement un endroit sec mais aussi une temp\u00e9rature ambiante propre et saine.[\/vc_column_text][\/vc_column][\/vc_row][vc_row][vc_column]<div class=\"vcex-heading vcex-module wpex-text-2xl wpex-font-normal wpex-m-auto wpex-max-w-100 vcex-heading-plain wpex-block\"><span class=\"vcex-heading-inner wpex-inline-block wpex-clr\">Comparaison entre les d\u00e9shumidificateurs MEACO Low Energy<\/span><\/div>[vc_column_text]Pour choisir le bon d\u00e9shumidificateur examinez attentivement les donn\u00e9es suivantes \u201esurface couverte\u201c et choisissez, en cas de doute, le mod\u00e8le plus puissant. Les d\u00e9shumidificateurs Meaco Low Energy se distinguent par les diff\u00e9rentes fonctionnalit\u00e9s et le diff\u00e9rentes capacit\u00e9s de d\u00e9shumidification.[\/vc_column_text][\/vc_column][\/vc_row][vc_row][vc_column][vc_column_text]\n<table class=\"table table-titled table-hover table-left\">\n<thead>\n<tr>\n<th><\/th>\n<th><a>Meaco 12L Low Energy<\/a><\/th>\n<th><a>Meaco 20L Low Energy<\/a><\/th>\n<\/tr>\n<\/thead>\n<tbody>\n<tr>\n<td>Surface couverte<\/td>\n<td data-title=\"Meaco 12L Low Energy\">30 m<span style=\"font-size: 13.3333px;\">\u00b2<\/span>\u00a0\/ 75 m<span style=\"font-size: 13.3333px;\">\u00b3<\/span><\/td>\n<td data-title=\"Meaco 20L Low Energy\">50 m<span style=\"font-size: 13.3333px;\">\u00b2<\/span>\u00a0\/ 125 m<span style=\"font-size: 13.3333px;\">\u00b3<\/span><\/td>\n<\/tr>\n<tr>\n<td>Hygrostat avec affichage<\/td>\n<td data-title=\"Meaco 12L Low Energy\">&#x2714;<\/td>\n<td data-title=\"Meaco 20L Low Energy\">&#x2714;<\/td>\n<\/tr>\n<tr>\n<td>S\u00e9curit\u00e9 enfants<\/td>\n<td data-title=\"Meaco 12L Low Energy\">&#x2714;<\/td>\n<td data-title=\"Meaco 20L Low Energy\">&#x2714;<\/td>\n<\/tr>\n<tr>\n<td>Minuteur<\/td>\n<td data-title=\"Meaco 12L Low Energy\">&#x2714;<\/td>\n<td data-title=\"Meaco 20L Low Energy\">&#x2714;<\/td>\n<\/tr>\n<tr>\n<td>Une seule vitesse de ventilation<\/td>\n<td data-title=\"Meaco 12L Low Energy\">&#x2714;<\/td>\n<td data-title=\"Meaco 20L Low Energy\">&#x2714;<\/td>\n<\/tr>\n<tr>\n<td>Plusieurs vitesses de ventilation<\/td>\n<td data-title=\"Meaco 12L Low Energy\"><\/td>\n<td data-title=\"Meaco 20L Low Energy\">&#x2714;<\/td>\n<\/tr>\n<tr>\n<td>Roulettes<\/td>\n<td data-title=\"Meaco 12L Low Energy\"><\/td>\n<td data-title=\"Meaco 20L Low Energy\">&#x2714;<\/td>\n<\/tr>\n<tr>\n<td>Mode d\u2019oscillation<\/td>\n<td data-title=\"Meaco 12L Low Energy\"><\/td>\n<td data-title=\"Meaco 20L Low Energy\">&#x2714;<\/td>\n<\/tr>\n<tr>\n<td>Filtre HEPA<\/td>\n<td data-title=\"Meaco 12L Low Energy\">&#x2714;<\/td>\n<td data-title=\"Meaco 20L Low Energy\">&#x2714;<\/td>\n<\/tr>\n<tr>\n<td>Prix de vente conseill\u00e9 en CHF, TVA comprise.<\/td>\n<td data-title=\"Meaco 12L Low Energy\">349.-<\/td>\n<td data-title=\"Meaco 20L Low Energy\">449.-<\/td>\n<\/tr>\n<\/tbody>\n<\/table>\n[\/vc_column_text][\/vc_column][\/vc_row][vc_row][vc_column]<div class=\"vcex-heading vcex-module wpex-text-2xl wpex-font-normal wpex-m-auto wpex-max-w-100 vcex-heading-plain wpex-block\"><span class=\"vcex-heading-inner wpex-inline-block wpex-clr\">O\u00f9 acheter?<\/span><\/div><div class=\"vcex-spacing wpex-w-100 wpex-clear\"><\/div>[vc_row_inner][vc_column_inner width=&#8221;1\/3&#8243;][vc_single_image image=&#8221;2003&#8243; img_size=&#8221;medium&#8221; onclick=&#8221;custom_link&#8221; img_link_target=&#8221;_blank&#8221; css=&#8221;&#8221; link=&#8221;https:\/\/ecofort.ch\/fr\/collections\/meaco&#8221;]<div class=\"vcex-module vcex-bullets vcex-bullets-check\">\n<ul>\n<li>Disponible dans la boutique en ligne ecofort et dans le magasin \u00e0 Nidau<\/li>\n<li><span id=\"result_box\" class=\"short_text\" lang=\"fr\">Livraison gratuite<\/span><\/li>\n<\/ul>\n<\/div><a href=\"https:\/\/ecofort.ch\/fr\/collections\/meaco\" title=\"ecofort AG\" class=\"vcex-button theme-button inline\" target=\"_blank\" rel=\"noopener noreferrer\"><span class=\"theme-button-inner\">D\u00e9couvrez MEACO chez ecofort<\/span><\/a> [\/vc_column_inner][\/vc_row_inner][\/vc_column][\/vc_row]\n<\/div>","protected":false},"excerpt":{"rendered":"<p>[vc_row][vc_column][vc_column_text]Les d\u00e9shumidificateurs Meaco Low Energy\u00a0ont \u00e9tabli un nouveau standard dans la d\u00e9shumidification: Les Meaco Low Energy\u00a0sont aujourd\u2019 hui les d\u00e9shumidificateurs avec la meilleure performance \u00e0 la plus faible consommation d\u2019\u00e9nergie. Cette nouvelle g\u00e9n\u00e9ration de d\u00e9shumidificateurs Low Energy\u00a0a \u00e9t\u00e9 d\u00e9velopp\u00e9 afin de faire face, de fa\u00e7on efficace et peu co\u00fbteux, aux probl\u00e8mes d\u2019humidit\u00e9, comme la moisissure&hellip;<\/p>\n","protected":false},"author":8,"featured_media":0,"parent":419,"menu_order":1,"comment_status":"closed","ping_status":"closed","template":"","meta":{"footnotes":""},"class_list":["post-2126","page","type-page","status-publish","hentry","entry","no-media"],"aioseo_notices":[],"_links":{"self":[{"href":"https:\/\/meaco.ch\/fr\/wp-json\/wp\/v2\/pages\/2126","targetHints":{"allow":["GET"]}}],"collection":[{"href":"https:\/\/meaco.ch\/fr\/wp-json\/wp\/v2\/pages"}],"about":[{"href":"https:\/\/meaco.ch\/fr\/wp-json\/wp\/v2\/types\/page"}],"author":[{"embeddable":true,"href":"https:\/\/meaco.ch\/fr\/wp-json\/wp\/v2\/users\/8"}],"replies":[{"embeddable":true,"href":"https:\/\/meaco.ch\/fr\/wp-json\/wp\/v2\/comments?post=2126"}],"version-history":[{"count":25,"href":"https:\/\/meaco.ch\/fr\/wp-json\/wp\/v2\/pages\/2126\/revisions"}],"predecessor-version":[{"id":4585,"href":"https:\/\/meaco.ch\/fr\/wp-json\/wp\/v2\/pages\/2126\/revisions\/4585"}],"up":[{"embeddable":true,"href":"https:\/\/meaco.ch\/fr\/wp-json\/wp\/v2\/pages\/419"}],"wp:attachment":[{"href":"https:\/\/meaco.ch\/fr\/wp-json\/wp\/v2\/media?parent=2126"}],"curies":[{"name":"wp","href":"https:\/\/api.w.org\/{rel}","templated":true}]}}