{"id":2174,"date":"2017-07-14T07:25:49","date_gmt":"2017-07-14T06:25:49","guid":{"rendered":"https:\/\/meaco.ch\/?page_id=2174\/"},"modified":"2026-03-02T11:36:34","modified_gmt":"2026-03-02T10:36:34","slug":"20l","status":"publish","type":"page","link":"https:\/\/meaco.ch\/fr\/deshumidificateurs\/low-energy\/20l\/","title":{"rendered":"Meaco 20L Low  Energy"},"content":{"rendered":"<div class=\"wpb-content-wrapper\">[vc_row][vc_column]<div class=\"vcex-heading vcex-module wpex-text-2xl wpex-font-normal wpex-m-auto wpex-max-w-100 vcex-heading-plain wpex-block\"><span class=\"vcex-heading-inner wpex-inline-block wpex-clr\">Vainqueur du test des d\u00e9shumidificateurs : La meilleure performance avec la plus faible consommation d'\u00e9nergie<\/span><\/div>[vc_row_inner][vc_column_inner width=&#8221;1\/2&#8243;]<div class=\"wpex-slider-preloaderimg \"><img loading=\"lazy\" decoding=\"async\" width=\"1118\" height=\"834\" src=\"https:\/\/meaco.ch\/wp-content\/uploads\/2017\/11\/MEACO-20L-LOW-ENERGY-LAUNDRY.jpg\" class=\"skip-lazy\" alt=\"MEACO 20L Low Energy - Luftentfeuchter f\u00fcr W\u00e4schetrocknung\" data-no-lazy=\"1\" srcset=\"https:\/\/meaco.ch\/wp-content\/uploads\/2017\/11\/MEACO-20L-LOW-ENERGY-LAUNDRY.jpg 1118w, https:\/\/meaco.ch\/wp-content\/uploads\/2017\/11\/MEACO-20L-LOW-ENERGY-LAUNDRY-300x224.jpg 300w, https:\/\/meaco.ch\/wp-content\/uploads\/2017\/11\/MEACO-20L-LOW-ENERGY-LAUNDRY-768x573.jpg 768w, https:\/\/meaco.ch\/wp-content\/uploads\/2017\/11\/MEACO-20L-LOW-ENERGY-LAUNDRY-1024x764.jpg 1024w\" sizes=\"auto, (max-width: 1118px) 100vw, 1118px\" \/><\/div><div class=\"vcex-module wpex-slider slider-pro no-margin-thumbnails vcex-image-gallery-slider wpex-clr\" data-thumbnails=\"true\" data-thumbnail-height=\"auto\" data-auto-play-delay=\"5000\" data-animation-speed=\"600\" data-height-animation-duration=\"500\"><div class=\"wpex-slider-slides sp-slides\"><div class=\"wpex-slider-slide sp-slide\"><div class=\"wpex-slider-media\"><img loading=\"lazy\" decoding=\"async\" width=\"1118\" height=\"834\" src=\"https:\/\/meaco.ch\/wp-content\/uploads\/2017\/11\/MEACO-20L-LOW-ENERGY-LAUNDRY.jpg\" class=\"skip-lazy\" alt=\"MEACO 20L Low Energy - Luftentfeuchter f\u00fcr W\u00e4schetrocknung\" data-no-lazy=\"1\" srcset=\"https:\/\/meaco.ch\/wp-content\/uploads\/2017\/11\/MEACO-20L-LOW-ENERGY-LAUNDRY.jpg 1118w, https:\/\/meaco.ch\/wp-content\/uploads\/2017\/11\/MEACO-20L-LOW-ENERGY-LAUNDRY-300x224.jpg 300w, https:\/\/meaco.ch\/wp-content\/uploads\/2017\/11\/MEACO-20L-LOW-ENERGY-LAUNDRY-768x573.jpg 768w, https:\/\/meaco.ch\/wp-content\/uploads\/2017\/11\/MEACO-20L-LOW-ENERGY-LAUNDRY-1024x764.jpg 1024w\" sizes=\"auto, (max-width: 1118px) 100vw, 1118px\" \/><\/div><\/div><div class=\"wpex-slider-slide sp-slide\"><div class=\"wpex-slider-media\"><img loading=\"lazy\" decoding=\"async\" width=\"1123\" height=\"842\" src=\"https:\/\/meaco.ch\/wp-content\/uploads\/2017\/11\/MEACO-20L-LOW-ENERGY-HALLWAY.jpg\" class=\"skip-lazy\" alt=\"MEACO 20L Low Energy Luftentfeuchter\" data-no-lazy=\"1\" srcset=\"https:\/\/meaco.ch\/wp-content\/uploads\/2017\/11\/MEACO-20L-LOW-ENERGY-HALLWAY.jpg 1123w, https:\/\/meaco.ch\/wp-content\/uploads\/2017\/11\/MEACO-20L-LOW-ENERGY-HALLWAY-300x225.jpg 300w, https:\/\/meaco.ch\/wp-content\/uploads\/2017\/11\/MEACO-20L-LOW-ENERGY-HALLWAY-768x576.jpg 768w, https:\/\/meaco.ch\/wp-content\/uploads\/2017\/11\/MEACO-20L-LOW-ENERGY-HALLWAY-1024x768.jpg 1024w\" sizes=\"auto, (max-width: 1123px) 100vw, 1123px\" \/><\/div><\/div><div class=\"wpex-slider-slide sp-slide\"><div class=\"wpex-slider-media\"><img loading=\"lazy\" decoding=\"async\" width=\"636\" height=\"564\" src=\"https:\/\/meaco.ch\/wp-content\/uploads\/2018\/05\/20l-lourve.jpg\" class=\"skip-lazy\" alt=\"\" data-no-lazy=\"1\" srcset=\"https:\/\/meaco.ch\/wp-content\/uploads\/2018\/05\/20l-lourve.jpg 636w, https:\/\/meaco.ch\/wp-content\/uploads\/2018\/05\/20l-lourve-300x266.jpg 300w\" sizes=\"auto, (max-width: 636px) 100vw, 636px\" \/><\/div><\/div><div class=\"wpex-slider-slide sp-slide\"><div class=\"wpex-slider-media\"><img loading=\"lazy\" decoding=\"async\" width=\"5472\" height=\"3648\" src=\"https:\/\/meaco.ch\/wp-content\/uploads\/2018\/05\/MEACO-20L-DEHUMIDIFIER-WATER-TANK.jpg\" class=\"skip-lazy\" alt=\"\" data-no-lazy=\"1\" srcset=\"https:\/\/meaco.ch\/wp-content\/uploads\/2018\/05\/MEACO-20L-DEHUMIDIFIER-WATER-TANK.jpg 5472w, https:\/\/meaco.ch\/wp-content\/uploads\/2018\/05\/MEACO-20L-DEHUMIDIFIER-WATER-TANK-300x200.jpg 300w, https:\/\/meaco.ch\/wp-content\/uploads\/2018\/05\/MEACO-20L-DEHUMIDIFIER-WATER-TANK-768x512.jpg 768w, https:\/\/meaco.ch\/wp-content\/uploads\/2018\/05\/MEACO-20L-DEHUMIDIFIER-WATER-TANK-1024x683.jpg 1024w\" sizes=\"auto, (max-width: 5472px) 100vw, 5472px\" \/><\/div><\/div><div class=\"wpex-slider-slide sp-slide\"><div class=\"wpex-slider-media\"><img loading=\"lazy\" decoding=\"async\" width=\"5472\" height=\"3648\" src=\"https:\/\/meaco.ch\/wp-content\/uploads\/2018\/05\/MEACO-20L-DEHUMIDIFIER-FILTER.jpg\" class=\"skip-lazy\" alt=\"\" data-no-lazy=\"1\" srcset=\"https:\/\/meaco.ch\/wp-content\/uploads\/2018\/05\/MEACO-20L-DEHUMIDIFIER-FILTER.jpg 5472w, https:\/\/meaco.ch\/wp-content\/uploads\/2018\/05\/MEACO-20L-DEHUMIDIFIER-FILTER-300x200.jpg 300w, https:\/\/meaco.ch\/wp-content\/uploads\/2018\/05\/MEACO-20L-DEHUMIDIFIER-FILTER-768x512.jpg 768w, https:\/\/meaco.ch\/wp-content\/uploads\/2018\/05\/MEACO-20L-DEHUMIDIFIER-FILTER-1024x683.jpg 1024w\" sizes=\"auto, (max-width: 5472px) 100vw, 5472px\" \/><\/div><\/div><\/div><div class=\"wpex-slider-thumbnails sp-nc-thumbnails cols-5\"><img loading=\"lazy\" decoding=\"async\" width=\"1118\" height=\"834\" src=\"https:\/\/meaco.ch\/wp-content\/uploads\/2017\/11\/MEACO-20L-LOW-ENERGY-LAUNDRY.jpg\" class=\"wpex-slider-thumbnail sp-nc-thumbnail skip-lazy\" alt=\"MEACO 20L Low Energy - Luftentfeuchter f\u00fcr W\u00e4schetrocknung\" data-no-lazy=\"1\" srcset=\"https:\/\/meaco.ch\/wp-content\/uploads\/2017\/11\/MEACO-20L-LOW-ENERGY-LAUNDRY.jpg 1118w, https:\/\/meaco.ch\/wp-content\/uploads\/2017\/11\/MEACO-20L-LOW-ENERGY-LAUNDRY-300x224.jpg 300w, https:\/\/meaco.ch\/wp-content\/uploads\/2017\/11\/MEACO-20L-LOW-ENERGY-LAUNDRY-768x573.jpg 768w, https:\/\/meaco.ch\/wp-content\/uploads\/2017\/11\/MEACO-20L-LOW-ENERGY-LAUNDRY-1024x764.jpg 1024w\" sizes=\"auto, (max-width: 1118px) 100vw, 1118px\" \/><img loading=\"lazy\" decoding=\"async\" width=\"1123\" height=\"842\" src=\"https:\/\/meaco.ch\/wp-content\/uploads\/2017\/11\/MEACO-20L-LOW-ENERGY-HALLWAY.jpg\" class=\"wpex-slider-thumbnail sp-nc-thumbnail skip-lazy\" alt=\"MEACO 20L Low Energy Luftentfeuchter\" data-no-lazy=\"1\" srcset=\"https:\/\/meaco.ch\/wp-content\/uploads\/2017\/11\/MEACO-20L-LOW-ENERGY-HALLWAY.jpg 1123w, https:\/\/meaco.ch\/wp-content\/uploads\/2017\/11\/MEACO-20L-LOW-ENERGY-HALLWAY-300x225.jpg 300w, https:\/\/meaco.ch\/wp-content\/uploads\/2017\/11\/MEACO-20L-LOW-ENERGY-HALLWAY-768x576.jpg 768w, https:\/\/meaco.ch\/wp-content\/uploads\/2017\/11\/MEACO-20L-LOW-ENERGY-HALLWAY-1024x768.jpg 1024w\" sizes=\"auto, (max-width: 1123px) 100vw, 1123px\" \/><img loading=\"lazy\" decoding=\"async\" width=\"636\" height=\"564\" src=\"https:\/\/meaco.ch\/wp-content\/uploads\/2018\/05\/20l-lourve.jpg\" class=\"wpex-slider-thumbnail sp-nc-thumbnail skip-lazy\" alt=\"\" data-no-lazy=\"1\" srcset=\"https:\/\/meaco.ch\/wp-content\/uploads\/2018\/05\/20l-lourve.jpg 636w, https:\/\/meaco.ch\/wp-content\/uploads\/2018\/05\/20l-lourve-300x266.jpg 300w\" sizes=\"auto, (max-width: 636px) 100vw, 636px\" \/><img loading=\"lazy\" decoding=\"async\" width=\"5472\" height=\"3648\" src=\"https:\/\/meaco.ch\/wp-content\/uploads\/2018\/05\/MEACO-20L-DEHUMIDIFIER-WATER-TANK.jpg\" class=\"wpex-slider-thumbnail sp-nc-thumbnail skip-lazy\" alt=\"\" data-no-lazy=\"1\" srcset=\"https:\/\/meaco.ch\/wp-content\/uploads\/2018\/05\/MEACO-20L-DEHUMIDIFIER-WATER-TANK.jpg 5472w, https:\/\/meaco.ch\/wp-content\/uploads\/2018\/05\/MEACO-20L-DEHUMIDIFIER-WATER-TANK-300x200.jpg 300w, https:\/\/meaco.ch\/wp-content\/uploads\/2018\/05\/MEACO-20L-DEHUMIDIFIER-WATER-TANK-768x512.jpg 768w, https:\/\/meaco.ch\/wp-content\/uploads\/2018\/05\/MEACO-20L-DEHUMIDIFIER-WATER-TANK-1024x683.jpg 1024w\" sizes=\"auto, (max-width: 5472px) 100vw, 5472px\" \/><img loading=\"lazy\" decoding=\"async\" width=\"5472\" height=\"3648\" src=\"https:\/\/meaco.ch\/wp-content\/uploads\/2018\/05\/MEACO-20L-DEHUMIDIFIER-FILTER.jpg\" class=\"wpex-slider-thumbnail sp-nc-thumbnail skip-lazy\" alt=\"\" data-no-lazy=\"1\" srcset=\"https:\/\/meaco.ch\/wp-content\/uploads\/2018\/05\/MEACO-20L-DEHUMIDIFIER-FILTER.jpg 5472w, https:\/\/meaco.ch\/wp-content\/uploads\/2018\/05\/MEACO-20L-DEHUMIDIFIER-FILTER-300x200.jpg 300w, https:\/\/meaco.ch\/wp-content\/uploads\/2018\/05\/MEACO-20L-DEHUMIDIFIER-FILTER-768x512.jpg 768w, https:\/\/meaco.ch\/wp-content\/uploads\/2018\/05\/MEACO-20L-DEHUMIDIFIER-FILTER-1024x683.jpg 1024w\" sizes=\"auto, (max-width: 5472px) 100vw, 5472px\" \/><\/div><\/div>[\/vc_column_inner][vc_column_inner width=&#8221;1\/2&#8243;]<div class=\"vcex-spacing wpex-w-100 wpex-clear\" style=\"height:110px;\"><\/div>[vc_column_text]\n<p style=\"text-align: justify;\">Le <em>d\u00e9shumidificateur<\/em>\u00a0<em>Meaco 20L Low Energy <\/em>offre<strong> la meilleure performance \u00e0 la plus faible <\/strong>consommation<strong> d\u2019\u00e9nergie<\/strong> et cr\u00e9e un environnement sain \u00e0 des co\u00fbts d\u2019\u00e9nergie plus faibles de 35% par rapport aux concurrentes avec la m\u00eame capacit\u00e9 de d\u00e9shumidification continu pendant 12 mois.<\/p>\n<p style=\"text-align: justify;\">En outre les d\u00e9shumidificateurs <em>Meaco 20L Low Energy<\/em>\u00a0convainquent aussi gr\u00e2ce \u00e0 leurs multiples fonctions, satisfaisant ainsi toutes les envies : un <strong>hygrostat pr\u00e9cis<\/strong> et r\u00e9glable entre 30 et 80% par incr\u00e9ments de 5%, la modalit\u00e9 d\u2019oscillation, qui distribue l\u2019air sec uniform\u00e9ment dans la pi\u00e8ce d\u2019habitation, la <strong>s\u00e9curit\u00e9 enfants<\/strong>, la fonction s\u00e8che-linge, un minuteur et <strong>un filtre HEPA<\/strong> qui garantit <strong>un air pur et un environnement sain<\/strong>.<\/p>\n[\/vc_column_text][\/vc_column_inner][\/vc_row_inner][vc_column_text]L\u2019organisation de protection des consommateurs anglais \u201e<em>Which?<\/em>\u201c \u00a0(comparable \u00e0 Stiftung Warentest) a \u00e9lu le d\u00e9shumidificateur <em>Meaco 20L Low Energy<\/em>\u00a0le vainqueur du test chaque ann\u00e9e depuis sa mise en march\u00e9 et a \u00e9mis une forte recommandation d\u2019achat\u00a0:[\/vc_column_text][\/vc_column][\/vc_row][vc_row][vc_column][vc_column_text]<em>Chris Michael<\/em>, directeur de MEACO au Royaume-Uni, explique les avantages du d\u00e9shumidificateur <em>MEACO 20L Low Energy<\/em>:[\/vc_column_text][vc_raw_html]JTNDc2NyaXB0JTIwc3JjJTNEJTIyaHR0cHMlM0ElMkYlMkZmYXN0Lndpc3RpYS5jb20lMkZlbWJlZCUyRm1lZGlhcyUyRmNwMGJidjJoNmIuanNvbnAlMjIlMjBhc3luYyUzRSUzQyUyRnNjcmlwdCUzRSUzQ3NjcmlwdCUyMHNyYyUzRCUyMmh0dHBzJTNBJTJGJTJGZmFzdC53aXN0aWEuY29tJTJGYXNzZXRzJTJGZXh0ZXJuYWwlMkZFLXYxLmpzJTIyJTIwYXN5bmMlM0UlM0MlMkZzY3JpcHQlM0UlM0NkaXYlMjBjbGFzcyUzRCUyMndpc3RpYV9yZXNwb25zaXZlX3BhZGRpbmclMjIlMjBzdHlsZSUzRCUyMnBhZGRpbmclM0E1Ni4yNSUyNSUyMDAlMjAwJTIwMCUzQnBvc2l0aW9uJTNBcmVsYXRpdmUlM0IlMjIlM0UlM0NkaXYlMjBjbGFzcyUzRCUyMndpc3RpYV9yZXNwb25zaXZlX3dyYXBwZXIlMjIlMjBzdHlsZSUzRCUyMmhlaWdodCUzQTEwMCUyNSUzQmxlZnQlM0EwJTNCcG9zaXRpb24lM0FhYnNvbHV0ZSUzQnRvcCUzQTAlM0J3aWR0aCUzQTEwMCUyNSUzQiUyMiUzRSUzQ2RpdiUyMGNsYXNzJTNEJTIyd2lzdGlhX2VtYmVkJTIwd2lzdGlhX2FzeW5jX2NwMGJidjJoNmIlMjB2aWRlb0ZvYW0lM0R0cnVlJTIyJTIwc3R5bGUlM0QlMjJoZWlnaHQlM0ExMDAlMjUlM0Jwb3NpdGlvbiUzQXJlbGF0aXZlJTNCd2lkdGglM0ExMDAlMjUlMjIlM0UlM0NkaXYlMjBjbGFzcyUzRCUyMndpc3RpYV9zd2F0Y2glMjIlMjBzdHlsZSUzRCUyMmhlaWdodCUzQTEwMCUyNSUzQmxlZnQlM0EwJTNCb3BhY2l0eSUzQTAlM0JvdmVyZmxvdyUzQWhpZGRlbiUzQnBvc2l0aW9uJTNBYWJzb2x1dGUlM0J0b3AlM0EwJTNCdHJhbnNpdGlvbiUzQW9wYWNpdHklMjAyMDBtcyUzQndpZHRoJTNBMTAwJTI1JTNCJTIyJTNFJTNDaW1nJTIwc3JjJTNEJTIyaHR0cHMlM0ElMkYlMkZmYXN0Lndpc3RpYS5jb20lMkZlbWJlZCUyRm1lZGlhcyUyRmNwMGJidjJoNmIlMkZzd2F0Y2glMjIlMjBzdHlsZSUzRCUyMmZpbHRlciUzQWJsdXIlMjg1cHglMjklM0JoZWlnaHQlM0ExMDAlMjUlM0JvYmplY3QtZml0JTNBY29udGFpbiUzQndpZHRoJTNBMTAwJTI1JTNCJTIyJTIwYWx0JTNEJTIyJTIyJTIwb25sb2FkJTNEJTIydGhpcy5wYXJlbnROb2RlLnN0eWxlLm9wYWNpdHklM0QxJTNCJTIyJTIwJTJGJTNFJTNDJTJGZGl2JTNFJTNDJTJGZGl2JTNFJTNDJTJGZGl2JTNFJTNDJTJGZGl2JTNF[\/vc_raw_html][vc_column_text]<span id=\"result_box\" class=\"\" lang=\"fr\"><span class=\"\">L&#8217;ing\u00e9nieur Chris Michael, directeur de MEACO, vous explique le d\u00e9shumidificateur MEACO 20L Low Energy de A \u00e0 Z.<\/span><\/span>[\/vc_column_text][\/vc_column][\/vc_row][vc_row][vc_column width=&#8221;1\/3&#8243;][\/vc_column][vc_column width=&#8221;1\/3&#8243;][vc_single_image image=&#8221;4188&#8243;][\/vc_column][vc_column width=&#8221;1\/3&#8243;][\/vc_column][\/vc_row][vc_row][vc_column]<div class=\"vcex-spacing wpex-w-100 wpex-clear\" style=\"height:20px;\"><\/div><div class=\"vcex-heading vcex-module wpex-text-2xl wpex-font-normal wpex-m-auto wpex-max-w-100 vcex-heading-plain wpex-block\"><span class=\"vcex-heading-inner wpex-inline-block wpex-clr\">Emploi<\/span><\/div><div class=\"vcex-module vcex-bullets vcex-bullets-check\">\n<ul>\n<li>Optimal pour la d\u00e9shumidification des pi\u00e8ces d\u2019habitation jusqu\u2019\u00e0 50 m\u00b2 \/ 125 m\u00b3<\/li>\n<li>Gr\u00e2ce aux filtres True HEPA int\u00e9gr\u00e9s et interchangeables ce d\u00e9shumidificateur peut \u00eatre utilis\u00e9 aussi comme purificateur d&#8217;air<\/li>\n<li>Utilisable pour soutenir le s\u00e9chage du linge dans l\u2019appartement *<\/li>\n<\/ul>\n<p>* Pour un s\u00e9chage plus rapide, on vous recommande le plus performant <a href=\"https:\/\/meaco.ch\/fr\/deshumidificateurs\/low-energy\/meaco-25l-low-energy\/\">Meaco 25L Low Energy<\/a> comme s\u00e8che-linge mobile.<\/div>[\/vc_column][\/vc_row][vc_row][vc_column]<div class=\"vcex-heading vcex-module wpex-text-2xl wpex-font-normal wpex-m-auto wpex-max-w-100 vcex-heading-plain wpex-block\"><span class=\"vcex-heading-inner wpex-inline-block wpex-clr\">Fonctionnement<\/span><\/div>[vc_column_text]Dans la vid\u00e9o suivante on expliquera, en quelques minutes, le fonctionnement du d\u00e9shumidificateur Meaco 20L Low Energy :[\/vc_column_text][vc_raw_html]JTNDc2NyaXB0JTIwc3JjJTNEJTIyaHR0cHMlM0ElMkYlMkZmYXN0Lndpc3RpYS5jb20lMkZlbWJlZCUyRm1lZGlhcyUyRnl2OTg2NnMybWIuanNvbnAlMjIlMjBhc3luYyUzRSUzQyUyRnNjcmlwdCUzRSUzQ3NjcmlwdCUyMHNyYyUzRCUyMmh0dHBzJTNBJTJGJTJGZmFzdC53aXN0aWEuY29tJTJGYXNzZXRzJTJGZXh0ZXJuYWwlMkZFLXYxLmpzJTIyJTIwYXN5bmMlM0UlM0MlMkZzY3JpcHQlM0UlM0NkaXYlMjBjbGFzcyUzRCUyMndpc3RpYV9yZXNwb25zaXZlX3BhZGRpbmclMjIlMjBzdHlsZSUzRCUyMnBhZGRpbmclM0E1Ni4yNSUyNSUyMDAlMjAwJTIwMCUzQnBvc2l0aW9uJTNBcmVsYXRpdmUlM0IlMjIlM0UlM0NkaXYlMjBjbGFzcyUzRCUyMndpc3RpYV9yZXNwb25zaXZlX3dyYXBwZXIlMjIlMjBzdHlsZSUzRCUyMmhlaWdodCUzQTEwMCUyNSUzQmxlZnQlM0EwJTNCcG9zaXRpb24lM0FhYnNvbHV0ZSUzQnRvcCUzQTAlM0J3aWR0aCUzQTEwMCUyNSUzQiUyMiUzRSUzQ2RpdiUyMGNsYXNzJTNEJTIyd2lzdGlhX2VtYmVkJTIwd2lzdGlhX2FzeW5jX3l2OTg2NnMybWIlMjB2aWRlb0ZvYW0lM0R0cnVlJTIyJTIwc3R5bGUlM0QlMjJoZWlnaHQlM0ExMDAlMjUlM0J3aWR0aCUzQTEwMCUyNSUyMiUzRSUyNm5ic3AlM0IlM0MlMkZkaXYlM0UlM0MlMkZkaXYlM0UlM0MlMkZkaXYlM0U=[\/vc_raw_html]<div class=\"vcex-spacing wpex-w-100 wpex-clear\" style=\"height:10px;\"><\/div>[vc_column_text]Ce d\u00e9shumidificateur de 20 litres fonctionne comme chaque d\u00e9shumidificateur traditionnel, c\u2019est-\u00e0-dire, selon le principe de la condensation. L\u2019air humide est aspir\u00e9 \u00e0 l\u2019arri\u00e8re du d\u00e9shumidificateur dans le filtre et puis il se condense, se transforme en eau qui coule dans le r\u00e9cipient ou dans le tuyau (fourni avec l\u2019appareil) pour le drainage continu.. L\u2019air sec et propre est lib\u00e9r\u00e9 dans la pi\u00e8ce.[\/vc_column_text][\/vc_column][\/vc_row][vc_row][vc_column]<div class=\"vcex-heading vcex-module wpex-text-2xl wpex-font-normal wpex-m-auto wpex-max-w-100 vcex-heading-plain wpex-block\"><span class=\"vcex-heading-inner wpex-inline-block wpex-clr\">Dispositif de contr\u00f4le<\/span><\/div>[vc_column_text]Dispositif de contr\u00f4le simple et conviviale, compos\u00e9 de touches sensibles \u00e0 la pression:[\/vc_column_text][vc_row_inner][vc_column_inner width=&#8221;2\/3&#8243;][vc_single_image image=&#8221;1023&#8243;][\/vc_column_inner][vc_column_inner width=&#8221;1\/3&#8243;]<div class=\"vcex-spacing wpex-w-100 wpex-clear\" style=\"height:40px;\"><\/div>[vc_column_text]\n<ol>\n<li>Choix de la vitesse de la ventilation<\/li>\n<li>Indicateur de la ventilation choisie<\/li>\n<li>Indicateur minuteur<\/li>\n<li>Indicateur pour le r\u00e9servoir d\u2019eau plein<\/li>\n<li>Touche marche\/ arr\u00eat<\/li>\n<li>R\u00e9glage de la sortie d\u2019air (modalit\u00e9 d\u2019oscillation)<\/li>\n<li>Touches pour r\u00e9gler l\u2019humidit\u00e9 rel. souhait\u00e9e dans la chambre (en incr\u00e9ments de 5%)<\/li>\n<li>Touche minuteur<\/li>\n<\/ol>\n[\/vc_column_text][\/vc_column_inner][\/vc_row_inner][\/vc_column][\/vc_row][vc_row][vc_column]<div class=\"vcex-heading vcex-module wpex-text-2xl wpex-font-normal wpex-m-auto wpex-max-w-100 vcex-heading-plain wpex-block\"><span class=\"vcex-heading-inner wpex-inline-block wpex-clr\">\u00c9coulement de l\u2019eau condens\u00e9e<\/span><\/div>[vc_column_text]L\u2019eau est recueillie dans le r\u00e9servoir. Quand il est plein, l\u2019indicateur vous signalera qu\u2019il doit \u00eatre vid\u00e9. La d\u00e9shumidification s\u2019interrompt quand le r\u00e9servoir est plein pour \u00e9viter que l\u2019eau d\u00e9borde. Le r\u00e9servoir doit \u00eatre vid\u00e9 tous les jours ou toutes les semaines, cela d\u00e9pend de l\u2019humidit\u00e9 dans la pi\u00e8ce. Vous pouvez \u00e9galement utiliser un tuyau , ce qui vous permet de d\u00e9shumidifier la chambre pendant de longues p\u00e9riodes d\u2019absence (par exemple pendant les vacances). Le tuyau est reli\u00e9 \u00e0 l\u2019arri\u00e8re du d\u00e9shumidificateur et doit avoir une l\u00e9g\u00e8re pente vers le bas pour \u00e9viter un reflux de l\u2019eau de condensation.[\/vc_column_text][\/vc_column][\/vc_row][vc_row][vc_column]<div class=\"vcex-heading vcex-module wpex-text-2xl wpex-font-normal wpex-m-auto wpex-max-w-100 vcex-heading-plain wpex-block\"><span class=\"vcex-heading-inner wpex-inline-block wpex-clr\">S\u00e9chage du linge<\/span><\/div>[vc_column_text]L\u2019air sec l\u00e9g\u00e8rement chauff\u00e9 sort du c\u00f4t\u00e9 sup\u00e9rieur et c\u2019est pour cette raison que ce d\u00e9shumidificateur est id\u00e9al pour acc\u00e9l\u00e9rer le s\u00e9chage du linge avec un \u00e9tendoir. Pour s\u00e9cher le linge plus rapidement, on vous recommande un d\u00e9shumidificateur plus puissante tel que le Meaco 25L Low Energy comme s\u00e8che-linge mobile.[\/vc_column_text][\/vc_column][\/vc_row][vc_row][vc_column width=&#8221;1\/2&#8243;]<div class=\"vcex-heading vcex-module wpex-text-2xl wpex-font-normal wpex-m-auto wpex-max-w-100 vcex-heading-plain wpex-block\"><span class=\"vcex-heading-inner wpex-inline-block wpex-clr\">Avantages<\/span><\/div><div class=\"vcex-spacing wpex-w-100 wpex-clear\" style=\"height:20px;\"><\/div><div class=\"vcex-module vcex-bullets vcex-bullets-check\">\n<ul>\n<li>Pr\u00e9vient l\u2019odeur de renferm\u00e9 et de moisi<\/li>\n<li>Emp\u00eache la formation de moisissure aux murs<\/li>\n<li>Prot\u00e8ge vos fournitures, meubles et v\u00eatements etc. des d\u00e9g\u00e2ts \u00a0dus \u00e0 l\u2019humidit\u00e9<\/li>\n<li>Prot\u00e8ge la structure du b\u00e2timent des d\u00e9g\u00e2ts dus \u00e0 l\u2019humidit\u00e9<\/li>\n<li>Excellente efficacit\u00e9 \u00e9nerg\u00e9tique (consommation d\u2019\u00e9nergie tr\u00e8s basse)<\/li>\n<li>Dispositif de contr\u00f4le tr\u00e8s simple avec des grandes touches<\/li>\n<li>Minuteur<\/li>\n<\/ul>\n<\/div><div class=\"vcex-heading vcex-module wpex-text-2xl wpex-font-normal wpex-m-auto wpex-max-w-100 vcex-heading-plain wpex-block\"><span class=\"vcex-heading-inner wpex-inline-block wpex-clr\">Conclusion<\/span><\/div>[vc_column_text]Le <em>Meaco 20L Low Energy\u00a0<\/em>est le triple vainqueur du test des d\u00e9shumidificateurs et par cons\u00e9quent le d\u00e9shumidificateur le plus \u00e9conome en \u00e9nergie de sa cat\u00e9gorie, avec multiples possibilit\u00e9 d\u2019emploi, facile \u00e0 utiliser et avec un design classique. Id\u00e9al pour la d\u00e9shumidification des pi\u00e8ces d\u2019habitation jusqu\u2019\u00e0 50 m\u00b2.<\/p>\n<p>Le d\u00e9shumidificateur Meaco 20L Low Energy offre \u00a0la meilleure performance \u00e0 la plus faible consommation d\u2019\u00e9nergie \u00a0et cr\u00e9e un environnement sain \u00e0 des co\u00fbts d\u2019\u00e9nergie plus faibles de 35% par rapport aux concurrentes.[\/vc_column_text][\/vc_column][vc_column width=&#8221;1\/2&#8243;][vc_single_image image=&#8221;2285&#8243;][\/vc_column][\/vc_row][vc_row][vc_column]<div class=\"vcex-heading vcex-module wpex-text-2xl wpex-font-normal wpex-m-auto wpex-max-w-100 vcex-heading-plain wpex-block\"><span class=\"vcex-heading-inner wpex-inline-block wpex-clr\">Autofinancement<\/span><\/div>[vc_row_inner][vc_column_inner width=&#8221;1\/2&#8243;][vc_single_image image=&#8221;2118&#8243; img_size=&#8221;medium&#8221;][\/vc_column_inner][vc_column_inner width=&#8221;1\/2&#8243;]<div class=\"vcex-spacing wpex-w-100 wpex-clear\" style=\"height:20px;\"><\/div>[vc_column_text]Autofinancement : Le d\u00e9shumidificateur \u00a0<em>Meaco 20L Low Energy<\/em>\u00a0sera rentabilis\u00e9 en quelque mois gr\u00e2ce aux \u00e9conomies en co\u00fbts d\u2019\u00e9nergie. Vous \u00e9conomisez CHF 296.- en frais d\u2019\u00e9lectricit\u00e9 par an* si vous utilisez le <em>Meaco 20L Low Energy<\/em> au lieu d\u2019un d\u00e9shumidificateur de 20 litres classique.<\/p>\n<p><strong>En seulement 19 mois, vous aurez compl\u00e8tement r\u00e9cup\u00e9r\u00e9 l\u2019investissement de CHF 449.-<\/strong><\/p>\n<p><small>* Par rapport aux concurrents avec la m\u00eame capacit\u00e9 de d\u00e9shumidification continu pendant 12 mois.<\/small>[\/vc_column_text][\/vc_column_inner][\/vc_row_inner][\/vc_column][\/vc_row][vc_row][vc_column]<div class=\"vcex-heading vcex-module wpex-text-2xl wpex-font-normal wpex-m-auto wpex-max-w-100 vcex-heading-plain wpex-block\"><span class=\"vcex-heading-inner wpex-inline-block wpex-clr\">Donn\u00e9es techniques<\/span><\/div>[vc_table vc_table_theme=&#8221;classic_green&#8221;]Meaco%2012L%20Low%20Energy,|Pour%20appartements%20jusqu%E2%80%99%C3%A0%20,50%20m%C2%B2%20%2F%20125%20m%C2%B2|Capacit%C3%A9%20de%20d%C3%A9shumidification,20%20litres%20par%20jour%20(%C3%A0%2030%20%C2%B0C%20%2F%2080%25%20humidit%C3%A9%20rel.)|Hygrostat,Oui%2C%20%C3%A9lectronique|Contr%C3%B4le%20%C3%A9lectronique,Oui|Filtre%20%C3%A0%20air,Oui|Nombre%20de%20niveaux%20de%20ventilation,2|D%C3%A9bit%20d%E2%80%99air%20%20,160%20m%C2%B3%2Fh|%C3%89vacuation%20directe%20%3A,Possible|R%C3%A9servoir%20d%E2%80%99eau,6%20litres%20avec%20affichage%20|Bruit%20de%20fonctionnement%20au%20niveau%20de%20puissance,max.%2046%20dB(A)|Temp%C3%A9rature,5%C2%B0%20-%2035%20%C2%B0C|Alimentation%20secteur,220%20%E2%80%93%20240%20V%20%2F%2050%20Hz|Consommation,255%20Watt|Compresseur,Rotation|R%C3%A9frig%C3%A9rant%20,R134a%20(145%20g)|D%C3%A9givrage%20automatique,Oui|Dimension%20(hauteur%20x%20largeur%20x%20profondeur),595%20x%20385%20x%20290%20mm|Poids,12.6%20kg[\/vc_table][\/vc_column][\/vc_row][vc_row][vc_column][vc_column_text]\n<h3>Prix : CHF 449.-<\/h3>\n<p>PVC TVA incl. envoi en sus[\/vc_column_text][\/vc_column][\/vc_row][vc_row][vc_column]<div class=\"vcex-heading vcex-module wpex-text-2xl wpex-font-normal wpex-m-auto wpex-max-w-100 vcex-heading-plain wpex-block\"><span class=\"vcex-heading-inner wpex-inline-block wpex-clr\">O\u00f9 acheter?<\/span><\/div><div class=\"vcex-spacing wpex-w-100 wpex-clear\"><\/div>[vc_row_inner][vc_column_inner width=&#8221;1\/3&#8243;][vc_single_image image=&#8221;2003&#8243; img_size=&#8221;medium&#8221; onclick=&#8221;custom_link&#8221; img_link_target=&#8221;_blank&#8221; css=&#8221;&#8221; link=&#8221;https:\/\/ecofort.ch\/fr\/collections\/meaco&#8221;]<div class=\"vcex-module vcex-bullets vcex-bullets-check\">\n<ul>\n<li>Disponible dans la boutique en ligne ecofort et dans le magasin \u00e0 Nidau<\/li>\n<li><span id=\"result_box\" class=\"short_text\" lang=\"fr\">Livraison gratuite<\/span><\/li>\n<\/ul>\n<\/div><a href=\"https:\/\/ecofort.ch\/fr\/collections\/meaco\" title=\"ecofort AG\" class=\"vcex-button theme-button inline\" target=\"_blank\" rel=\"noopener noreferrer\"><span class=\"theme-button-inner\">D\u00e9couvrez MEACO chez ecofort<\/span><\/a> [\/vc_column_inner][\/vc_row_inner][\/vc_column][\/vc_row]\n<\/div>","protected":false},"excerpt":{"rendered":"<p>[vc_row][vc_column][vc_row_inner][vc_column_inner width=&#8221;1\/2&#8243;][\/vc_column_inner][vc_column_inner width=&#8221;1\/2&#8243;][vc_column_text] Le d\u00e9shumidificateur\u00a0Meaco 20L Low Energy offre la meilleure performance \u00e0 la plus faible consommation d\u2019\u00e9nergie et cr\u00e9e un environnement sain \u00e0 des co\u00fbts d\u2019\u00e9nergie plus faibles de 35% par rapport aux concurrentes avec la m\u00eame capacit\u00e9 de d\u00e9shumidification continu pendant 12 mois. En outre les d\u00e9shumidificateurs Meaco 20L Low Energy\u00a0convainquent aussi gr\u00e2ce&hellip;<\/p>\n","protected":false},"author":8,"featured_media":0,"parent":2126,"menu_order":2,"comment_status":"open","ping_status":"open","template":"","meta":{"footnotes":""},"class_list":["post-2174","page","type-page","status-publish","hentry","entry","no-media"],"aioseo_notices":[],"_links":{"self":[{"href":"https:\/\/meaco.ch\/fr\/wp-json\/wp\/v2\/pages\/2174","targetHints":{"allow":["GET"]}}],"collection":[{"href":"https:\/\/meaco.ch\/fr\/wp-json\/wp\/v2\/pages"}],"about":[{"href":"https:\/\/meaco.ch\/fr\/wp-json\/wp\/v2\/types\/page"}],"author":[{"embeddable":true,"href":"https:\/\/meaco.ch\/fr\/wp-json\/wp\/v2\/users\/8"}],"replies":[{"embeddable":true,"href":"https:\/\/meaco.ch\/fr\/wp-json\/wp\/v2\/comments?post=2174"}],"version-history":[{"count":22,"href":"https:\/\/meaco.ch\/fr\/wp-json\/wp\/v2\/pages\/2174\/revisions"}],"predecessor-version":[{"id":4587,"href":"https:\/\/meaco.ch\/fr\/wp-json\/wp\/v2\/pages\/2174\/revisions\/4587"}],"up":[{"embeddable":true,"href":"https:\/\/meaco.ch\/fr\/wp-json\/wp\/v2\/pages\/2126"}],"wp:attachment":[{"href":"https:\/\/meaco.ch\/fr\/wp-json\/wp\/v2\/media?parent=2174"}],"curies":[{"name":"wp","href":"https:\/\/api.w.org\/{rel}","templated":true}]}}