{"id":3306,"date":"2020-05-11T15:43:10","date_gmt":"2020-05-11T14:43:10","guid":{"rendered":"https:\/\/meaco.ch\/deshumidificateurs\/meaco-powerdry\/"},"modified":"2025-02-20T14:48:22","modified_gmt":"2025-02-20T13:48:22","slug":"meaco-powerdry","status":"publish","type":"page","link":"https:\/\/meaco.ch\/fr\/deshumidificateurs\/meaco-powerdry\/","title":{"rendered":"MEACO PowerDry S\u00e8che-linge &#038; d\u00e9shumidificateur de piscine"},"content":{"rendered":"<div class=\"wpb-content-wrapper\">[vc_row][vc_column]<div class=\"vcex-heading vcex-module wpex-text-2xl wpex-font-normal wpex-m-auto wpex-max-w-100 vcex-heading-plain wpex-block\"><span class=\"vcex-heading-inner wpex-inline-block wpex-clr\">MEACO PowerDry s\u00e8che-linge &amp; d\u00e9shumidificateur de piscine<\/span><\/div>[vc_row_inner][vc_column_inner width=&#8221;1\/3&#8243;]<div class=\"vcex-spacing wpex-w-100 wpex-clear\" style=\"height:20px;\"><\/div><figure class=\"vcex-module vcex-image-swap wpex-block wpex-relative wpex-mx-auto wpex-max-w-100 wpex-overflow-hidden wpex-clr\"><img decoding=\"async\" width=\"2381\" height=\"1404\" src=\"https:\/\/meaco.ch\/wp-content\/uploads\/2020\/05\/meaco_powerdry_00.jpg\" class=\"vcex-image-swap-primary wpex-block wpex-relative wpex-z-5 wpex-w-100 wpex-overflow-hidden wpex-transition-opacity wpex-duration-300\" alt=\"Meaco PowerDry W\u00e4schetrockner \/ Schwimmbadentfeuchter\" loading=\"lazy\" srcset=\"https:\/\/meaco.ch\/wp-content\/uploads\/2020\/05\/meaco_powerdry_00.jpg 2381w, https:\/\/meaco.ch\/wp-content\/uploads\/2020\/05\/meaco_powerdry_00-300x177.jpg 300w, https:\/\/meaco.ch\/wp-content\/uploads\/2020\/05\/meaco_powerdry_00-768x453.jpg 768w, https:\/\/meaco.ch\/wp-content\/uploads\/2020\/05\/meaco_powerdry_00-1024x604.jpg 1024w\" sizes=\"auto, (max-width: 2381px) 100vw, 2381px\" \/><img decoding=\"async\" width=\"2381\" height=\"1404\" src=\"https:\/\/meaco.ch\/wp-content\/uploads\/2020\/05\/meaco_powerdry_04.jpg\" class=\"vcex-image-swap-secondary wpex-block wpex-absolute wpex-inset-0 wpex-z-1 wpex-w-100 wpex-overflow-hidden\" alt=\"Meaco PowerDry W\u00e4schetrockner \/ Schwimmbadentfeuchter\" loading=\"lazy\" srcset=\"https:\/\/meaco.ch\/wp-content\/uploads\/2020\/05\/meaco_powerdry_04.jpg 2381w, https:\/\/meaco.ch\/wp-content\/uploads\/2020\/05\/meaco_powerdry_04-300x177.jpg 300w, https:\/\/meaco.ch\/wp-content\/uploads\/2020\/05\/meaco_powerdry_04-768x453.jpg 768w, https:\/\/meaco.ch\/wp-content\/uploads\/2020\/05\/meaco_powerdry_04-1024x604.jpg 1024w\" sizes=\"auto, (max-width: 2381px) 100vw, 2381px\" \/><\/figure>[\/vc_column_inner][vc_column_inner width=&#8221;2\/3&#8243;]<div class=\"vcex-spacing wpex-w-100 wpex-clear\" style=\"height:20px;\"><\/div>[vc_column_text]Les <strong>Meaco PowerDry<\/strong> sont des d\u00e9shumidificateurs, respectivement des s\u00e9cheurs d&#8217;air extr\u00eamement puissants adapt\u00e9s au montage mural. Ils conviennent \u00e0 la fois comme <strong>d\u00e9shumidificateurs de piscine<\/strong> et comme <strong>s\u00e8che\u2013linge<\/strong> pour les grands besoins de s\u00e9chage.<\/p>\n<p>L&#8217;op\u00e9ration tr\u00e8s silencieuse, la conception plate avec une fa\u00e7ade en verre \u00e9l\u00e9gante et la commande tactile int\u00e9gr\u00e9e rendent le Meaco PowerDry unique et incomparable.<\/p>\n<p>Meaco PowerDry est disponible en 3 versions et chacune avec une face avant en verre blanc ou noir.[\/vc_column_text][\/vc_column_inner][\/vc_row_inner][\/vc_column][\/vc_row][vc_row][vc_column][vc_column_text]Regardez la courte introduction de <em>Meaco PowerDry<\/em> dans la vid\u00e9o suivante :[\/vc_column_text][vc_raw_html css=&#8221;&#8221;]JTNDc2NyaXB0JTIwc3JjJTNEJTIyaHR0cHMlM0ElMkYlMkZmYXN0Lndpc3RpYS5jb20lMkZlbWJlZCUyRm1lZGlhcyUyRjY0NDF5bmlpbjguanNvbnAlMjIlMjBhc3luYyUzRSUzQyUyRnNjcmlwdCUzRSUzQ3NjcmlwdCUyMHNyYyUzRCUyMmh0dHBzJTNBJTJGJTJGZmFzdC53aXN0aWEuY29tJTJGYXNzZXRzJTJGZXh0ZXJuYWwlMkZFLXYxLmpzJTIyJTIwYXN5bmMlM0UlM0MlMkZzY3JpcHQlM0UlM0NkaXYlMjBjbGFzcyUzRCUyMndpc3RpYV9yZXNwb25zaXZlX3BhZGRpbmclMjIlMjBzdHlsZSUzRCUyMnBhZGRpbmclM0E1Ni4yNSUyNSUyMDAlMjAwJTIwMCUzQnBvc2l0aW9uJTNBcmVsYXRpdmUlM0IlMjIlM0UlM0NkaXYlMjBjbGFzcyUzRCUyMndpc3RpYV9yZXNwb25zaXZlX3dyYXBwZXIlMjIlMjBzdHlsZSUzRCUyMmhlaWdodCUzQTEwMCUyNSUzQmxlZnQlM0EwJTNCcG9zaXRpb24lM0FhYnNvbHV0ZSUzQnRvcCUzQTAlM0J3aWR0aCUzQTEwMCUyNSUzQiUyMiUzRSUzQ2RpdiUyMGNsYXNzJTNEJTIyd2lzdGlhX2VtYmVkJTIwd2lzdGlhX2FzeW5jXzY0NDF5bmlpbjglMjB2aWRlb0ZvYW0lM0R0cnVlJTIyJTIwc3R5bGUlM0QlMjJoZWlnaHQlM0ExMDAlMjUlM0Jwb3NpdGlvbiUzQXJlbGF0aXZlJTNCd2lkdGglM0ExMDAlMjUlMjIlM0UlM0NkaXYlMjBjbGFzcyUzRCUyMndpc3RpYV9zd2F0Y2glMjIlMjBzdHlsZSUzRCUyMmhlaWdodCUzQTEwMCUyNSUzQmxlZnQlM0EwJTNCb3BhY2l0eSUzQTAlM0JvdmVyZmxvdyUzQWhpZGRlbiUzQnBvc2l0aW9uJTNBYWJzb2x1dGUlM0J0b3AlM0EwJTNCdHJhbnNpdGlvbiUzQW9wYWNpdHklMjAyMDBtcyUzQndpZHRoJTNBMTAwJTI1JTNCJTIyJTNFJTNDaW1nJTIwc3JjJTNEJTIyaHR0cHMlM0ElMkYlMkZmYXN0Lndpc3RpYS5jb20lMkZlbWJlZCUyRm1lZGlhcyUyRjY0NDF5bmlpbjglMkZzd2F0Y2glMjIlMjBzdHlsZSUzRCUyMmZpbHRlciUzQWJsdXIlMjg1cHglMjklM0JoZWlnaHQlM0ExMDAlMjUlM0JvYmplY3QtZml0JTNBY29udGFpbiUzQndpZHRoJTNBMTAwJTI1JTNCJTIyJTIwYWx0JTNEJTIyJTIyJTIwYXJpYS1oaWRkZW4lM0QlMjJ0cnVlJTIyJTIwb25sb2FkJTNEJTIydGhpcy5wYXJlbnROb2RlLnN0eWxlLm9wYWNpdHklM0QxJTNCJTIyJTIwJTJGJTNFJTNDJTJGZGl2JTNFJTNDJTJGZGl2JTNFJTNDJTJGZGl2JTNFJTNDJTJGZGl2JTNF[\/vc_raw_html][\/vc_column][\/vc_row][vc_row][vc_column]<div class=\"vcex-heading vcex-module wpex-text-2xl wpex-font-normal wpex-m-auto wpex-max-w-100 vcex-heading-plain wpex-block\" style=\"font-size:16px;\"><span class=\"vcex-heading-inner wpex-inline-block wpex-clr\">Domaines d\u2019application<\/span><\/div>[vc_column_text]Les s\u00e9cheurs d&#8217;air <em>Meaco PowerDry<\/em> peuvent \u00eatre utilis\u00e9s de diff\u00e9rentes mani\u00e8res :[\/vc_column_text][vc_empty_space height=&#8221;20px&#8221;][vc_row_inner][vc_column_inner width=&#8221;1\/3&#8243;]<div class=\"vcex-heading vcex-module wpex-text-2xl wpex-font-normal wpex-m-auto wpex-max-w-100 vcex-heading-plain wpex-block\" style=\"font-size:14px;\"><span class=\"vcex-heading-inner wpex-inline-block wpex-clr\">D\u00e9shumidificateur pour grandes pi\u00e8ces<\/span><\/div><div class=\"vcex-spacing wpex-w-100 wpex-clear\" style=\"height:20px;\"><\/div><div class=\"vcex-module vcex-bullets vcex-bullets-check\">\n<ul>\n<li>Bureaux ouverts<\/li>\n<li>Chambres repr\u00e9sentatives<\/li>\n<li>Mus\u00e9es, archives<\/li>\n<li>Grandes salles de serveurs<\/li>\n<li>Syst\u00e8mes de protection civile<\/li>\n<li>Production, entrep\u00f4ts<\/li>\n<\/ul>\n<\/div>[\/vc_column_inner][vc_column_inner width=&#8221;1\/3&#8243;]<div class=\"vcex-heading vcex-module wpex-text-2xl wpex-font-normal wpex-m-auto wpex-max-w-100 vcex-heading-plain wpex-block\" style=\"font-size:14px;\"><span class=\"vcex-heading-inner wpex-inline-block wpex-clr\">S\u00e9cheurs d\u2019air<\/span><\/div><div class=\"vcex-spacing wpex-w-100 wpex-clear\" style=\"height:20px;\"><\/div><div class=\"vcex-module vcex-bullets vcex-bullets-check\">\n<ul>\n<li>Buanderie dans les maisons individuelles<\/li>\n<li>Salles de s\u00e9chage dans les copropri\u00e9t\u00e9s<\/li>\n<li>S\u00e9chage professionnel du linge<\/li>\n<li>S\u00e9chage du linge dans les h\u00f4tels<\/li>\n<\/ul>\n<\/div>[\/vc_column_inner][vc_column_inner width=&#8221;1\/3&#8243;]<div class=\"vcex-heading vcex-module wpex-text-2xl wpex-font-normal wpex-m-auto wpex-max-w-100 vcex-heading-plain wpex-block\" style=\"font-size:14px;\"><span class=\"vcex-heading-inner wpex-inline-block wpex-clr\">D\u00e9shumidificateurs de piscine<\/span><\/div><div class=\"vcex-spacing wpex-w-100 wpex-clear\" style=\"height:20px;\"><\/div><div class=\"vcex-module vcex-bullets vcex-bullets-check\">\n<ul>\n<li>Piscines (priv\u00e9es)<\/li>\n<li>Piscines couvertes (publiques)<\/li>\n<li>SPA et espaces bien-\u00eatre<\/li>\n<li>Salles de fitness<\/li>\n<li>Sauna et Hammam<\/li>\n<\/ul>\n<\/div>[\/vc_column_inner][\/vc_row_inner][\/vc_column][\/vc_row][vc_row][vc_column]<div class=\"vcex-heading vcex-module wpex-text-2xl wpex-font-normal wpex-m-auto wpex-max-w-100 vcex-heading-plain wpex-block\" style=\"font-size:16px;\"><span class=\"vcex-heading-inner wpex-inline-block wpex-clr\">Mod\u00e8les<\/span><\/div>[vc_column_text]Chaque version de MEACO PowerDry est disponible en blanc ou en noir :[\/vc_column_text][vc_table vc_table_theme=&#8221;classic_green&#8221; allow_html=&#8221;1&#8243;],Meaco%20PowerDry%2053L,Meaco%20PowerDry%2084L,Meaco%20PowerDry%20108L|Efficacit%C3%A9%20de%20d%C3%A9shumidification%20%C3%A0%2030%20%C2%B0C%20%2F%2080%25%20h.r.,52.8%20litres%20%2F%20jour,81.6%20litres%20%2F%20jour,90%20litres%20%2F%20jour|Consommation%20d&#8217;%C3%A9nergie%20%C3%A0%2020%20%C2%B0C%20%2F%2060%25%20h.r.,660%20W,1095%20W,1700%20W|Efficacit%C3%A9%20du%20s%C3%A9choir,2%20kg%2Fheure%3Cbr%20%2F%3E10%20kg%2F5%20heures,3%20kg%2Fheure%3Cbr%20%2F%3E15%20kg%2F5%20heures,4%20kg%2Fheure%3Cbr%20%2F%3E20%20kg%2F5%20heures|D%C3%A9bit%20d%E2%80%99air,450%20m%C2%B3%20%2F%20h%20,600%20m%C2%B3%20%2F%20h%20,750%20m%C2%B3%20%2F%20h|Niveau%20du%20bruit,44%20dB(A)%20,46%20dB(A)%20,48%20dB(A)|Dimensions%20L%20x%20H%20x%20P,1295%20x%20647%20x%20202%20mm%20,1543%20x%20790%20x%20248%20mm,1743%20x%20790%20x%20248%20mm|Poids,59%20kg%20,77%C2%A0kg,82%20kg[\/vc_table][\/vc_column][\/vc_row][vc_row][vc_column]<div class=\"vcex-image-grid-wrap wpex-clr\"><div class=\"vcex-module vcex-image-grid wpex-clr grid-style-default wpex-row wpex-lightbox-group\"><div class=\"id-4008 vcex-image-grid-entry vcex-grid-item textcenter span_1_of_4 col col-1\"><figure class=\"vcex-image-grid-entry-figure wpex-last-mb-0 wpex-clr\"><div class=\"vcex-image-grid-entry-img entry-media wpex-mb-20\"><a href=\"https:\/\/meaco.ch\/wp-content\/uploads\/2020\/05\/meaco_powerdry_06.jpg\" class=\"vcex-image-grid-entry-img wpex-lightbox-group-item\" ><img decoding=\"async\" width=\"2373\" height=\"1780\" src=\"https:\/\/meaco.ch\/wp-content\/uploads\/2020\/05\/meaco_powerdry_06.jpg\" class=\"wpex-align-middle\" alt=\"\" loading=\"lazy\" srcset=\"https:\/\/meaco.ch\/wp-content\/uploads\/2020\/05\/meaco_powerdry_06.jpg 2373w, https:\/\/meaco.ch\/wp-content\/uploads\/2020\/05\/meaco_powerdry_06-300x225.jpg 300w, https:\/\/meaco.ch\/wp-content\/uploads\/2020\/05\/meaco_powerdry_06-768x576.jpg 768w, https:\/\/meaco.ch\/wp-content\/uploads\/2020\/05\/meaco_powerdry_06-1024x768.jpg 1024w\" sizes=\"auto, (max-width: 2373px) 100vw, 2373px\" \/><\/a><\/div><\/figure><\/div><div class=\"id-3998 vcex-image-grid-entry vcex-grid-item textcenter span_1_of_4 col col-2\"><figure class=\"vcex-image-grid-entry-figure wpex-last-mb-0 wpex-clr\"><div class=\"vcex-image-grid-entry-img entry-media wpex-mb-20\"><a href=\"https:\/\/meaco.ch\/wp-content\/uploads\/2020\/05\/meaco_powerdry_02.jpg\" class=\"vcex-image-grid-entry-img wpex-lightbox-group-item\" ><img decoding=\"async\" width=\"2381\" height=\"1786\" src=\"https:\/\/meaco.ch\/wp-content\/uploads\/2020\/05\/meaco_powerdry_02.jpg\" class=\"wpex-align-middle\" alt=\"\" loading=\"lazy\" srcset=\"https:\/\/meaco.ch\/wp-content\/uploads\/2020\/05\/meaco_powerdry_02.jpg 2381w, https:\/\/meaco.ch\/wp-content\/uploads\/2020\/05\/meaco_powerdry_02-300x225.jpg 300w, https:\/\/meaco.ch\/wp-content\/uploads\/2020\/05\/meaco_powerdry_02-768x576.jpg 768w, https:\/\/meaco.ch\/wp-content\/uploads\/2020\/05\/meaco_powerdry_02-1024x768.jpg 1024w\" sizes=\"auto, (max-width: 2381px) 100vw, 2381px\" \/><\/a><\/div><\/figure><\/div><div class=\"id-4010 vcex-image-grid-entry vcex-grid-item textcenter span_1_of_4 col col-3\"><figure class=\"vcex-image-grid-entry-figure wpex-last-mb-0 wpex-clr\"><div class=\"vcex-image-grid-entry-img entry-media wpex-mb-20\"><a href=\"https:\/\/meaco.ch\/wp-content\/uploads\/2020\/05\/meaco_powerdry_07.jpg\" class=\"vcex-image-grid-entry-img wpex-lightbox-group-item\" ><img decoding=\"async\" width=\"1777\" height=\"2369\" src=\"https:\/\/meaco.ch\/wp-content\/uploads\/2020\/05\/meaco_powerdry_07.jpg\" class=\"wpex-align-middle\" alt=\"\" loading=\"lazy\" srcset=\"https:\/\/meaco.ch\/wp-content\/uploads\/2020\/05\/meaco_powerdry_07.jpg 1777w, https:\/\/meaco.ch\/wp-content\/uploads\/2020\/05\/meaco_powerdry_07-225x300.jpg 225w, https:\/\/meaco.ch\/wp-content\/uploads\/2020\/05\/meaco_powerdry_07-768x1024.jpg 768w\" sizes=\"auto, (max-width: 1777px) 100vw, 1777px\" \/><\/a><\/div><\/figure><\/div><div class=\"id-4002 vcex-image-grid-entry vcex-grid-item textcenter span_1_of_4 col col-4\"><figure class=\"vcex-image-grid-entry-figure wpex-last-mb-0 wpex-clr\"><div class=\"vcex-image-grid-entry-img entry-media wpex-mb-20\"><a href=\"https:\/\/meaco.ch\/wp-content\/uploads\/2020\/05\/meaco_powerdry_03_cropped.jpg\" class=\"vcex-image-grid-entry-img wpex-lightbox-group-item\" ><img decoding=\"async\" width=\"544\" height=\"784\" src=\"https:\/\/meaco.ch\/wp-content\/uploads\/2020\/05\/meaco_powerdry_03_cropped.jpg\" class=\"wpex-align-middle\" alt=\"\" loading=\"lazy\" srcset=\"https:\/\/meaco.ch\/wp-content\/uploads\/2020\/05\/meaco_powerdry_03_cropped.jpg 544w, https:\/\/meaco.ch\/wp-content\/uploads\/2020\/05\/meaco_powerdry_03_cropped-208x300.jpg 208w\" sizes=\"auto, (max-width: 544px) 100vw, 544px\" \/><\/a><\/div><\/figure><\/div><div class=\"id-3994 vcex-image-grid-entry vcex-grid-item textcenter span_1_of_4 col col-1\"><figure class=\"vcex-image-grid-entry-figure wpex-last-mb-0 wpex-clr\"><div class=\"vcex-image-grid-entry-img entry-media wpex-mb-20\"><a href=\"https:\/\/meaco.ch\/wp-content\/uploads\/2020\/05\/meaco_powerdry_00.jpg\" class=\"vcex-image-grid-entry-img wpex-lightbox-group-item\" ><img decoding=\"async\" width=\"2381\" height=\"1404\" src=\"https:\/\/meaco.ch\/wp-content\/uploads\/2020\/05\/meaco_powerdry_00.jpg\" class=\"wpex-align-middle\" alt=\"\" loading=\"lazy\" srcset=\"https:\/\/meaco.ch\/wp-content\/uploads\/2020\/05\/meaco_powerdry_00.jpg 2381w, https:\/\/meaco.ch\/wp-content\/uploads\/2020\/05\/meaco_powerdry_00-300x177.jpg 300w, https:\/\/meaco.ch\/wp-content\/uploads\/2020\/05\/meaco_powerdry_00-768x453.jpg 768w, https:\/\/meaco.ch\/wp-content\/uploads\/2020\/05\/meaco_powerdry_00-1024x604.jpg 1024w\" sizes=\"auto, (max-width: 2381px) 100vw, 2381px\" \/><\/a><\/div><\/figure><\/div><div class=\"id-4004 vcex-image-grid-entry vcex-grid-item textcenter span_1_of_4 col col-2\"><figure class=\"vcex-image-grid-entry-figure wpex-last-mb-0 wpex-clr\"><div class=\"vcex-image-grid-entry-img entry-media wpex-mb-20\"><a href=\"https:\/\/meaco.ch\/wp-content\/uploads\/2020\/05\/meaco_powerdry_04.jpg\" class=\"vcex-image-grid-entry-img wpex-lightbox-group-item\" ><img decoding=\"async\" width=\"2381\" height=\"1404\" src=\"https:\/\/meaco.ch\/wp-content\/uploads\/2020\/05\/meaco_powerdry_04.jpg\" class=\"wpex-align-middle\" alt=\"\" loading=\"lazy\" srcset=\"https:\/\/meaco.ch\/wp-content\/uploads\/2020\/05\/meaco_powerdry_04.jpg 2381w, https:\/\/meaco.ch\/wp-content\/uploads\/2020\/05\/meaco_powerdry_04-300x177.jpg 300w, https:\/\/meaco.ch\/wp-content\/uploads\/2020\/05\/meaco_powerdry_04-768x453.jpg 768w, https:\/\/meaco.ch\/wp-content\/uploads\/2020\/05\/meaco_powerdry_04-1024x604.jpg 1024w\" sizes=\"auto, (max-width: 2381px) 100vw, 2381px\" \/><\/a><\/div><\/figure><\/div><div class=\"id-4006 vcex-image-grid-entry vcex-grid-item textcenter span_1_of_4 col col-3\"><figure class=\"vcex-image-grid-entry-figure wpex-last-mb-0 wpex-clr\"><div class=\"vcex-image-grid-entry-img entry-media wpex-mb-20\"><a href=\"https:\/\/meaco.ch\/wp-content\/uploads\/2020\/05\/meaco_powerdry_05.jpg\" class=\"vcex-image-grid-entry-img wpex-lightbox-group-item\" ><img decoding=\"async\" width=\"2381\" height=\"1786\" src=\"https:\/\/meaco.ch\/wp-content\/uploads\/2020\/05\/meaco_powerdry_05.jpg\" class=\"wpex-align-middle\" alt=\"\" loading=\"lazy\" srcset=\"https:\/\/meaco.ch\/wp-content\/uploads\/2020\/05\/meaco_powerdry_05.jpg 2381w, https:\/\/meaco.ch\/wp-content\/uploads\/2020\/05\/meaco_powerdry_05-300x225.jpg 300w, https:\/\/meaco.ch\/wp-content\/uploads\/2020\/05\/meaco_powerdry_05-768x576.jpg 768w, https:\/\/meaco.ch\/wp-content\/uploads\/2020\/05\/meaco_powerdry_05-1024x768.jpg 1024w\" sizes=\"auto, (max-width: 2381px) 100vw, 2381px\" \/><\/a><\/div><\/figure><\/div><div class=\"id-3996 vcex-image-grid-entry vcex-grid-item textcenter span_1_of_4 col col-4\"><figure class=\"vcex-image-grid-entry-figure wpex-last-mb-0 wpex-clr\"><div class=\"vcex-image-grid-entry-img entry-media wpex-mb-20\"><a href=\"https:\/\/meaco.ch\/wp-content\/uploads\/2020\/05\/meaco_powerdry_01.jpg\" class=\"vcex-image-grid-entry-img wpex-lightbox-group-item\" ><img decoding=\"async\" width=\"2381\" height=\"1786\" src=\"https:\/\/meaco.ch\/wp-content\/uploads\/2020\/05\/meaco_powerdry_01.jpg\" class=\"wpex-align-middle\" alt=\"\" loading=\"lazy\" srcset=\"https:\/\/meaco.ch\/wp-content\/uploads\/2020\/05\/meaco_powerdry_01.jpg 2381w, https:\/\/meaco.ch\/wp-content\/uploads\/2020\/05\/meaco_powerdry_01-300x225.jpg 300w, https:\/\/meaco.ch\/wp-content\/uploads\/2020\/05\/meaco_powerdry_01-768x576.jpg 768w, https:\/\/meaco.ch\/wp-content\/uploads\/2020\/05\/meaco_powerdry_01-1024x768.jpg 1024w\" sizes=\"auto, (max-width: 2381px) 100vw, 2381px\" \/><\/a><\/div><\/figure><\/div><\/div><\/div>[\/vc_column][\/vc_row][vc_row][vc_column]<div class=\"vcex-heading vcex-module wpex-text-2xl wpex-font-normal wpex-m-auto wpex-max-w-100 vcex-heading-plain wpex-block\" style=\"font-size:16px;\"><span class=\"vcex-heading-inner wpex-inline-block wpex-clr\">Donn\u00e9es techniques<\/span><\/div>[vc_table vc_table_theme=&#8221;classic_green&#8221;],Meaco%20PowerDry%2053L%20%2F%2084L%20%2F%20108L|Prise%20d%E2%80%99air,C%C3%B4t%C3%A9%20inf%C3%A9rieur%20|Sortie%20d%E2%80%99air,Face%20sup%C3%A9rieure|Drainage%20continu%20de%20l%E2%80%99eau,Oui%2C%20s%C3%A9lectionnable%20%3A%20arri%C3%A8re%20droit%20ou%20gauche|Contr%C3%B4le,Panneau%20de%20commande%20derri%C3%A8re%20la%20fa%C3%A7ade%20vitr%C3%A9e|Hygrostat%20,Oui%2C%20humidit%C3%A9%20souhait%C3%A9e%20s%C3%A9lectionnable%20entre%2030%25%20et%2099%25|Tension%20secteur,220-240%20V%20%2F%2050%20Hz|Classe%20de%20protection,IPX2|Temp%C3%A9rature%20ambiante,10%20%C2%B0C%20-%2036%20%C2%B0C|Montage%20%2F%20installation,Montage%20mural%20avec%20%C3%A9vacuation%20d&#8217;eau|R%C3%A9frig%C3%A9rant,R32|Cordon%20d%E2%80%99alimentation,1%20m%20de%20c%C3%A2ble%20(16%20A)%20sans%20fiche%20d%E2%80%99alimentation%20*[\/vc_table][vc_column_text]* Installation effectu\u00e9e par un \u00e9lectricien\/ installateur[\/vc_column_text][\/vc_column][\/vc_row][vc_row][vc_column width=&#8221;1\/2&#8243;]<div class=\"vcex-heading vcex-module wpex-text-2xl wpex-font-normal wpex-m-auto wpex-max-w-100 vcex-heading-plain wpex-block\" style=\"font-size:16px;\"><span class=\"vcex-heading-inner wpex-inline-block wpex-clr\">Conclusion<\/span><\/div>[vc_column_text]Les s\u00e9choirs muraux <em>PowerDry<\/em> sont les d\u00e9shumidificateurs les plus puissants de Meaco.\u00a0 Ils sont souvent utilis\u00e9s comme s\u00e9cheurs d\u2019air et d\u00e9shumidificateurs de piscine. La conception plate et peu encombrante et la fa\u00e7ade en verre avec commande tactile int\u00e9gr\u00e9e, ainsi que le fonctionnement silencieux caract\u00e9risent le s\u00e9cheur d\u2019air Meaco PowerDry.<\/p>\n<p>Les s\u00e9choirs muraux Meaco ne sont disponible que chez ecofort AG\u00a0: <a href=\"https:\/\/ecofort.ch\/fr\/seche-linge\/2089-meaco-powerdry.html\" target=\"_blank\" rel=\"noopener\">Meaco PowerDry chez ecofort <\/a>[\/vc_column_text][\/vc_column][vc_column width=&#8221;1\/2&#8243;]<div class=\"vcex-heading vcex-module wpex-text-2xl wpex-font-normal wpex-m-auto wpex-max-w-100 vcex-heading-plain wpex-block\" style=\"font-size:16px;\"><span class=\"vcex-heading-inner wpex-inline-block wpex-clr\">Avantages<\/span><\/div><div class=\"vcex-module vcex-bullets vcex-bullets-check\">\n<ul>\n<li>Excellentes performances<\/li>\n<li>Plat et peu encombrant<\/li>\n<li>Face avant en verre avec commande tactile<\/li>\n<li>Id\u00e9al pour un fonctionnement continu<\/li>\n<li>Silencieux et efficace<\/li>\n<\/ul>\n<\/div>[\/vc_column][\/vc_row]\n<\/div>","protected":false},"excerpt":{"rendered":"<p>[vc_row][vc_column][vc_row_inner][vc_column_inner width=&#8221;1\/3&#8243;][\/vc_column_inner][vc_column_inner width=&#8221;2\/3&#8243;][vc_column_text]Les Meaco PowerDry sont des d\u00e9shumidificateurs, respectivement des s\u00e9cheurs d&#8217;air extr\u00eamement puissants adapt\u00e9s au montage mural. Ils conviennent \u00e0 la fois comme d\u00e9shumidificateurs de piscine et comme s\u00e8che\u2013linge pour les grands besoins de s\u00e9chage. L&#8217;op\u00e9ration tr\u00e8s silencieuse, la conception plate avec une fa\u00e7ade en verre \u00e9l\u00e9gante et la commande tactile int\u00e9gr\u00e9e rendent le&hellip;<\/p>\n","protected":false},"author":8,"featured_media":0,"parent":419,"menu_order":9,"comment_status":"closed","ping_status":"closed","template":"","meta":{"footnotes":""},"class_list":["post-3306","page","type-page","status-publish","hentry","entry","no-media"],"aioseo_notices":[],"_links":{"self":[{"href":"https:\/\/meaco.ch\/fr\/wp-json\/wp\/v2\/pages\/3306","targetHints":{"allow":["GET"]}}],"collection":[{"href":"https:\/\/meaco.ch\/fr\/wp-json\/wp\/v2\/pages"}],"about":[{"href":"https:\/\/meaco.ch\/fr\/wp-json\/wp\/v2\/types\/page"}],"author":[{"embeddable":true,"href":"https:\/\/meaco.ch\/fr\/wp-json\/wp\/v2\/users\/8"}],"replies":[{"embeddable":true,"href":"https:\/\/meaco.ch\/fr\/wp-json\/wp\/v2\/comments?post=3306"}],"version-history":[{"count":8,"href":"https:\/\/meaco.ch\/fr\/wp-json\/wp\/v2\/pages\/3306\/revisions"}],"predecessor-version":[{"id":4551,"href":"https:\/\/meaco.ch\/fr\/wp-json\/wp\/v2\/pages\/3306\/revisions\/4551"}],"up":[{"embeddable":true,"href":"https:\/\/meaco.ch\/fr\/wp-json\/wp\/v2\/pages\/419"}],"wp:attachment":[{"href":"https:\/\/meaco.ch\/fr\/wp-json\/wp\/v2\/media?parent=3306"}],"curies":[{"name":"wp","href":"https:\/\/api.w.org\/{rel}","templated":true}]}}