{"id":365,"date":"2012-07-01T22:37:31","date_gmt":"2012-07-01T21:37:31","guid":{"rendered":"https:\/\/meaco.ch\/?page_id=365"},"modified":"2017-08-04T15:22:24","modified_gmt":"2017-08-04T14:22:24","slug":"domaine-dutilisation","status":"publish","type":"page","link":"https:\/\/meaco.ch\/fr\/domaine-dutilisation\/","title":{"rendered":"Domaines d&#8217;utilisation"},"content":{"rendered":"<div class=\"wpb-content-wrapper\">[vc_row][vc_column][vc_column_text]\n<p style=\"text-align: center;\"><strong>Choisissez un domaine d&#8217;utilisation:<\/strong><\/p>\n<p><img loading=\"lazy\" decoding=\"async\" class=\"aligncenter size-full wp-image-20\" style=\"border: 0pt none;\" title=\"applications pour d\u00e9shumidificateurs Meaco\" src=\"https:\/\/meaco.ch\/wp-content\/uploads\/2014\/04\/maeco-fr-application.jpg\" alt=\"applications pour d\u00e9shumidificateurs Meaco\" usemap=\"#map\" width=\"580\" height=\"337\" \/><\/p>\n<map name=\"map\">\n<area alt=\"S\u00e9chage du linge\" coords=\"2,4,96,130\" shape=\"rect\" href=\"https:\/\/meaco.ch\/fr\/domaine-dutilisation\/sechage-du-linge\/\" \/>\n<area alt=\"Garage et voitures\" coords=\"122,5,217,115\" shape=\"rect\" href=\"https:\/\/meaco.ch\/fr\/domaine-dutilisation\/les-garages\/\" \/>\n<area alt=\"d\u00e9shumidification de mobilhome &amp; camping\" coords=\"242,6,341,131\" shape=\"rect\" href=\"https:\/\/meaco.ch\/fr\/domaine-dutilisation\/roulottes\/\" \/>\n<area alt=\"d\u00e9shumidification de bateaux\" coords=\"366,4,457,131\" shape=\"rect\" href=\"https:\/\/meaco.ch\/fr\/domaine-dutilisation\/bateaux-et-barques\/\" \/>\n<area alt=\"d\u00e9shumidification de maison de vacances\" coords=\"480,4,574,119\" shape=\"rect\" href=\"https:\/\/meaco.ch\/fr\/domaine-dutilisation\/maison-de-vacances\/\" \/>\n<area alt=\"d\u00e9shumidifier chambre \u00e0 coucher &amp; pi\u00e8ces \u00e0 vivre\" coords=\"1,139,104,264\" shape=\"rect\" href=\"https:\/\/meaco.ch\/fr\/domaine-dutilisation\/la-chambre-a-coucher\/\" \/>\n<area alt=\"d\u00e9shumidificateur de salle de bains\" coords=\"118,141,237,252\" shape=\"rect\" href=\"https:\/\/meaco.ch\/fr\/domaine-dutilisation\/salle-de-bains\/\" \/>\n<area alt=\"d\u00e9shumidificateur des caves\" coords=\"246,140,336,255\" shape=\"rect\" href=\"https:\/\/meaco.ch\/fr\/domaine-dutilisation\/cave\/\" \/>\n<area alt=\"d\u00e9shumidifier avec des temp\u00e9ratures basses\" coords=\"358,141,475,265\" shape=\"rect\" href=\"https:\/\/meaco.ch\/fr\/domaine-dutilisation\/basses-temperatures\/\" \/>\n<area alt=\"purificateurs d'air contre les allergies\" coords=\"486,139,574,257\" shape=\"rect\" href=\"https:\/\/meaco.ch\/fr\/domaine-dutilisation\/allergiques\/\" \/> <\/map>\n[\/vc_column_text][\/vc_column][\/vc_row][vc_row][vc_column][vc_single_image image=&#8221;2425&#8243; onclick=&#8221;custom_link&#8221; img_link_target=&#8221;_blank&#8221; link=&#8221;https:\/\/ecofort.ch\/fr\/seche-linge\/1419-meaco-25l-low-energy.html&#8221;][\/vc_column][\/vc_row]\n<\/div>","protected":false},"excerpt":{"rendered":"<p>[vc_row][vc_column][vc_column_text] Choisissez un domaine d&#8217;utilisation: [\/vc_column_text][\/vc_column][\/vc_row][vc_row][vc_column][vc_single_image image=&#8221;2425&#8243; onclick=&#8221;custom_link&#8221; img_link_target=&#8221;_blank&#8221; link=&#8221;https:\/\/ecofort.ch\/fr\/seche-linge\/1419-meaco-25l-low-energy.html&#8221;][\/vc_column][\/vc_row]<\/p>\n","protected":false},"author":8,"featured_media":0,"parent":0,"menu_order":3,"comment_status":"closed","ping_status":"closed","template":"","meta":{"footnotes":""},"class_list":["post-365","page","type-page","status-publish","hentry","entry","no-media"],"aioseo_notices":[],"_links":{"self":[{"href":"https:\/\/meaco.ch\/fr\/wp-json\/wp\/v2\/pages\/365","targetHints":{"allow":["GET"]}}],"collection":[{"href":"https:\/\/meaco.ch\/fr\/wp-json\/wp\/v2\/pages"}],"about":[{"href":"https:\/\/meaco.ch\/fr\/wp-json\/wp\/v2\/types\/page"}],"author":[{"embeddable":true,"href":"https:\/\/meaco.ch\/fr\/wp-json\/wp\/v2\/users\/8"}],"replies":[{"embeddable":true,"href":"https:\/\/meaco.ch\/fr\/wp-json\/wp\/v2\/comments?post=365"}],"version-history":[{"count":15,"href":"https:\/\/meaco.ch\/fr\/wp-json\/wp\/v2\/pages\/365\/revisions"}],"predecessor-version":[{"id":2512,"href":"https:\/\/meaco.ch\/fr\/wp-json\/wp\/v2\/pages\/365\/revisions\/2512"}],"wp:attachment":[{"href":"https:\/\/meaco.ch\/fr\/wp-json\/wp\/v2\/media?parent=365"}],"curies":[{"name":"wp","href":"https:\/\/api.w.org\/{rel}","templated":true}]}}