{"id":391,"date":"2011-09-24T20:24:07","date_gmt":"2011-09-24T19:24:07","guid":{"rendered":"https:\/\/meaco.ch\/?page_id=391"},"modified":"2020-05-13T13:54:01","modified_gmt":"2020-05-13T12:54:01","slug":"roulottes","status":"publish","type":"page","link":"https:\/\/meaco.ch\/fr\/domaine-dutilisation\/roulottes\/","title":{"rendered":"Roulottes"},"content":{"rendered":"<div class=\"wpb-content-wrapper\">[vc_row][vc_column]<div class=\"vcex-heading vcex-module wpex-text-2xl wpex-font-normal wpex-m-auto wpex-max-w-100 vcex-heading-plain wpex-block\"><span class=\"vcex-heading-inner wpex-inline-block wpex-clr\">D\u00e9shumidificateur pour roulottes et caravanes<\/p>\n<p><\/span><\/div>[vc_column_text]Quand on gare la caravane, la roulotte ou on range le mat\u00e9riel de camping pendant l\u2019hiver, l\u2019humidit\u00e9 trop \u00e9lev\u00e9e, dans les garages, \u00a0peut provoquer \u00a0des mauvaises odeurs de renferm\u00e9 et m\u00eame la formation de moisissure.<\/p>\n<p>C\u2019est pour cette raison, qu\u2019il faut observer et contr\u00f4ler l\u2019humidit\u00e9 de l\u2019air. \u00a0Pour contr\u00f4ler l\u2019humidit\u00e9 il vous faut un hygrom\u00e8tre. Un hygrom\u00e8tre \u00e0 cheveux est mieux qu\u2019un hygrom\u00e8tre digital, car il est plus pr\u00e9cis. Pour pr\u00e9venir et \u00e9viter les d\u00e9g\u00e2ts dus \u00e0 l\u2019humidit\u00e9, il faut utiliser un d\u00e9shumidificateur. Les d\u00e9shumidificateurs contr\u00f4lent l\u2019humidit\u00e9 de l\u2019air et s\u00e8chent l\u2019air si l\u2019humidit\u00e9 est trop \u00e9lev\u00e9e.<\/p>\n<p>&nbsp;<\/p>\n[\/vc_column_text][vc_column_text]Lors du choix du d\u00e9shumidificateur, vous devriez consid\u00e9rer les points suivants\u00a0:<\/p>\n<ul>\n<li><strong>Circulation d<\/strong><strong>\u2019<\/strong><strong>air <\/strong>: L\u2019air sortant du d\u00e9shumidificateur doit circuler bien, afin d\u2019atteindre et d\u00e9shumidifier tous les coins de la pi\u00e8ce.<\/li>\n<li><strong>Fonction de red\u00e9marrage : <\/strong>Nombreux d\u00e9shumidificateurs passent au mode veille apr\u00e8s une panne de courant. Ceux \u2013ci ne sont pas id\u00e9als ni pour le fonctionnement continu ni pour l\u2019hivernage des caravanes, roulottes ou voitures. C\u2019est pour cette raison que vous devriez choisir un s\u00e9cheur, qui reprend automatiquement son fonctionnement avec les r\u00e9glages choisis par vous, apr\u00e8s une panne de courant.<\/li>\n<li><strong>Temp\u00e9rature ambiante : <\/strong>Plus la temp\u00e9rature ambiante est \u00e9lev\u00e9e, plus sera grande la quantit\u00e9 d\u2019humidit\u00e9 que l\u2019air peut recevoir et plus sera rapide la d\u00e9shumidification d\u2019une pi\u00e8ce en utilisant un d\u00e9shumidificateur. \u00a0Dans les garages ou les d\u00e9p\u00f4ts mal chauff\u00e9s ou non chauff\u00e9s, il faut utiliser un d\u00e9shumidificateur capable de d\u00e9shumidifier m\u00eame \u00e0 des basses temp\u00e9ratures. Ce type de d\u00e9shumidificateur est appel\u00e9 s\u00e9cheur \u00e0 adsorption. En g\u00e9n\u00e9ral, les s\u00e9cheurs \u00e0 adsorption sont pr\u00e9f\u00e9rables \u00e0 les d\u00e9shumidificateurs \u00e0 condensation quand la temp\u00e9rature est inf\u00e9rieure \u00e0 10 \u00b0C.<\/li>\n<li><strong>\u00c9vacuation directe<\/strong> : Particuli\u00e8rement avec la d\u00e9shumidification sans surveillance, comme il se passe tr\u00e8s souvent pendant l\u2019hivernage, le s\u00e9cheur devrait avoir la possibilit\u00e9 d\u2019\u00e9couler l\u2019eau accumul\u00e9e par un tuyau. Ceci est une condition requise pour le fonctionnement continu sans surveillance, car, autrement, vous devriez vider r\u00e9guli\u00e8rement le r\u00e9servoir d\u2019eau.<\/li>\n<\/ul>\n[\/vc_column_text][vc_column_text]\n<h3>Nos recommandations<\/h3>\n<p>Le s\u00e9cheur \u00e0 adsorption Meaco DD8L et son successeur r\u00e9ponds \u00e0 tous les crit\u00e8res mentionn\u00e9s ci-dessus et sont utilis\u00e9s tr\u00e8s souvent pour l\u2019hivernage des caravanes, roulottes, voitures, bateaux et mat\u00e9riel de camping. Ce d\u00e9shumidificateur fonction selon le principe de l\u2019adsorption et d\u00e9shumidifie constamment 8 litres par jour \u2013 ind\u00e9pendamment de la temp\u00e9rature ambiante.<\/p>\n<p>Le Meaco DD8L est bien plus l\u00e9gers et plus compact des d\u00e9shumidificateurs \u00e0 condensation traditionnels et peuvent donc \u00eatre facilement quand ils ne sont pas utilis\u00e9s. En outre, il est prouv\u00e9 que le Meaco DD8L est vraiment tr\u00e8s utile pendant le camping pour d\u00e9shumidifier la caravane, en particulier dans la p\u00e9riode de transition.<\/p>\n<p>Vous pouvez utiliser le <strong>Meaco DD8L <\/strong>\u00e9galement comme s\u00e8che \u2013 linge dans votre caravane et ainsi acc\u00e9l\u00e9rer le s\u00e9chage du linge. Tr\u00e8s pratique pendant les jours de pluie au camping. En outre, le Meaco DD8L offre, gr\u00e2ce \u00e0 l&#8217;ioniseur<strong> un climat int\u00e9rieur sain et agr\u00e9able<\/strong>, dans la maison ou dans la caravane et roulotte.<\/p>\n<p><strong>Informations suppl\u00e9mentaires sur le s\u00e9cheur \u00e0 adsorption <a href=\"\/deshumidificateurs\/deshumidificateurs-a-adsorption\/meaco-dd8l\/\">Meaco DD8L<\/a><\/strong>[\/vc_column_text][\/vc_column][\/vc_row]\n<\/div>","protected":false},"excerpt":{"rendered":"<p>[vc_row][vc_column][vc_column_text]Quand on gare la caravane, la roulotte ou on range le mat\u00e9riel de camping pendant l\u2019hiver, l\u2019humidit\u00e9 trop \u00e9lev\u00e9e, dans les garages, \u00a0peut provoquer \u00a0des mauvaises odeurs de renferm\u00e9 et m\u00eame la formation de moisissure. C\u2019est pour cette raison, qu\u2019il faut observer et contr\u00f4ler l\u2019humidit\u00e9 de l\u2019air. \u00a0Pour contr\u00f4ler l\u2019humidit\u00e9 il vous faut un hygrom\u00e8tre.&hellip;<\/p>\n","protected":false},"author":8,"featured_media":0,"parent":365,"menu_order":0,"comment_status":"open","ping_status":"open","template":"","meta":{"footnotes":""},"class_list":["post-391","page","type-page","status-publish","hentry","entry","no-media"],"aioseo_notices":[],"_links":{"self":[{"href":"https:\/\/meaco.ch\/fr\/wp-json\/wp\/v2\/pages\/391","targetHints":{"allow":["GET"]}}],"collection":[{"href":"https:\/\/meaco.ch\/fr\/wp-json\/wp\/v2\/pages"}],"about":[{"href":"https:\/\/meaco.ch\/fr\/wp-json\/wp\/v2\/types\/page"}],"author":[{"embeddable":true,"href":"https:\/\/meaco.ch\/fr\/wp-json\/wp\/v2\/users\/8"}],"replies":[{"embeddable":true,"href":"https:\/\/meaco.ch\/fr\/wp-json\/wp\/v2\/comments?post=391"}],"version-history":[{"count":12,"href":"https:\/\/meaco.ch\/fr\/wp-json\/wp\/v2\/pages\/391\/revisions"}],"predecessor-version":[{"id":3253,"href":"https:\/\/meaco.ch\/fr\/wp-json\/wp\/v2\/pages\/391\/revisions\/3253"}],"up":[{"embeddable":true,"href":"https:\/\/meaco.ch\/fr\/wp-json\/wp\/v2\/pages\/365"}],"wp:attachment":[{"href":"https:\/\/meaco.ch\/fr\/wp-json\/wp\/v2\/media?parent=391"}],"curies":[{"name":"wp","href":"https:\/\/api.w.org\/{rel}","templated":true}]}}