{"id":399,"date":"2012-07-11T15:56:24","date_gmt":"2012-07-11T14:56:24","guid":{"rendered":"https:\/\/meaco.ch\/?page_id=399"},"modified":"2020-05-13T16:40:11","modified_gmt":"2020-05-13T15:40:11","slug":"maison-de-vacances","status":"publish","type":"page","link":"https:\/\/meaco.ch\/fr\/domaine-dutilisation\/maison-de-vacances\/","title":{"rendered":"Maison de vacances"},"content":{"rendered":"<div class=\"wpb-content-wrapper\">[vc_row][vc_column]<div class=\"vcex-heading vcex-module wpex-text-2xl wpex-font-normal wpex-m-auto wpex-max-w-100 vcex-heading-plain wpex-block\"><span class=\"vcex-heading-inner wpex-inline-block wpex-clr\">Prot\u00e9gez votre maison de vacances des mauvaises odeurs et de la formation de la moisissure<\/span><\/div>[vc_column_text]Si vous voulez prot\u00e9ger votre appartement ou maison de vacances des mauvaises odeurs de renferm\u00e9, de la formation de la moisissure et les d\u00e9g\u00e2ts dus \u00e0 l\u2019humidit\u00e9, vous avez besoin d\u2019un d\u00e9shumidificateur qui d\u00e9shumidifie l\u2019air efficacement m\u00eame quand vous serez absents pendant une p\u00e9riode prolong\u00e9e.<\/p>\n<p><strong>\u00a0<\/strong><strong>Lors de l\u2019achat du d\u00e9shumidificateur pour votre maison de vacances, vous devriez consid\u00e9rer les points suivants\u00a0: <\/strong><\/p>\n<ol>\n<li><strong>\u00c9vacuation directe : <\/strong>Assurez \u2013 vous que le d\u00e9shumidificateur offre la possibilit\u00e9 d\u2019\u00e9couler l\u2019eau de condensation accumul\u00e9e par un tuyau. Nombreux d\u00e9shumidificateurs n\u2019ont pas la fonction de l\u2019\u00e9vacuation directe et cela vous oblige \u00e0 devoir vider le r\u00e9servoir d\u2019eau r\u00e9guli\u00e8rement.<\/li>\n<li><strong>Performance \u00e0 des basses temp\u00e9ratures\u00a0:\u00a0<\/strong>La capacit\u00e9 de d\u00e9shumidification des d\u00e9shumidificateurs est souvent d\u00e9clar\u00e9e pour une temp\u00e9rature ambiante de 30 \u00b0C et avec une humidit\u00e9 relative de 80%. Les d\u00e9shumidificateurs traditionnels d\u00e9shumidifient mieux \u00e0 des temp\u00e9ratures \u00e9lev\u00e9es que \u00e0 des basses. Exemple\u00a0: \u00c0 10 \u00b0C un d\u00e9shumidificateur de 20 litres d\u00e9shumidifie seulement 6 litres d\u2019eau en 24 heures au lieu des 20 litres \u00e0 30 \u00b0C et une humidit\u00e9 relative de 80%. Comme beaucoup de maisons de vacances sont chauff\u00e9es seulement au minimum pendant l\u2019absence des r\u00e9sidents, il est important de choisir un d\u00e9shumidificateur qui d\u00e9shumidifie efficacement m\u00eame \u00e0 des basses temp\u00e9ratures.<\/li>\n<li><strong>Fonction auto-start :\u00a0<\/strong>Assurez \u2013 vous que le d\u00e9shumidificateur \u00a0reprenne automatiquement son fonctionnement, avec les r\u00e9glages choisis par vous, m\u00eame apr\u00e8s une panne de courant. Seulement ainsi vous pouvez \u00eatre s\u00fbrs que votre maison de vacances est constamment d\u00e9shumidifi\u00e9e pendant votre absence \u2013 ainsi les mauvaises odeurs et la moisissure ne peuvent absolument pas se produire.<\/li>\n<\/ol>\n<p>Le <a href=\"\/deshumidificateurs\/deshumidificateurs-a-adsorption\/meaco-dd8l\/\">Meaco DD8L<\/a>\u00a0est le plus utilis\u00e9 pour la d\u00e9shumidification des appartements de vacances ou des maisons de vacances, parce qu\u2019il r\u00e9pond \u00e0 tous les crit\u00e8res : \u00e9vacuation directe, fonction de red\u00e9marrage, et capacit\u00e9 de d\u00e9shumidification constante de 8 litres \u00e0 partir de 1 \u00b0C\u00a0 de temp\u00e9rature ambiante.<\/p>\n<p>Afin de procurer un climat d&#8217;int\u00e9rieur sain, ce d\u00e9shumidificateur est fourni d&#8217;un ionisateur int\u00e9gr\u00e9 et d&#8217;un filtre anti-bact\u00e9riel nano-argent.<\/p>\n<div>Pour la d\u00e9shumidification en continu dans une r\u00e9sidence de vacances bien temp\u00e9r\u00e9, l&#8217;utilisation d&#8217;un appareil de la s\u00e9rie <a href=\"\/deshumidificateurs\/low-energy\/\">Low Energy<\/a> est sugg\u00e9r\u00e9e \u00e0 cause de sa consommation bien plus basse.<\/div>\n[\/vc_column_text][\/vc_column][\/vc_row]\n<\/div>","protected":false},"excerpt":{"rendered":"<p>[vc_row][vc_column][vc_column_text]Si vous voulez prot\u00e9ger votre appartement ou maison de vacances des mauvaises odeurs de renferm\u00e9, de la formation de la moisissure et les d\u00e9g\u00e2ts dus \u00e0 l\u2019humidit\u00e9, vous avez besoin d\u2019un d\u00e9shumidificateur qui d\u00e9shumidifie l\u2019air efficacement m\u00eame quand vous serez absents pendant une p\u00e9riode prolong\u00e9e. \u00a0Lors de l\u2019achat du d\u00e9shumidificateur pour votre maison de vacances,&hellip;<\/p>\n","protected":false},"author":8,"featured_media":0,"parent":365,"menu_order":0,"comment_status":"open","ping_status":"open","template":"","meta":{"footnotes":""},"class_list":["post-399","page","type-page","status-publish","hentry","entry","no-media"],"aioseo_notices":[],"_links":{"self":[{"href":"https:\/\/meaco.ch\/fr\/wp-json\/wp\/v2\/pages\/399","targetHints":{"allow":["GET"]}}],"collection":[{"href":"https:\/\/meaco.ch\/fr\/wp-json\/wp\/v2\/pages"}],"about":[{"href":"https:\/\/meaco.ch\/fr\/wp-json\/wp\/v2\/types\/page"}],"author":[{"embeddable":true,"href":"https:\/\/meaco.ch\/fr\/wp-json\/wp\/v2\/users\/8"}],"replies":[{"embeddable":true,"href":"https:\/\/meaco.ch\/fr\/wp-json\/wp\/v2\/comments?post=399"}],"version-history":[{"count":8,"href":"https:\/\/meaco.ch\/fr\/wp-json\/wp\/v2\/pages\/399\/revisions"}],"predecessor-version":[{"id":3263,"href":"https:\/\/meaco.ch\/fr\/wp-json\/wp\/v2\/pages\/399\/revisions\/3263"}],"up":[{"embeddable":true,"href":"https:\/\/meaco.ch\/fr\/wp-json\/wp\/v2\/pages\/365"}],"wp:attachment":[{"href":"https:\/\/meaco.ch\/fr\/wp-json\/wp\/v2\/media?parent=399"}],"curies":[{"name":"wp","href":"https:\/\/api.w.org\/{rel}","templated":true}]}}