{"id":412,"date":"2012-07-15T13:07:08","date_gmt":"2012-07-15T12:07:08","guid":{"rendered":"https:\/\/meaco.ch\/?page_id=412"},"modified":"2020-05-13T17:31:49","modified_gmt":"2020-05-13T16:31:49","slug":"basses-temperatures","status":"publish","type":"page","link":"https:\/\/meaco.ch\/fr\/domaine-dutilisation\/basses-temperatures\/","title":{"rendered":"Basses temp\u00e9ratures"},"content":{"rendered":"<div class=\"wpb-content-wrapper\">[vc_row][vc_column]<div class=\"vcex-heading vcex-module wpex-text-2xl wpex-font-normal wpex-m-auto wpex-max-w-100 vcex-heading-plain wpex-block\"><span class=\"vcex-heading-inner wpex-inline-block wpex-clr\">D\u00e9shumidification \u00e0 des temp\u00e9ratures froides<\/span><\/div>[vc_column_text]La plupart des d\u00e9shumidificateurs commerciaux sont les soi-disant s\u00e9cheurs \u00e0 condensation, qui (similaire \u00e0 un r\u00e9frig\u00e9rateur) se basent sur un compresseur avec du r\u00e9frig\u00e9rant. L\u2019air circule \u00e0 travers les serpentins de refroidissement, l\u2019humidit\u00e9 de l\u2019air se transforme en eau par la condensation et termine dans un r\u00e9servoir. L\u2019air sec est alors d\u00e9gag\u00e9 dans la pi\u00e8ce.<\/p>\n<p>Presque tous les d\u00e9shumidificateurs marchent selon le principe de condensation &#8211; ils sont fortement recommand\u00e9s \u00e0 des temp\u00e9ratures \u00e0 partir de 15 \u00b0C. Le probl\u00e8me du s\u00e9chage par condensation est la forte perte de performance avec la diminution de la temp\u00e9rature ambiante. Plus la temp\u00e9rature de l\u2019air est froide, moins l\u2019humidit\u00e9 peut \u00eatre absorb\u00e9e et, par cons\u00e9quence, un d\u00e9shumidificateur \u00e0 condensation n\u2019est plus capable de d\u00e9shumidifier efficacement.<\/p>\n<p><em>Conseil :<\/em> Avec la d\u00e9shumidification \u00e0 des basses temp\u00e9ratures, nous ne pouvons pas nous faire aveugler par les indications du constructeur. L\u2019efficacit\u00e9 maximale de d\u00e9shumidification se r\u00e9f\u00e8re toujours \u00e0 des environnements avec une temp\u00e9rature de 30 \u00b0C et une humidit\u00e9 relative de 80%. Le rendement de la d\u00e9shumidification diminue fortement de mani\u00e8re disproportionn\u00e9e \u00e9 des temp\u00e9ratures plus froides.<\/p>\n<p><em>Exemple : <\/em>Un appareil 20 litres d\u00e9shumidifie \u00e0 30 \u00b0C et 80% d\u2019humidit\u00e9 relative environ 20 litres par jours. \u00c0 10 \u00b0C celui-ci aura d\u00e9shumidifi\u00e9 seulement 4-6 litres, selon le d\u00e9shumidificateur. Pour cela on vous recommande d\u2019utiliser un s\u00e9cheur \u00e0 adsorption pour des locaux plus froids avec des temp\u00e9ratures comprises entre 1 &#8211; 10 \u00b0C.<\/p>\n<h3>S\u00e9cheurs \u00e0 adsorption pour la d\u00e9shumidification \u00e0 des basses temp\u00e9ratures<\/h3>\n<p>Pour des locaux mal chauff\u00e9s ou non chauff\u00e9s on recommande d\u2019utiliser un<strong> s\u00e9choir \u00e0 adsorption <\/strong>tel que le <a href=\"\/deshumidificateurs\/deshumidificateurs-a-adsorption\/meaco-dd8l\/\">Meaco DD8L<\/a>. Les s\u00e9cheurs \u00e0 adsorption n\u2019ont ni un compresseur ni le r\u00e9frig\u00e9rant et pour cela ils sont plus l\u00e9gers et maniables. Selon ce syst\u00e8me, l\u2019air circule par une roue absorbante, pleine de mat\u00e9riel dess\u00e9chant qui s\u00e9pare l\u2019eau de l\u2019air.<br \/>\n<em>Avantages : <\/em>Le Meaco DD8L d\u00e9shumidifie constamment\u00a0 8 litres \u00a0par jour ind\u00e9pendamment de la temp\u00e9rature ambiante.<\/p>\n<p>Gr\u00e2ce \u00e0 la fonction de red\u00e9marrage et la possibilit\u00e9 de l\u2019\u00e9vacuation directe, on peut bien utiliser le Meaco DD8L pour la d\u00e9shumidification des <a href=\"https:\/\/meaco.ch\/fr\/domaine-dutilisation\/allergies\/\">maisons de vacances<\/a>, <a href=\"https:\/\/meaco.ch\/fr\/domaine-dutilisation\/caravane-et-mobilone\/\">caravanes<\/a>, roulottes, garages, bateaux et barques.[\/vc_column_text][\/vc_column][\/vc_row]\n<\/div>","protected":false},"excerpt":{"rendered":"<p>[vc_row][vc_column][vc_column_text]La plupart des d\u00e9shumidificateurs commerciaux sont les soi-disant s\u00e9cheurs \u00e0 condensation, qui (similaire \u00e0 un r\u00e9frig\u00e9rateur) se basent sur un compresseur avec du r\u00e9frig\u00e9rant. L\u2019air circule \u00e0 travers les serpentins de refroidissement, l\u2019humidit\u00e9 de l\u2019air se transforme en eau par la condensation et termine dans un r\u00e9servoir. L\u2019air sec est alors d\u00e9gag\u00e9 dans la pi\u00e8ce.&hellip;<\/p>\n","protected":false},"author":8,"featured_media":0,"parent":365,"menu_order":0,"comment_status":"open","ping_status":"open","template":"","meta":{"footnotes":""},"class_list":["post-412","page","type-page","status-publish","hentry","entry","no-media"],"aioseo_notices":[],"_links":{"self":[{"href":"https:\/\/meaco.ch\/fr\/wp-json\/wp\/v2\/pages\/412","targetHints":{"allow":["GET"]}}],"collection":[{"href":"https:\/\/meaco.ch\/fr\/wp-json\/wp\/v2\/pages"}],"about":[{"href":"https:\/\/meaco.ch\/fr\/wp-json\/wp\/v2\/types\/page"}],"author":[{"embeddable":true,"href":"https:\/\/meaco.ch\/fr\/wp-json\/wp\/v2\/users\/8"}],"replies":[{"embeddable":true,"href":"https:\/\/meaco.ch\/fr\/wp-json\/wp\/v2\/comments?post=412"}],"version-history":[{"count":6,"href":"https:\/\/meaco.ch\/fr\/wp-json\/wp\/v2\/pages\/412\/revisions"}],"predecessor-version":[{"id":3274,"href":"https:\/\/meaco.ch\/fr\/wp-json\/wp\/v2\/pages\/412\/revisions\/3274"}],"up":[{"embeddable":true,"href":"https:\/\/meaco.ch\/fr\/wp-json\/wp\/v2\/pages\/365"}],"wp:attachment":[{"href":"https:\/\/meaco.ch\/fr\/wp-json\/wp\/v2\/media?parent=412"}],"curies":[{"name":"wp","href":"https:\/\/api.w.org\/{rel}","templated":true}]}}