{"id":419,"date":"2012-07-17T09:24:35","date_gmt":"2012-07-17T08:24:35","guid":{"rendered":"https:\/\/meaco.ch\/?page_id=419"},"modified":"2026-03-02T11:31:34","modified_gmt":"2026-03-02T10:31:34","slug":"deshumidificateurs","status":"publish","type":"page","link":"https:\/\/meaco.ch\/fr\/deshumidificateurs\/","title":{"rendered":"D\u00e9shumidificateurs"},"content":{"rendered":"<div class=\"wpb-content-wrapper\">[vc_row][vc_column]<div class=\"vcex-heading vcex-module wpex-text-2xl wpex-font-normal wpex-m-auto wpex-max-w-100 vcex-heading-plain wpex-block\"><span class=\"vcex-heading-inner wpex-inline-block wpex-clr\">Les d\u00e9shumidificateurs MEACO<\/span><\/div><div class=\"vcex-spacing wpex-w-100 wpex-clear\"><\/div>[vc_column_text]Les d\u00e9shumidificateurs <em>Meaco<\/em> sont tr\u00e8s s\u00fbr et confortable \u00e0 l\u2019usage, ils d\u00e9shumidifient de fa\u00e7on tr\u00e8s fiable et s\u2019int\u00e8grent visuellement avec l\u2019esth\u00e9tique de chaque salle de s\u00e9jour. Les d\u00e9shumidificateurs <em>Meaco<\/em> sont divis\u00e9s en trois s\u00e9ries, chacune avec des caract\u00e9ristiques et fonctions uniques :[\/vc_column_text][\/vc_column][\/vc_row][vc_row][vc_column]<div class=\"vcex-heading vcex-module wpex-text-2xl wpex-font-normal wpex-m-auto wpex-max-w-100 vcex-heading-plain wpex-block\"><span class=\"vcex-heading-inner wpex-inline-block wpex-clr\">MEACO Arete\u00ae One - d\u00e9shumidification red\u00e9finie<\/span><\/div><div class=\"vcex-spacing wpex-w-100 wpex-clear\"><\/div>[vc_row_inner][vc_column_inner width=&#8221;1\/3&#8243;][vc_single_image image=&#8221;4237&#8243; onclick=&#8221;custom_link&#8221; link=&#8221;\/fr\/deshumidificateurs\/arete-one\/&#8221;][\/vc_column_inner][vc_column_inner width=&#8221;2\/3&#8243;][vc_column_text]La gamme de d\u00e9shumidificateurs\u00a0<em>Arete\u00ae One<\/em>\u00a0est le r\u00e9sultat de cinq ann\u00e9es de travail de recherche et d\u00e9veloppement par le d\u00e9partement de d\u00e9veloppement de la soci\u00e9t\u00e9 britannique\u00a0<em>Meaco<\/em>. Elle s&#8217;est appuy\u00e9e sur les commentaires de plus de 2000 clients ayant soutenu le processus de d\u00e9veloppement.<\/p>\n<p>Le r\u00e9sultat final est la gamme de d\u00e9shumidificateurs\u00a0<em>Meaco<\/em>\u00a0<strong>la plus silencieuse et la plus \u00e9conome en \u00e9nergie<\/strong>\u00a0\u00e0 ce jour, avec une multitude de caract\u00e9ristiques sp\u00e9ciales qui font de l\u2019utilisation de l&#8217;<em>Arete\u00ae One<\/em>\u00a0un v\u00e9ritable plaisir.<\/p>\n<p>En savoir plus sur les d\u00e9shumidificateurs <a href=\"\/fr\/deshumidificateurs\/arete-one\/\">Meaco Arete\u00ae One<\/a>[\/vc_column_text][\/vc_column_inner][\/vc_row_inner][\/vc_column][\/vc_row][vc_row][vc_column]<div class=\"vcex-heading vcex-module wpex-text-2xl wpex-font-normal wpex-m-auto wpex-max-w-100 vcex-heading-plain wpex-block\"><span class=\"vcex-heading-inner wpex-inline-block wpex-clr\">MEACO Low Energy : meilleure performance \u00e0 la plus faible consommation d\u2019\u00e9nergie<\/span><\/div><div class=\"vcex-spacing wpex-w-100 wpex-clear\"><\/div>[vc_row_inner][vc_column_inner width=&#8221;1\/3&#8243;][vc_single_image image=&#8221;4234&#8243; onclick=&#8221;custom_link&#8221; link=&#8221;\/fr\/deshumidificateurs\/low-energy\/&#8221;][\/vc_column_inner][vc_column_inner width=&#8221;2\/3&#8243;][vc_column_text]Les d\u00e9shumidificateurs <em>Meaco Low Energy<\/em> ont les <strong>meilleures performances de d\u00e9shumidification \u00e0 la plus faible consommation d&#8217;\u00e9nergie<\/strong>. Ce qui rend cette s\u00e9rie vraiment unique sont ses caract\u00e9ristiques uniques, telles que l\u2019indicateur d\u2019humidit\u00e9 (hygrostat) et la purification de l\u2019air par le filtre HEPA, ou bien l\u2019ioniseur.<\/p>\n<p>Les Meaco<em> Low Energy<\/em> b\u00e9n\u00e9ficient des derni\u00e8res technologies de d\u00e9shumidification. En raison de cette forte r\u00e9duction d&#8217;\u00e9nergie, les co\u00fbts d\u2019exploitation sont r\u00e9duits de 35% par rapport aux d\u00e9shumidificateurs classiques.<\/p>\n<p>En savoir plus sur les d\u00e9shumidificateurs <a href=\"https:\/\/meaco.ch\/fr\/deshumidificateurs\/low-energy\/\">Meaco Low Energy <\/a>[\/vc_column_text][\/vc_column_inner][\/vc_row_inner][\/vc_column][\/vc_row][vc_row disable_element=&#8221;yes&#8221;][vc_column]<div class=\"vcex-heading vcex-module wpex-text-2xl wpex-font-normal wpex-m-auto wpex-max-w-100 vcex-heading-plain wpex-block\"><span class=\"vcex-heading-inner wpex-inline-block wpex-clr\">MEACO 12L Low Noise : le d\u00e9shumidificateur ultra-silencieux<\/span><\/div><div class=\"vcex-spacing wpex-w-100 wpex-clear\"><\/div>[vc_row_inner][vc_column_inner width=&#8221;1\/3&#8243;][vc_single_image image=&#8221;3101&#8243; onclick=&#8221;custom_link&#8221; link=&#8221;\/fr\/deshumidificateurs\/meaco-12l-low-noise\/&#8221;][\/vc_column_inner][vc_column_inner width=&#8221;2\/3&#8243;][vc_column_text]Le Meaco 12L Low Noise compact est le d\u00e9shumidificateur \u00e9lectrique le plus silencieux disponible aujourd&#8217;hui. Avec un bruit de fonctionnement silencieux de seulement 35 d\u00e9cibels, il convient \u00e9galement \u00e0 la d\u00e9shumidification dans la chambre \u00e0 coucher.<\/p>\n<p>Ce d\u00e9shumidificateur est disponible dans les couleurs suivantes : argent, blanc et noir.<\/p>\n<p>Plus d&#8217;informations sur le <a href=\"\/fr\/deshumidificateurs\/meaco-12l-low-noise\/\">Meaco 12L Low Noise<\/a>[\/vc_column_text][\/vc_column_inner][\/vc_row_inner][\/vc_column][\/vc_row][vc_row][vc_column]<div class=\"vcex-heading vcex-module wpex-text-2xl wpex-font-normal wpex-m-auto wpex-max-w-100 vcex-heading-plain wpex-block\"><span class=\"vcex-heading-inner wpex-inline-block wpex-clr\">MEACO PowerDry : S\u00e9chage maximal avec \u00e9l\u00e9gance<\/span><\/div><div class=\"vcex-spacing wpex-w-100 wpex-clear\"><\/div>[vc_row_inner][vc_column_inner width=&#8221;1\/3&#8243;][vc_single_image image=&#8221;3177&#8243; onclick=&#8221;custom_link&#8221; link=&#8221;\/fr\/deshumidificateurs\/meaco-powerdry\/&#8221;][\/vc_column_inner][vc_column_inner width=&#8221;2\/3&#8243;][vc_column_text]Meaco PowerDry sont des d\u00e9shumidificateurs muraux extra puissants, au fonctionnement silencieux et au design unique. Id\u00e9al pour la d\u00e9shumidification de l&#8217;air dans les grandes pi\u00e8ces, pour une utilisation dans les piscines, les centres de fitness et de bien-\u00eatre. Ils sont aussi souvent utilis\u00e9s comme s\u00e8che-linge, l\u00e0 o\u00f9 il y a beaucoup de linge \u00e0 s\u00e9cher.<\/p>\n<p>Ce s\u00e8che-mur est disponible en 3 versions et, en option, dans les couleurs blanc et noir.<\/p>\n<p>Plus d&#8217;informations sur le <a href=\"\/fr\/deshumidificateurs\/meaco-powerdry\/\">Meaco PowerDry<\/a>[\/vc_column_text][\/vc_column_inner][\/vc_row_inner][\/vc_column][\/vc_row][vc_row][vc_column]<div class=\"vcex-heading vcex-module wpex-text-2xl wpex-font-normal wpex-m-auto wpex-max-w-100 vcex-heading-plain wpex-block\"><span class=\"vcex-heading-inner wpex-inline-block wpex-clr\">MEACO DD8L : L\u00e9gers &amp; silencieux \u2013 d\u00e9shumidificateur \u00e0 adsorption<\/span><\/div><div class=\"vcex-spacing wpex-w-100 wpex-clear\"><\/div>[vc_row_inner][vc_column_inner width=&#8221;1\/3&#8243;][vc_single_image image=&#8221;2555&#8243; onclick=&#8221;custom_link&#8221; link=&#8221;\/fr\/deshumidificateurs\/deshumidificateurs-a-adsorption\/meaco-dd8l\/&#8221;][\/vc_column_inner][vc_column_inner width=&#8221;2\/3&#8243;][vc_column_text]Le d\u00e9shumidificateur \u00e0 adsorption Meaco DD8L est particuli\u00e8rement l\u00e9ger et silencieux et c\u2019est pour cette raison qu\u2019il est particuli\u00e8rement id\u00e9ale pour les chambres \u00e0 coucher et les salles de bains. Un avantage particulier de cette technologie est que la <strong>d\u00e9shumidification maximale est assur\u00e9e m\u00eame \u00e0 basse temp\u00e9rature de 1 \u00b0C<\/strong>, tandis que les d\u00e9shumidificateurs conventionnels (d\u00e9shumidificateurs \u00e0 condensation) atteignent leurs limites \u00e0 des temp\u00e9ratures froides.<\/p>\n<p>Et c\u2019est pour cette bonne raison que le Meaco DD8L est extr\u00eamement populaire, surtout en automne, en hiver et au printemps.<\/p>\n<p>En savoir plus sur le\u00a0<a href=\"\/fr\/deshumidificateurs\/deshumidificateurs-a-adsorption\/meaco-dd8l\/\">d\u00e9shumidificateur \u00e0 adsorption<\/a> Meaco[\/vc_column_text][\/vc_column_inner][\/vc_row_inner][\/vc_column][\/vc_row][vc_row][vc_column]<div class=\"vcex-heading vcex-module wpex-text-2xl wpex-font-normal wpex-m-auto wpex-max-w-100 vcex-heading-plain wpex-block\"><span class=\"vcex-heading-inner wpex-inline-block wpex-clr\">O\u00f9 acheter?<\/span><\/div><div class=\"vcex-spacing wpex-w-100 wpex-clear\"><\/div>[vc_row_inner][vc_column_inner width=&#8221;1\/3&#8243;][vc_single_image image=&#8221;2003&#8243; img_size=&#8221;medium&#8221; onclick=&#8221;custom_link&#8221; img_link_target=&#8221;_blank&#8221; css=&#8221;&#8221; link=&#8221;https:\/\/ecofort.ch\/fr\/collections\/meaco&#8221;]<div class=\"vcex-module vcex-bullets vcex-bullets-check\">\n<ul>\n<li>Disponible dans la boutique en ligne <a href=\"https:\/\/ecofort.ch\/fr\/695-meaco\" target=\"_blank\" rel=\"noopener\">ecofort <\/a>et dans le magasin \u00e0 Nidau<\/li>\n<li><span id=\"result_box\" class=\"short_text\" lang=\"fr\">Livraison gratuite<\/span><\/li>\n<\/ul>\n<\/div><a href=\"https:\/\/ecofort.ch\/fr\/collections\/meaco\" title=\"ecofort AG\" class=\"vcex-button theme-button inline\" target=\"_blank\" rel=\"noopener noreferrer\"><span class=\"theme-button-inner\">D\u00e9couvrez MEACO chez ecofort<\/span><\/a> [\/vc_column_inner][\/vc_row_inner][\/vc_column][\/vc_row]\n<\/div>","protected":false},"excerpt":{"rendered":"<p>[vc_row][vc_column][vc_column_text]Les d\u00e9shumidificateurs Meaco sont tr\u00e8s s\u00fbr et confortable \u00e0 l\u2019usage, ils d\u00e9shumidifient de fa\u00e7on tr\u00e8s fiable et s\u2019int\u00e8grent visuellement avec l\u2019esth\u00e9tique de chaque salle de s\u00e9jour. Les d\u00e9shumidificateurs Meaco sont divis\u00e9s en trois s\u00e9ries, chacune avec des caract\u00e9ristiques et fonctions uniques :[\/vc_column_text][\/vc_column][\/vc_row][vc_row][vc_column][vc_row_inner][vc_column_inner width=&#8221;1\/3&#8243;][vc_single_image image=&#8221;4237&#8243; onclick=&#8221;custom_link&#8221; link=&#8221;\/fr\/deshumidificateurs\/arete-one\/&#8221;][\/vc_column_inner][vc_column_inner width=&#8221;2\/3&#8243;][vc_column_text]La gamme de d\u00e9shumidificateurs\u00a0Arete\u00ae One\u00a0est le r\u00e9sultat de cinq&hellip;<\/p>\n","protected":false},"author":8,"featured_media":0,"parent":0,"menu_order":1,"comment_status":"closed","ping_status":"closed","template":"","meta":{"footnotes":""},"class_list":["post-419","page","type-page","status-publish","hentry","entry","no-media"],"aioseo_notices":[],"_links":{"self":[{"href":"https:\/\/meaco.ch\/fr\/wp-json\/wp\/v2\/pages\/419","targetHints":{"allow":["GET"]}}],"collection":[{"href":"https:\/\/meaco.ch\/fr\/wp-json\/wp\/v2\/pages"}],"about":[{"href":"https:\/\/meaco.ch\/fr\/wp-json\/wp\/v2\/types\/page"}],"author":[{"embeddable":true,"href":"https:\/\/meaco.ch\/fr\/wp-json\/wp\/v2\/users\/8"}],"replies":[{"embeddable":true,"href":"https:\/\/meaco.ch\/fr\/wp-json\/wp\/v2\/comments?post=419"}],"version-history":[{"count":25,"href":"https:\/\/meaco.ch\/fr\/wp-json\/wp\/v2\/pages\/419\/revisions"}],"predecessor-version":[{"id":4583,"href":"https:\/\/meaco.ch\/fr\/wp-json\/wp\/v2\/pages\/419\/revisions\/4583"}],"wp:attachment":[{"href":"https:\/\/meaco.ch\/fr\/wp-json\/wp\/v2\/media?parent=419"}],"curies":[{"name":"wp","href":"https:\/\/api.w.org\/{rel}","templated":true}]}}