{"id":423,"date":"2012-07-17T09:49:46","date_gmt":"2012-07-17T08:49:46","guid":{"rendered":"https:\/\/meaco.ch\/?page_id=423"},"modified":"2026-03-02T11:37:26","modified_gmt":"2026-03-02T10:37:26","slug":"meaco-dd8l","status":"publish","type":"page","link":"https:\/\/meaco.ch\/fr\/deshumidificateurs\/meaco-dd8l\/","title":{"rendered":"MEACO DD8L"},"content":{"rendered":"<div class=\"wpb-content-wrapper\">[vc_row][vc_column]<div class=\"vcex-heading vcex-module wpex-text-2xl wpex-font-normal wpex-m-auto wpex-max-w-100 vcex-heading-plain wpex-block\"><span class=\"vcex-heading-inner wpex-inline-block wpex-clr\">S\u00e9cheur \u00e0 adsorption DD8L \u2013 8 litres constants de d\u00e9shumidification d\u00e9j\u00e0 \u00e0 partir de 1 \u00b0C<\/span><\/div>[\/vc_column][\/vc_row][vc_row][vc_column width=&#8221;1\/4&#8243;][vc_single_image image=&#8221;1492&#8243;][\/vc_column][vc_column width=&#8221;3\/4&#8243;]<div class=\"vcex-spacing wpex-w-100 wpex-clear\" style=\"height:40px;\"><\/div>[vc_column_text]Le <strong>MEACO DD8L<\/strong>\u00a0est le premier d\u00e9shumidificateur avec la technique d\u2019adsorption pour les m\u00e9nages priv\u00e9s et les propri\u00e9taires de roulottes ou bateaux. L\u2019avantage plus grand de la technique d\u2018adsorption est que le DD8L d\u00e9shumidifie constamment 8 litres par jour, ind\u00e9pendamment de la temp\u00e9rature, d\u00e9j\u00e0 \u00e0 partir de 1\u00b0 C. En plus, le DD8L peut baisser l\u2019humidit\u00e9 relative jusqu\u2019\u00e0 35% alors que les d\u00e9shumidificateurs \u00e0 condensation traditionnels arrivent seulement \u00e0 la r\u00e9duire jusqu\u2019\u00e0 40 \u2013 50%.\u00a0 Le linge humide est compl\u00e8tement sec seulement \u00e0 un taux d\u2019humidit\u00e9 inf\u00e9rieure \u00e0 40%. Cet avantage rend le MEACO DD8L le <strong>s\u00e8che-linge optimal pour tous les budgets<\/strong>.[\/vc_column_text][\/vc_column][\/vc_row][vc_row][vc_column][vc_column_text]Regardez la br\u00e8ve introduction du d\u00e9shumidificateur DD8L (en allemand) :[\/vc_column_text][vc_raw_html]JTNDaWZyYW1lJTIwd2lkdGglM0QlMjI1NjAlMjIlMjBoZWlnaHQlM0QlMjIzMTUlMjIlMjBzcmMlM0QlMjJodHRwcyUzQSUyRiUyRnd3dy55b3V0dWJlLmNvbSUyRmVtYmVkJTJGSklWZExBaFF3MlUlMjIlMjBmcmFtZWJvcmRlciUzRCUyMjAlMjIlMjBhbGxvd2Z1bGxzY3JlZW4lM0UlM0MlMkZpZnJhbWUlM0U=[\/vc_raw_html][\/vc_column][\/vc_row][vc_row][vc_column][vc_column_text]Animation 3D sur fonctionnement du DD8L (en allemand)\u00a0:[\/vc_column_text][vc_raw_html]JTNDaWZyYW1lJTIwd2lkdGglM0QlMjI1NjAlMjIlMjBoZWlnaHQlM0QlMjIzMTUlMjIlMjBzcmMlM0QlMjJodHRwcyUzQSUyRiUyRnd3dy55b3V0dWJlLmNvbSUyRmVtYmVkJTJGS0hqVjB0MzB2aHMlMjIlMjBmcmFtZWJvcmRlciUzRCUyMjAlMjIlMjBhbGxvd2Z1bGxzY3JlZW4lM0UlM0MlMkZpZnJhbWUlM0U=[\/vc_raw_html][\/vc_column][\/vc_row][vc_row][vc_column]<div class=\"vcex-heading vcex-module wpex-text-2xl wpex-font-normal wpex-m-auto wpex-max-w-100 vcex-heading-plain wpex-block\"><span class=\"vcex-heading-inner wpex-inline-block wpex-clr\">Emploi<\/span><\/div>[vc_column_text]C\u2019est justement gr\u00e2ce \u00e0 sa capacit\u00e9 de d\u00e9shumidification constante m\u00eame avec des temp\u00e9ratures froides que le MEACO DD8L est id\u00e9al pour l\u2019utilisation :[\/vc_column_text]<div class=\"vcex-spacing wpex-w-100 wpex-clear\" style=\"height:20px;\"><\/div><div class=\"vcex-module vcex-bullets vcex-bullets-check\">\n<ul>\n<li>Sur bateaux et barques pendant l\u2019hiver<\/li>\n<li>Sur camping- car et roulottes<\/li>\n<li>Dans les s\u00e9jours, salles de bains et chambres \u00e0 coucher<\/li>\n<li>Dans les appartements de vacances dans des r\u00e9gions plus froides (chalets, rusticos etc.)<\/li>\n<li>Pour le s\u00e9chage du linge<\/li>\n<\/ul>\n<\/div>[\/vc_column][\/vc_row][vc_row][vc_column]<div class=\"vcex-heading vcex-module wpex-text-2xl wpex-font-normal wpex-m-auto wpex-max-w-100 vcex-heading-plain wpex-block\"><span class=\"vcex-heading-inner wpex-inline-block wpex-clr\">Fonctionnement<\/span><\/div>[vc_column_text]Gr\u00e2ce \u00e0 la technique d\u2019adsorption sans compresseur ou r\u00e9frig\u00e9rant, le s\u00e9cheur \u00e0 adsorption MEACO DD8L est plus l\u00e9ger, plus silencieux et plus efficace des d\u00e9shumidificateurs \u00e0 condensation traditionnels. \u00c0 la place du compresseur, il y a une roue qui absorbe constamment l\u2019humidit\u00e9 pr\u00e9sente dans l\u2018air, et c\u2019est pour cette raison que l\u2019efficacit\u00e9 du MEACO DD8L n\u2019est pas influenc\u00e9e par la temp\u00e9rature ambiante. Cela signifie que l\u2019efficacit\u00e9 du MEACO DD8L correspond \u00e0 celle d\u2019un d\u00e9shumidificateur de 20 litres \u00e0 une temp\u00e9rature ambiante normale et \u00e0 celle d\u2019un d\u00e9shumidificateur de 40 litres \u00e0 une temp\u00e9rature inf\u00e9rieure \u00e0 10 \u00b0C.<br \/>\nComme le MEACO DD8L continue \u00e0 d\u00e9shumidifier constamment, avec sa puissance maximale,\u00a0 m\u00eame \u00e0 des temp\u00e9ratures jusqu\u2019\u00e0 1\u00b0C, il\u00a0 est le d\u00e9shumidificateur pr\u00e9f\u00e9r\u00e9 des propri\u00e9taires des bateaux, roulottes, appartements de vacances et des v\u00e9hicules de toutes sortes- Le MEACO DD8L emp\u00eache les mauvaises odeurs et la formation de moisissure et prot\u00e8ge les bateaux, roulottes, appartements de vacances des d\u00e9g\u00e2ts dus \u00e0 l\u2019humidit\u00e9, pendant l\u2019hiver.[\/vc_column_text][\/vc_column][\/vc_row][vc_row][vc_column]<div class=\"vcex-heading vcex-module wpex-text-2xl wpex-font-normal wpex-m-auto wpex-max-w-100 vcex-heading-plain wpex-block\"><span class=\"vcex-heading-inner wpex-inline-block wpex-clr\">Fonctionnement continu<\/span><\/div>[vc_column_text]Le s\u00e9cheur \u00e0 adsorption Meaco DD8L fonctionne de fa\u00e7on fiable aussi en votre absence, gr\u00e2ce \u00e0 la possibilit\u00e9 du drainage continu. La fonction de red\u00e9marrage garantit que, en cas de panne de courant, le d\u00e9shumidificateur reprend \u00e0 fonctionner automatiquement au niveau choisi par vous.[\/vc_column_text][\/vc_column][\/vc_row][vc_row][vc_column]<div class=\"vcex-heading vcex-module wpex-text-2xl wpex-font-normal wpex-m-auto wpex-max-w-100 vcex-heading-plain wpex-block\"><span class=\"vcex-heading-inner wpex-inline-block wpex-clr\">S\u00e8che \u2013 linge<\/span><\/div>[vc_column_text]Les clients MEACO, qui utilisent le DD8L dans leurs appartements, sont enthousiastes du fait qu\u2019il est aussi utilisable comme s\u00e8che \u2013 linge \u2013 p.ex. dans la salle de bains avec les fen\u00eatres ferm\u00e9es. D\u2019autres s\u2019\u00e9tonnent de voir la grande quantit\u00e9 d\u2019eau que le DD8L peut absorber tout en \u00e9tant tr\u00e8s silencieux lors de son fonctionnement.<br \/>\nUn autre avantage est le climat int\u00e9rieur agr\u00e9able. Gr\u00e2ce \u00e0 l\u2019air plus sec et l\u00e9g\u00e8rement plus chaud, l\u2019appartement devient un endroit plus confortable et plus chaleureux \u2013 vous ne grelotterez plus jamais \u00e0 cause de l\u2019air trop humide.<\/p>\n<p>Le DD8L est le premier d\u00e9shumidificateur avec la fonction de purificateur d\u2019air. L\u2019int\u00e9gration du purificateur (ioniseur) avec le filtre nano-argent antibact\u00e9riennes cr\u00e9e un air propre et sain.[\/vc_column_text][\/vc_column][\/vc_row][vc_row][vc_column]<div class=\"vcex-heading vcex-module wpex-text-2xl wpex-font-normal wpex-m-auto wpex-max-w-100 vcex-heading-plain wpex-block\"><span class=\"vcex-heading-inner wpex-inline-block wpex-clr\">Les avantages en bref<\/span><\/div><div class=\"vcex-spacing wpex-w-100 wpex-clear\" style=\"height:20px;\"><\/div><div class=\"vcex-module vcex-bullets vcex-bullets-check\">\n<ul>\n<li>Capacit\u00e9 de d\u00e9shumidification constante, 8 litres par jour \u00e0 toutes les temp\u00e9ratures<\/li>\n<li>Id\u00e9al pour l\u2019emploi \u00e0 des temp\u00e9ratures ambiantes froides \u00e0 partir de 1 \u00b0C<\/li>\n<li>Filtre nano-argent antibact\u00e9riennes<\/li>\n<li>Purificateur de l\u2019air int\u00e9gr\u00e9e (ioniseur)<\/li>\n<li>Recouvrement du r\u00e9servoir d\u2019eau<\/li>\n<li>Fonctionnement continu possible gr\u00e2ce \u00e0 l\u2019\u00e9vacuation directe (tuyau en option)<\/li>\n<li>Fonction red\u00e9marrage en cas de panne de courant<\/li>\n<li>Tr\u00e8s silencieux pendant le fonctionnement (39 dB(A) au niveau minimal)<\/li>\n<li>Chauffage de l\u2019air de 10 \u2013 12 \u00b0C pendant le fonctionnement<\/li>\n<li>Entr\u00e9e de l\u2019air dans la face avant, sortie de l\u2019air par le c\u00f4t\u00e9 sup\u00e9rieur \u2013 conduit d\u2019air optimal<\/li>\n<\/ul>\n<\/div>[vc_column_text]R\u00e9sumant tous les avantages on peut conclure que : Le MEACO DD8L est le meilleur choix pour la grande majorit\u00e9 des utilisateurs priv\u00e9s \u2013 les utilisations possibles sont multiples \u2013 dans l\u2019appartement, les caravanes, les roulottes, dans le garage ou sur le bateau \u2013 le DD8L apporte une capacit\u00e9 de d\u00e9shumidification constante, quelle que soit la temp\u00e9rature ambiante et cr\u00e9e, gr\u00e2ce \u00e0 son ioniseur int\u00e9gr\u00e9, un environnement tout \u00e0 fait sain.[\/vc_column_text][\/vc_column][\/vc_row][vc_row][vc_column]<div class=\"vcex-heading vcex-module wpex-text-2xl wpex-font-normal wpex-m-auto wpex-max-w-100 vcex-heading-plain wpex-block\"><span class=\"vcex-heading-inner wpex-inline-block wpex-clr\">Donn\u00e9es techniques<\/span><\/div>[vc_table vc_table_theme=&#8221;classic_blue&#8221;]Meaco%20DD8L,|Pour%20appartements%20jusqu%E2%80%99%C3%A0%20,40%20m%C2%B2|Capacit%C3%A9%20de%20d%C3%A9shumidification%20,8%20litres%20par%20jour%20(%C3%A0%20toutes%20les%20temp%C3%A9ratures)|Hygrostat%20,Oui%2C%20%C3%A9lectronique|Contr%C3%B4le%20%C3%A9lectronique%20,Oui|Filtre%20%C3%A0%20air,Oui%20%E2%80%93%20Filtre%20nano-argent%20antibact%C3%A9riennes%20%20|Nombre%20de%20niveaux%20de%20ventilation%20,3|D%C3%A9bit%20d%E2%80%99air%20,80%20%2F%20100%20%2F%20225%20m%C2%B3%2Fh|%C3%89vacuation%20directe%20,Possible|R%C3%A9servoir%20d%E2%80%99eau%20,2%20litres|Bruit%20de%20fonctionnement%20au%20niveau%20de%20puissance,39%20%2F%2043%20%2F%2048%20dB(A)|Temp%C3%A9rature,1%20-%20%2037%20%C2%B0C|Alimentation%20secteur,220-240V%20%2F%2050Hz|Consommation,30%20%2F%20330%20%2F%20650%20Watt|Afflux,1.6%20A|Compresseur,Non-pr%C3%A9sent%20(s%C3%A9cheur%20%C3%A0%20adsorption)|R%C3%A9frig%C3%A9rant,Non-%20n%C3%A9cessaire%20|D%C3%A9givrage%20automatique,Non%20-%20%20n%C3%A9cessaire|Dimension%20(hauteur%20x%20largeur%20x%20profondeur),320%20x%20180%20x%20500%20mm|Poids,6.4%20kg[\/vc_table][vc_column_text]T\u00e9l\u00e9chargez maintenant : <a href=\"https:\/\/meaco.ch\/wp-content\/uploads\/2012\/02\/meaco-dd8l-datenblatt-meaco.pdf\">fiche technique MEACO DD8L <\/a>[\/vc_column_text][\/vc_column][\/vc_row][vc_row][vc_column]<div class=\"vcex-heading vcex-module wpex-text-2xl wpex-font-normal wpex-m-auto wpex-max-w-100 vcex-heading-plain wpex-block\"><span class=\"vcex-heading-inner wpex-inline-block wpex-clr\">Conclusion<\/span><\/div>[vc_column_text]Le\u00a0<em>Meaco DD8L<\/em>\u00a0est sans aucun doute le d\u00e9shumidificateur avec le plus grand nombre de possibilit\u00e9 d\u2019utilisation. Ce s\u00e9cheur \u00e0 adsorption est id\u00e9al, gr\u00e2ce \u00e0 la fonction de s\u00e9chage du linge efficace, pour s\u00e9cher le linge dans l\u2019appartement.[\/vc_column_text][\/vc_column][\/vc_row][vc_row][vc_column]<div class=\"vcex-heading vcex-module wpex-text-2xl wpex-font-normal wpex-m-auto wpex-max-w-100 vcex-heading-plain wpex-block\"><span class=\"vcex-heading-inner wpex-inline-block wpex-clr\">Rapport des tests ind\u00e9pendants des d\u00e9shumidificateurs<\/span><\/div>[vc_column_text]<em>Practical Boat Owner<\/em>: \u201eLe vainqueur est le s\u00e9cheur \u00e0 adsorption Meaco DD8L. Il a une performance tr\u00e8s impressionnante, m\u00eame \u00e0 des temp\u00e9ratures froides. Ce Meaco est un poids mouche et le d\u00e9shumidificateur le plus compact dans le test.\u201c<\/p>\n<p><em>Sunday Mirror<\/em> : Meaco a gagn\u00e9 deux fois le test \u201e<em>Best on Test<\/em>\u201e.[\/vc_column_text][\/vc_column][\/vc_row][vc_row][vc_column][vc_cta h2=&#8221;Commentaire de MEACO&#8221;]\n<blockquote><p>&#8220;Le s\u00e9cheur \u00e0 adsorption DD8L est devenu le favori de client obtenant une moyenne de 9 points sur 10 sur notre site. Personnellement, je ne suis pas particuli\u00e8rement surpris parce que le DD8L est un d\u00e9shumidificateur \u00e0 tout faire. Que ce soit dans les applications sans surveillance, comme la d\u00e9shumidification des bateaux, des garages, caravanes ou maisons des vacances, ainsi que dans les op\u00e9rations de tous les jours dans les appartements, le DD8L nous convainc dans toutes les situations. \u201c<\/p>\n<p>&#8220;Je sais que les clients, qui utilisent le DD8L pour le s\u00e9chage du linge, ne veulent plus y renoncer. J\u2019ai pass\u00e9 beaucoup de temps, dans les derni\u00e8res cinq ann\u00e9es, avec nos sites de production, pour faire avancer et d\u00e9velopper la technologie de l\u2019adsorption pour la d\u00e9shumidification. Aujourd\u2019hui, je suis heureux de savoir que, apr\u00e8s tout le travail, nous avons pu produire un d\u00e9shumidificateur vraiment tr\u00e8s efficace et appr\u00e9ci\u00e9 par beaucoup de gens.\u201c<\/p><\/blockquote>\n<p><em>Chris Michael<\/em>\u00a0\u2013\u00a0<em>Directeur et fondateur de Meaco avec plus de 20 ans d\u2019exp\u00e9rience dans la d\u00e9shumidification.<\/em>[\/vc_cta][\/vc_column][\/vc_row][vc_row][vc_column]<div class=\"vcex-heading vcex-module wpex-text-2xl wpex-font-normal wpex-m-auto wpex-max-w-100 vcex-heading-plain wpex-block\"><span class=\"vcex-heading-inner wpex-inline-block wpex-clr\">O\u00f9 acheter?<\/span><\/div><div class=\"vcex-spacing wpex-w-100 wpex-clear\"><\/div>[vc_row_inner][vc_column_inner width=&#8221;1\/3&#8243;][vc_single_image image=&#8221;2003&#8243; img_size=&#8221;medium&#8221; onclick=&#8221;custom_link&#8221; img_link_target=&#8221;_blank&#8221; css=&#8221;&#8221; link=&#8221;https:\/\/ecofort.ch\/fr\/collections\/meaco&#8221;]<div class=\"vcex-module vcex-bullets vcex-bullets-check\">\n<ul>\n<li>Disponible dans la boutique en ligne ecofort et dans le magasin \u00e0 Nidau<\/li>\n<li><span id=\"result_box\" class=\"short_text\" lang=\"fr\">Livraison gratuite<\/span><\/li>\n<\/ul>\n<\/div><a href=\"https:\/\/ecofort.ch\/fr\/collections\/meaco\" title=\"ecofort AG\" class=\"vcex-button theme-button inline\" target=\"_blank\" rel=\"noopener noreferrer\"><span class=\"theme-button-inner\">D\u00e9couvrez MEACO chez ecofort<\/span><\/a> [\/vc_column_inner][\/vc_row_inner][\/vc_column][\/vc_row]\n<\/div>","protected":false},"excerpt":{"rendered":"<p>[vc_row][vc_column][\/vc_column][\/vc_row][vc_row][vc_column width=&#8221;1\/4&#8243;][vc_single_image image=&#8221;1492&#8243;][\/vc_column][vc_column width=&#8221;3\/4&#8243;][vc_column_text]Le MEACO DD8L\u00a0est le premier d\u00e9shumidificateur avec la technique d\u2019adsorption pour les m\u00e9nages priv\u00e9s et les propri\u00e9taires de roulottes ou bateaux. L\u2019avantage plus grand de la technique d\u2018adsorption est que le DD8L d\u00e9shumidifie constamment 8 litres par jour, ind\u00e9pendamment de la temp\u00e9rature, d\u00e9j\u00e0 \u00e0 partir de 1\u00b0 C. En plus, le DD8L&hellip;<\/p>\n","protected":false},"author":8,"featured_media":0,"parent":419,"menu_order":1,"comment_status":"open","ping_status":"open","template":"","meta":{"footnotes":""},"class_list":["post-423","page","type-page","status-publish","hentry","entry","no-media"],"aioseo_notices":[],"_links":{"self":[{"href":"https:\/\/meaco.ch\/fr\/wp-json\/wp\/v2\/pages\/423","targetHints":{"allow":["GET"]}}],"collection":[{"href":"https:\/\/meaco.ch\/fr\/wp-json\/wp\/v2\/pages"}],"about":[{"href":"https:\/\/meaco.ch\/fr\/wp-json\/wp\/v2\/types\/page"}],"author":[{"embeddable":true,"href":"https:\/\/meaco.ch\/fr\/wp-json\/wp\/v2\/users\/8"}],"replies":[{"embeddable":true,"href":"https:\/\/meaco.ch\/fr\/wp-json\/wp\/v2\/comments?post=423"}],"version-history":[{"count":25,"href":"https:\/\/meaco.ch\/fr\/wp-json\/wp\/v2\/pages\/423\/revisions"}],"predecessor-version":[{"id":4588,"href":"https:\/\/meaco.ch\/fr\/wp-json\/wp\/v2\/pages\/423\/revisions\/4588"}],"up":[{"embeddable":true,"href":"https:\/\/meaco.ch\/fr\/wp-json\/wp\/v2\/pages\/419"}],"wp:attachment":[{"href":"https:\/\/meaco.ch\/fr\/wp-json\/wp\/v2\/media?parent=423"}],"curies":[{"name":"wp","href":"https:\/\/api.w.org\/{rel}","templated":true}]}}