{"id":476,"date":"2011-09-24T18:42:59","date_gmt":"2011-09-24T17:42:59","guid":{"rendered":"https:\/\/meaco.ch\/?page_id=476"},"modified":"2019-01-08T15:37:27","modified_gmt":"2019-01-08T14:37:27","slug":"a-propos-de-meaco","status":"publish","type":"page","link":"https:\/\/meaco.ch\/fr\/a-propos-de-meaco\/","title":{"rendered":"\u00c0 propos de Meaco"},"content":{"rendered":"<div class=\"wpb-content-wrapper\">[vc_row][vc_column][vc_column_text]<em>MEACO<\/em>\u00a0signifie \u201e<strong>ME<\/strong>asurement\u00a0<strong>A<\/strong>nd\u00a0<strong>CO<\/strong>ntrol\u201c (anglais pour \u201e<em>Mesurer et Contr\u00f4ler<\/em>\u201e) et a \u00e9t\u00e9 fond\u00e9 en 1991 par Chris<em> Michael<\/em> en Angleterre. \u00a0Tout d\u2019abord, Meaco \u00e9tait sp\u00e9cialis\u00e9 dans la surveillance du climat int\u00e9rieur des mus\u00e9es, des archiver et des galeries d\u2019art dans toute l\u2019Europe. <em>MEACO<\/em>\u00a0utilise les d\u00e9shumidificateurs pour le contr\u00f4le du climat, pour surveiller avec pr\u00e9cision la temp\u00e9rature ambiante en certains environnements probl\u00e9matiques, afin d\u2019\u00e9viter des d\u00e9g\u00e2ts dus \u00e0 l\u2018humidit\u00e9 et pour la conservation des \u0153uvres d\u2019art pr\u00e9cieuses.<\/p>\n<p><em>MEACO<\/em>\u00a0utilise les nombreuses ann\u00e9es d\u2019exp\u00e9rience et sa connaissance technique pour d\u00e9velopper des d\u00e9shumidificateurs efficaces et performants pour les familles et les entreprises.[\/vc_column_text]<div class=\"vcex-spacing wpex-w-100 wpex-clear\"><\/div>[vc_row_inner][vc_column_inner width=&#8221;1\/2&#8243;]<div class=\"vcex-spacing wpex-w-100 wpex-clear\" style=\"height:35px;\"><\/div>[vc_single_image image=&#8221;1339&#8243; style=&#8221;vc_box_rounded&#8221;][\/vc_column_inner][vc_column_inner width=&#8221;1\/2&#8243;][vc_cta h2=&#8221;&#8221;]\n<blockquote><p>\u00a0\u201eMEACO est conscient du fait qu\u2019acheter un d\u00e9shumidificateur n\u2019est pas vraiment une chose captivante, mais nos d\u00e9shumidificateurs peuvent r\u00e9soudre de s\u00e9rieux probl\u00e8mes pour lesquels un propri\u00e9taire ou un locataire cherche une solution. Venez nous rendre visite avec votre probl\u00e8me d\u2019humidit\u00e9 et laissez \u2013 nous vous montrer la solution parfaite, gr\u00e2ce \u00e0 nos nombreuses ann\u00e9es d\u2019exp\u00e9rience.&#8221;<\/p>\n<p>&nbsp;<\/p>\n<p><strong>Chris Michael<\/strong>, directeur, fondateur et chef &#8211; d\u00e9veloppeur chez MEACO d\u00e9shumidificateurs<\/p><\/blockquote>\n[\/vc_cta][\/vc_column_inner][\/vc_row_inner]<div class=\"vcex-module vcex-bullets vcex-bullets-check\">\n<h2>Les clients disent de MEACO \u2026<\/h2>\n<ul>\n<li>2\/3 affirment qu\u2019ils sentent leur maison plus chaude gr\u00e2ce \u00e0 MEACO.<\/li>\n<li>Un client sur deux dit que les d\u00e9shumidificateurs MEACO r\u00e9duisent les co\u00fbts de chauffage ou, au moins, ils ne les augmentent pas.<\/li>\n<li>91% des clients interrog\u00e9s ont d\u00e9clar\u00e9 que MEACO a am\u00e9lior\u00e9 leur vie.<\/li>\n<li>95% des clients interrog\u00e9s sont satisfaits avec leur d\u00e9shumidificateur<\/li>\n<li>96% des clients interrog\u00e9s recommanderaient MEACO \u00e0 leurs amis.<\/li>\n<\/ul>\n<\/div>[\/vc_column][\/vc_row][vc_row][vc_column]<div class=\"vcex-heading vcex-module wpex-text-2xl wpex-font-normal wpex-m-auto wpex-max-w-100 vcex-heading-plain wpex-block\"><span class=\"vcex-heading-inner wpex-inline-block wpex-clr\">L'histoire de MEACO<\/span><\/div>[vc_single_image image=&#8221;2892&#8243;][\/vc_column][\/vc_row]\n<\/div>","protected":false},"excerpt":{"rendered":"<p>[vc_row][vc_column][vc_column_text]MEACO\u00a0signifie \u201eMEasurement\u00a0And\u00a0COntrol\u201c (anglais pour \u201eMesurer et Contr\u00f4ler\u201e) et a \u00e9t\u00e9 fond\u00e9 en 1991 par Chris Michael en Angleterre. \u00a0Tout d\u2019abord, Meaco \u00e9tait sp\u00e9cialis\u00e9 dans la surveillance du climat int\u00e9rieur des mus\u00e9es, des archiver et des galeries d\u2019art dans toute l\u2019Europe. MEACO\u00a0utilise les d\u00e9shumidificateurs pour le contr\u00f4le du climat, pour surveiller avec pr\u00e9cision la temp\u00e9rature ambiante&hellip;<\/p>\n","protected":false},"author":8,"featured_media":0,"parent":0,"menu_order":5,"comment_status":"closed","ping_status":"closed","template":"","meta":{"footnotes":""},"class_list":["post-476","page","type-page","status-publish","hentry","entry","no-media"],"aioseo_notices":[],"_links":{"self":[{"href":"https:\/\/meaco.ch\/fr\/wp-json\/wp\/v2\/pages\/476","targetHints":{"allow":["GET"]}}],"collection":[{"href":"https:\/\/meaco.ch\/fr\/wp-json\/wp\/v2\/pages"}],"about":[{"href":"https:\/\/meaco.ch\/fr\/wp-json\/wp\/v2\/types\/page"}],"author":[{"embeddable":true,"href":"https:\/\/meaco.ch\/fr\/wp-json\/wp\/v2\/users\/8"}],"replies":[{"embeddable":true,"href":"https:\/\/meaco.ch\/fr\/wp-json\/wp\/v2\/comments?post=476"}],"version-history":[{"count":10,"href":"https:\/\/meaco.ch\/fr\/wp-json\/wp\/v2\/pages\/476\/revisions"}],"predecessor-version":[{"id":2895,"href":"https:\/\/meaco.ch\/fr\/wp-json\/wp\/v2\/pages\/476\/revisions\/2895"}],"wp:attachment":[{"href":"https:\/\/meaco.ch\/fr\/wp-json\/wp\/v2\/media?parent=476"}],"curies":[{"name":"wp","href":"https:\/\/api.w.org\/{rel}","templated":true}]}}