{"id":1719,"date":"2011-09-24T20:26:53","date_gmt":"2011-09-24T19:26:53","guid":{"rendered":"https:\/\/meaco.ch\/?page_id=1719\/"},"modified":"2017-07-28T16:10:47","modified_gmt":"2017-07-28T15:10:47","slug":"allergici","status":"publish","type":"page","link":"https:\/\/meaco.ch\/it\/applicazione\/allergici\/","title":{"rendered":"Allergici"},"content":{"rendered":"<div class=\"wpb-content-wrapper\">[vc_row][vc_column]<div class=\"vcex-heading vcex-module wpex-text-2xl wpex-font-normal wpex-m-auto wpex-max-w-100 vcex-heading-plain wpex-block\"><span class=\"vcex-heading-inner wpex-inline-block wpex-clr\">Combattere gli acari della polvere<br \/><\/span><\/div>[vc_column_text]Da esperti della deumidificazione ci chiedono spesso come l\u2019utilizzo di un deumidificatore possa ridurre gli effetti negativi degli acari della polvere.<\/p>\n<p>Esiste un nesso tra l\u2019umidit\u00e0 relativa e il numero di acari della polvere presenti in un appartamento. Questo articolo vi dimostrer\u00e0 come l\u2019uso di un deumidificatore combatte gli acari della polvere facendo diminuire drasticamente i sintomi dell\u2019allergia alla polvere.[\/vc_column_text][\/vc_column][\/vc_row][vc_row][vc_column]<div class=\"vcex-heading vcex-module wpex-text-2xl wpex-font-normal wpex-m-auto wpex-max-w-100 vcex-heading-plain wpex-block\"><span class=\"vcex-heading-inner wpex-inline-block wpex-clr\">Fatti sugli acari della polvere<\/p>\n<p><\/span><\/div>[vc_row_inner][vc_column_inner width=&#8221;2\/3&#8243;][vc_column_text]\n<ul>\n<li>Gli acari della polvere non sono visibili a occhio nudo a causa delle loro dimensioni di soli 0.2 &#8211; 0.4 mm<\/li>\n<li>Le femmine degli acari vivono all\u2019incirca 60 giorni e trascorrono gli ultimi 30 giorni deponendo numerose uova. I maschi degli acari vivono in media solo 19 \u2013 30 giorni.<\/li>\n<li>Gli acari della polvere si nutrono principalmente di desquamazioni umane (forfora, resti di cute, capelli, unghie ecc.)<\/li>\n<li>Le desquamazioni che un essere umano perde durante un anno possono nutrire 1.5 milione di acari.<\/li>\n<li>In pochi anni possono ammassarsi milioni di acari sia vivi che morti nei materassi e nei cuscini.<\/li>\n<li>L\u2018 80% della polvere visibile alla luce del sole \u00e8 composta da resti di pelle.<\/li>\n<li>Gli acari della polvere causano spesso asma e allergie quando le loro feci vengono inspirate dall\u2019essere umano.<\/li>\n<li>Non \u00e8 possibile eliminare tutti gli acari della polvere, per\u00f2 \u00e8 possibile ridurne la quantit\u00e0.<\/li>\n<\/ul>\n[\/vc_column_text][\/vc_column_inner][vc_column_inner width=&#8221;1\/3&#8243;]<div class=\"vcex-spacing wpex-w-100 wpex-clear\" style=\"height:40px;\"><\/div>[vc_single_image image=&#8221;125&#8243;][\/vc_column_inner][\/vc_row_inner][\/vc_column][\/vc_row][vc_row][vc_column]<div class=\"vcex-heading vcex-module wpex-text-2xl wpex-font-normal wpex-m-auto wpex-max-w-100 vcex-heading-plain wpex-block\"><span class=\"vcex-heading-inner wpex-inline-block wpex-clr\">5 punti per combattere gli acari della polvere<\/p>\n<p><\/span><\/div>[vc_column_text]\n<ol>\n<li>Riducete l\u2019umidit\u00e0 relativa nel vostro appartamento, in questo modo l\u2019acaro non potr\u00e0 riprodursi molto velocemente.<\/li>\n<li>Lavate spesso le tende e i copripiumini.<\/li>\n<li>Utilizzate un aspirapolvere con un filtro HEPA e svuotate spesso l\u2019aspirapolvere.<\/li>\n<li>Gli animaletti di stoffa dei bambini sono generalmente pieni di acari \u2013 metteteli una notte nel freezer per liberarli dagli acari.<\/li>\n<li>Evitate di acquistare tappeti a pelo lungo, difficili da tenere puliti e nei quali si impigliano acari e polvere.<\/li>\n<\/ol>\n<p>I punti da 2 a 5 sono relativamente facili da applicare e sono auto esplicativi. Il primo punto, invece, spesso rende insicura la gente, perch\u00e9 non sa da dove proviene l\u2019umidit\u00e0 relativa presente nel proprio appartamento e di conseguenza non sa come fare per poterla ridurre. Questo punto \u00e8 molto importante, datosi che gli acari si riproducono molto pi\u00f9 lentamente con un tasso di umidit\u00e0 basso e ci\u00f2 significa che la loro popolazione viene ridotta.<\/p>\n<p>Gli acari della polvere amano l\u2019elevata umidit\u00e0: pi\u00f9 \u00e8 elevata l\u2019umidit\u00e0 relativa, pi\u00f9 velocemente si riproducono. In inverno, solitamente, l\u2019appartamento \u00e8 caldo e asciutto, ma in primavera, e ancor di pi\u00f9, in estate, molti appartamenti sono caldi e anche umidi.<\/p>\n<p>Arieggiare bene non risolve completamente il problema, poich\u00e9 l\u2019umidit\u00e0 relativa si adatta a quella esterna. Gli acari della polvere si moltiplicano soprattutto con un tasso di umidit\u00e0 superiore al 60%, valore che viene raggiunto spesso in estate. L\u2019unica soluzione davvero efficace per ridurre l\u2019umidit\u00e0 nel proprio appartamento \u00e8 l\u2018utilizzo di un deumidificatore. Un deumidificatore portatile \u00e8 sufficiente per ridurre l\u2019elevata umidit\u00e0 e riportarla a un livello sano.[\/vc_column_text][\/vc_column][\/vc_row][vc_row][vc_column width=&#8221;1\/2&#8243;]<div class=\"vcex-heading vcex-module wpex-text-2xl wpex-font-normal wpex-m-auto wpex-max-w-100 vcex-heading-plain wpex-block\"><span class=\"vcex-heading-inner wpex-inline-block wpex-clr\">Fatti sui deumidificatori:<br \/><\/span><\/div>[vc_column_text]\n<ul>\n<li>Riducono l\u2019umidit\u00e0 relativa per evitare la presenza di acari della polvere e la formazione della muffa nel vostro appartamento.<\/li>\n<li>Riducono le spese di riscaldamento deumidificando l\u2019aria e migliorando in questo modo il clima di casa vostra.<\/li>\n<li>Riducono quella sensazione \u201eappiccicosa\u201c nei caldi giorni estivi causati dall\u2019elevata umidit\u00e0.<\/li>\n<\/ul>\n[\/vc_column_text][\/vc_column][vc_column width=&#8221;1\/2&#8243;]<div class=\"vcex-heading vcex-module wpex-text-2xl wpex-font-normal wpex-m-auto wpex-max-w-100 vcex-heading-plain wpex-block\"><span class=\"vcex-heading-inner wpex-inline-block wpex-clr\">Deumidificatori per gli allergici:<br \/><\/span><\/div>[vc_column_text]\n<ul>\n<li><a href=\"https:\/\/meaco.ch\/it\/deumidificatori\/low-energy\/12l\/\">Meaco 12L Low Energy<\/a> deumidificatore con filtro HEPA<\/li>\n<li><a href=\"https:\/\/meaco.ch\/it\/deumidificatori\/low-energy\/20l\/\">Meaco 20L Low Energy\u00a0<\/a>deumidificatore con filtro HEPA<\/li>\n<\/ul>\n<p><strong>Ulteriori informazioni sugli acari della polvere: <\/strong><\/p>\n<p>Wikipedia Articolo sugli <a href=\"https:\/\/it.wikipedia.org\/wiki\/Acarina\" target=\"_blank\" rel=\"noopener\">acari<\/a>[\/vc_column_text][\/vc_column][\/vc_row]\n<\/div>","protected":false},"excerpt":{"rendered":"<p>[vc_row][vc_column][vc_column_text]Da esperti della deumidificazione ci chiedono spesso come l\u2019utilizzo di un deumidificatore possa ridurre gli effetti negativi degli acari della polvere. Esiste un nesso tra l\u2019umidit\u00e0 relativa e il numero di acari della polvere presenti in un appartamento. Questo articolo vi dimostrer\u00e0 come l\u2019uso di un deumidificatore combatte gli acari della polvere facendo diminuire drasticamente&hellip;<\/p>\n","protected":false},"author":8,"featured_media":0,"parent":1713,"menu_order":0,"comment_status":"open","ping_status":"open","template":"","meta":{"footnotes":""},"class_list":["post-1719","page","type-page","status-publish","hentry","entry","no-media"],"aioseo_notices":[],"_links":{"self":[{"href":"https:\/\/meaco.ch\/it\/wp-json\/wp\/v2\/pages\/1719","targetHints":{"allow":["GET"]}}],"collection":[{"href":"https:\/\/meaco.ch\/it\/wp-json\/wp\/v2\/pages"}],"about":[{"href":"https:\/\/meaco.ch\/it\/wp-json\/wp\/v2\/types\/page"}],"author":[{"embeddable":true,"href":"https:\/\/meaco.ch\/it\/wp-json\/wp\/v2\/users\/8"}],"replies":[{"embeddable":true,"href":"https:\/\/meaco.ch\/it\/wp-json\/wp\/v2\/comments?post=1719"}],"version-history":[{"count":7,"href":"https:\/\/meaco.ch\/it\/wp-json\/wp\/v2\/pages\/1719\/revisions"}],"predecessor-version":[{"id":1882,"href":"https:\/\/meaco.ch\/it\/wp-json\/wp\/v2\/pages\/1719\/revisions\/1882"}],"up":[{"embeddable":true,"href":"https:\/\/meaco.ch\/it\/wp-json\/wp\/v2\/pages\/1713"}],"wp:attachment":[{"href":"https:\/\/meaco.ch\/it\/wp-json\/wp\/v2\/media?parent=1719"}],"curies":[{"name":"wp","href":"https:\/\/api.w.org\/{rel}","templated":true}]}}