{"id":1735,"date":"2011-09-24T20:24:07","date_gmt":"2011-09-24T19:24:07","guid":{"rendered":"https:\/\/meaco.ch\/?page_id=1735\/"},"modified":"2020-05-13T13:58:34","modified_gmt":"2020-05-13T12:58:34","slug":"camper","status":"publish","type":"page","link":"https:\/\/meaco.ch\/it\/applicazione\/camper\/","title":{"rendered":"Camper"},"content":{"rendered":"<div class=\"wpb-content-wrapper\">[vc_row][vc_column]<div class=\"vcex-heading vcex-module wpex-text-2xl wpex-font-normal wpex-m-auto wpex-max-w-100 vcex-heading-plain wpex-block\"><span class=\"vcex-heading-inner wpex-inline-block wpex-clr\">Deumidificatori per roulotte e camper<\/p>\n<p><\/span><\/div>[vc_column_text]Quando il camper, la roulotte o l\u2019attrezzatura da campeggio vengono riposti nel box auto durante l\u2019inverno, l\u2019umidit\u00e0 elevata pu\u00f2 causare uno sgradevole odore di muffa e infine la formazione di quest\u2019ultima.<\/p>\n<p>E per questo motivo \u00e8 importante osservare e controllare l\u2019umidit\u00e0 relativa. Per questo controllo avete bisogno di un igrometro, meglio un igrometro a capello di quello digitale poich\u00e9 \u00e8 pi\u00f9 preciso. Per prevenire ed evitare i danni causati dall\u2019umidit\u00e0, \u00e8 importante utilizzare un deumidificatore. Essi controllano l\u2019umidit\u00e0 dell\u2019aria e la eliminano in caso sia troppo elevata.<\/p>\n[\/vc_column_text][vc_column_text]I seguenti punti sono fondamentali nella scelta del deumidificatore:<\/p>\n<ul>\n<li><strong>Circolazione dell<\/strong><strong>\u2019<\/strong><strong>aria<\/strong>:Il deumidificatore deve far circolare bene l\u2019aria, in modo da raggiungere e deumidificare ogni angolo della stanza.<\/li>\n<li><strong>Funzione auto-start<\/strong>: Molti deumidificatori passano alla modalit\u00e0 di stand- by in caso di black out, quindi non sono ideali per il funzionamento continuo n\u00e9 tantomeno per lo svernamento di camper, roulotte o auto. Per questo motivo vi consigliamo di scegliere un essiccatore in grado di riprendere automaticamente il funzionamento dopo un black-out, nella modalit\u00e0 da voi impostata precedentemente.<\/li>\n<li><strong>Temperatura ambiente<\/strong>: Pi\u00f9 alta la temperatura ambiente, maggiore sar\u00e0 la quantit\u00e0 di umidit\u00e0 assorbita dall\u2019aria e di conseguenza la deumidificazione di una stanza con un deumidificatore a condensazione sar\u00e0 piuttosto veloce. In box auto o nei depositi riscaldati male o non riscaldati affatto si dovrebbe quindi utilizzare un deumidificatore, in grado di deumidificare un ambiente in modo efficace, anche a basse temperature. Questo tipo di deumidificatore si chiama essiccatore ad assorbimento. Gli essiccatori ad assorbimento sono da preferire ai deumidificatori a condensazione in ambienti con temperature inferiori ai 10 \u00b0C.<\/li>\n<li><strong>Scarico diretto<\/strong>: Soprattutto durante la deumidificazione non monitorata, come quella durante lo svernamento, il deumidificatore dovrebbe offrire la possibilit\u00e0 di scaricare l\u2019acqua di condensa in un tubo. Questo \u00e8 un presupposto per il funzionamento continuo senza monitoraggio, poich\u00e9, diversamente, dovreste andare a svuotare regolarmente il serbatoio.<\/li>\n<\/ul>\n[\/vc_column_text][vc_column_text]\n<h3>I nostri consigli<\/h3>\n<p>L\u2019essiccatore ad assorbimento Meaco DD8L soddisfa tutti i criteri summenzionati e vengono quindi utilizzati spesso durante lo svernamento di camper, roulotte, auto, barche e l\u2019attrezzatura da campeggio. Questo deumidificatore funziona secondo il principio dell\u2019assorbimento e deumidificano, quindi, costantemente 8 litri al giorno \u2013 indipendentemente dalla temperatura dell\u2019ambiente.<\/p>\n<p>Il Meaco DD8L sono fondamentalmente pi\u00f9 leggeri e compatti dei deumidificatori a condensazione tradizionali e occupano poco spazio quando non vengono utilizzati. Inoltre, il Meaco DD8L \u00e8 perfetto per deumidificare la roulotte durante il campeggio.<\/p>\n<p><strong>Per velocizzare l\u2019asciugatura del vostro bucato<\/strong> <strong>nel vostro camper o nella vostra <\/strong><strong>roulotte<\/strong>, potete usare il <strong>Meaco DD8L come asciugabiancheria. Tutto ci\u00f2 pu\u00f2 essere molto utile durante le giornate di <\/strong><strong>pioggia in<\/strong><strong> campeggio. <\/strong>Inoltre il Meaco DD8L produco un <strong>clima interno piacevole e sano<\/strong> in casa, nel camper o nella roulotte grazie allo <strong>ionizzatore<\/strong> integrato.<\/p>\n<p><strong>Ulteriori informazioni sull\u2018 essiccatore ad assorbimento <\/strong><a href=\"\/deumidificatori\/ad-adsorbimento\/meaco-dd8l\/\"><strong>Meaco<\/strong>\u00a0<strong>DD8L<\/strong><\/a>[\/vc_column_text][\/vc_column][\/vc_row]\n<\/div>","protected":false},"excerpt":{"rendered":"<p>[vc_row][vc_column][vc_column_text]Quando il camper, la roulotte o l\u2019attrezzatura da campeggio vengono riposti nel box auto durante l\u2019inverno, l\u2019umidit\u00e0 elevata pu\u00f2 causare uno sgradevole odore di muffa e infine la formazione di quest\u2019ultima. E per questo motivo \u00e8 importante osservare e controllare l\u2019umidit\u00e0 relativa. Per questo controllo avete bisogno di un igrometro, meglio un igrometro a capello&hellip;<\/p>\n","protected":false},"author":8,"featured_media":0,"parent":1713,"menu_order":0,"comment_status":"open","ping_status":"open","template":"","meta":{"footnotes":""},"class_list":["post-1735","page","type-page","status-publish","hentry","entry","no-media"],"aioseo_notices":[],"_links":{"self":[{"href":"https:\/\/meaco.ch\/it\/wp-json\/wp\/v2\/pages\/1735","targetHints":{"allow":["GET"]}}],"collection":[{"href":"https:\/\/meaco.ch\/it\/wp-json\/wp\/v2\/pages"}],"about":[{"href":"https:\/\/meaco.ch\/it\/wp-json\/wp\/v2\/types\/page"}],"author":[{"embeddable":true,"href":"https:\/\/meaco.ch\/it\/wp-json\/wp\/v2\/users\/8"}],"replies":[{"embeddable":true,"href":"https:\/\/meaco.ch\/it\/wp-json\/wp\/v2\/comments?post=1735"}],"version-history":[{"count":9,"href":"https:\/\/meaco.ch\/it\/wp-json\/wp\/v2\/pages\/1735\/revisions"}],"predecessor-version":[{"id":3254,"href":"https:\/\/meaco.ch\/it\/wp-json\/wp\/v2\/pages\/1735\/revisions\/3254"}],"up":[{"embeddable":true,"href":"https:\/\/meaco.ch\/it\/wp-json\/wp\/v2\/pages\/1713"}],"wp:attachment":[{"href":"https:\/\/meaco.ch\/it\/wp-json\/wp\/v2\/media?parent=1735"}],"curies":[{"name":"wp","href":"https:\/\/api.w.org\/{rel}","templated":true}]}}