{"id":1744,"date":"2017-05-18T14:26:44","date_gmt":"2017-05-18T13:26:44","guid":{"rendered":"https:\/\/meaco.ch\/?page_id=1744\/"},"modified":"2020-05-13T16:44:14","modified_gmt":"2020-05-13T15:44:14","slug":"casa-vacanza","status":"publish","type":"page","link":"https:\/\/meaco.ch\/it\/applicazione\/casa-vacanza\/","title":{"rendered":"Casa vacanza"},"content":{"rendered":"<div class=\"wpb-content-wrapper\">[vc_row][vc_column]<div class=\"vcex-heading vcex-module wpex-text-2xl wpex-font-normal wpex-m-auto wpex-max-w-100 vcex-heading-plain wpex-block\"><span class=\"vcex-heading-inner wpex-inline-block wpex-clr\">Proteggete la vostra casa vacanza dall\u2019odore e la formazione di muffa<\/span><\/div>[vc_column_text]Se volete proteggere la vostra casa dall\u2019odore e formazione di muffa, ma anche dai danni dell\u2019umidit\u00e0, vi occorre un deumidificatore che deumidifichi l\u2019aria in modo affidabile, anche quando sarete assenti per un lungo periodo.<\/p>\n<p><strong>Tenete conto dei seguenti criteri prima di acquistare un deumidificatore per la vostra casa vacanza: <\/strong><\/p>\n<ol>\n<li><strong>Scarico diretto<\/strong>: Scegliete un deumidificatore che offra la possibilit\u00e0 di scaricare l\u2019acqua di condensa direttamente attraverso un tubo. Molti deumidificatori tradizionali non dispongono della possibilit\u00e0 dello scarico diretto, il che significa che dovreste svuotare regolarmente il serbatoio.<\/li>\n<li><strong>Efficienza a basse temperature: L<\/strong><strong>\u2019<\/strong><strong>efficienza di deumidificazione viene dichiarata solitamente per una temperatura di 30<\/strong> <strong>\u00b0C <\/strong><strong>e con<\/strong><strong> un tasso di umidit\u00e0 relativa <\/strong><strong>dell<\/strong><strong>\u2019<\/strong><strong>80<\/strong><strong>%. Gli essiccatori a condensazione tradizionali deumidificano meglio a temperature elevate che a quelle basse. Esempio: <\/strong>A 10 \u00b0C, un deumidificatore da 20 litri deumidifica circa 6 litri in 24 ore, invece di 20 litri a 30 \u00b0C con un tasso di umidit\u00e0 relativa dell\u201980%. Molte case vacanza vengono riscaldate al minimo quando sono vuote ed \u00e8 quindi importante scegliere un deumidificatore efficiente anche a basse temperature.<\/li>\n<li><strong>Funzione auto-start<\/strong>: Scegliete un deumidificatore che possa riprendere il suo funzionamento automaticamente dopo un black out e con le stesse impostazioni precedentemente da voi selezionate. Solo cos\u00ec potete essere sicuri che la vostra casa vacanza venga deumidificata costantemente anche in vostra assenza \u2013 e in questo modo si potr\u00e0 evitare l\u2019odore e la formazione della muffa.<\/li>\n<\/ol>\n<p>Il Meaco DD8L \u00e8 molto spesso utilizzato in case e appartamenti per vacanze perch\u00e9 soddisfa tutti questi criteri: Drenaggio diretto, funzione autostart e capacit\u00e0 di deumidificazione costante di 8 litri a partire da una temperatura interna di 1\u00b0C.<\/p>\n<p>Oltre al filtro antibatterico con argento nano, il Meaco DD8L ha anche uno ionizzatore integrato. Il filtro e lo ionizzatore assicurano un clima interno sano. Ulteriori informazioni su: Essiccatore ad assorbimento <a href=\"\/deumidificatori\/ad-adsorbimento\/meaco-dd8l\/\">Meaco DD8L<\/a> con ionizzatore[\/vc_column_text][\/vc_column][\/vc_row]\n<\/div>","protected":false},"excerpt":{"rendered":"<p>[vc_row][vc_column][vc_column_text]Se volete proteggere la vostra casa dall\u2019odore e formazione di muffa, ma anche dai danni dell\u2019umidit\u00e0, vi occorre un deumidificatore che deumidifichi l\u2019aria in modo affidabile, anche quando sarete assenti per un lungo periodo. Tenete conto dei seguenti criteri prima di acquistare un deumidificatore per la vostra casa vacanza: Scarico diretto: Scegliete un deumidificatore che&hellip;<\/p>\n","protected":false},"author":6,"featured_media":0,"parent":1713,"menu_order":0,"comment_status":"open","ping_status":"open","template":"","meta":{"footnotes":""},"class_list":["post-1744","page","type-page","status-publish","hentry","entry","no-media"],"aioseo_notices":[],"_links":{"self":[{"href":"https:\/\/meaco.ch\/it\/wp-json\/wp\/v2\/pages\/1744","targetHints":{"allow":["GET"]}}],"collection":[{"href":"https:\/\/meaco.ch\/it\/wp-json\/wp\/v2\/pages"}],"about":[{"href":"https:\/\/meaco.ch\/it\/wp-json\/wp\/v2\/types\/page"}],"author":[{"embeddable":true,"href":"https:\/\/meaco.ch\/it\/wp-json\/wp\/v2\/users\/6"}],"replies":[{"embeddable":true,"href":"https:\/\/meaco.ch\/it\/wp-json\/wp\/v2\/comments?post=1744"}],"version-history":[{"count":6,"href":"https:\/\/meaco.ch\/it\/wp-json\/wp\/v2\/pages\/1744\/revisions"}],"predecessor-version":[{"id":3264,"href":"https:\/\/meaco.ch\/it\/wp-json\/wp\/v2\/pages\/1744\/revisions\/3264"}],"up":[{"embeddable":true,"href":"https:\/\/meaco.ch\/it\/wp-json\/wp\/v2\/pages\/1713"}],"wp:attachment":[{"href":"https:\/\/meaco.ch\/it\/wp-json\/wp\/v2\/media?parent=1744"}],"curies":[{"name":"wp","href":"https:\/\/api.w.org\/{rel}","templated":true}]}}