{"id":1751,"date":"2017-05-18T14:41:55","date_gmt":"2017-05-18T13:41:55","guid":{"rendered":"https:\/\/meaco.ch\/?page_id=1751\/"},"modified":"2017-08-03T09:35:54","modified_gmt":"2017-08-03T08:35:54","slug":"stanza-da-letto","status":"publish","type":"page","link":"https:\/\/meaco.ch\/it\/applicazione\/stanza-da-letto\/","title":{"rendered":"Stanza da letto"},"content":{"rendered":"<div class=\"wpb-content-wrapper\">[vc_row][vc_column]<div class=\"vcex-heading vcex-module wpex-text-2xl wpex-font-normal wpex-m-auto wpex-max-w-100 vcex-heading-plain wpex-block\"><span class=\"vcex-heading-inner wpex-inline-block wpex-clr\">Deumidificare stanze da letto e locali d\u2018abitazione<\/span><\/div>[vc_column_text]Il tasso di umidit\u00e0 relativa nella zona giorno consigliata dai medici dovrebbe essere del 45% &#8211; 55%. Un tasso di umidit\u00e0 pi\u00f9 elevato nella zona giorno \u00e8 da evitare. Troppa umidit\u00e0 pu\u00f2 infatti causare quel fastidioso odore di muffa o, addirittura, provocare la formazione di essa. Pi\u00f9 alto \u00e8 il tasso di umidit\u00e0, pi\u00f9 velocemente si moltiplicano gli acari della polvere causando l\u2019allergia alla polvere in alcune persone. Inoltre, le persone che vivono in un ambiente troppo umido, rischiano maggiormente di prendersi una malattia cronica, come, per esempio, la bronchite.<\/p>\n<p><strong>Come si crea l\u2019umidit\u00e0 nella zona giorno?<\/strong><br \/>\nUn elevato tasso di umidit\u00e0 nella zona giorno pu\u00f2 essere causato da diversi fattori. Da una parte, mentre si d\u00e0 aria ad un ambiente, potrebbe succedere che l\u2019umidit\u00e0 dell\u2019aria esterna porti un\u2019elevata umidit\u00e0 anche all\u2019interno, specialmente in estate o durante le mezze stagioni e dall\u2019altra, l\u2019umidit\u00e0 pu\u00f2 aumentare anche con l\u2019espirazione degli inquilini, cucinando, facendo la doccia ecc.<\/p>\n<p>Nella zona giorno \u00e8 sufficiente un deumidificatore con un\u2018efficienza da 10 o 20 litri. Per le stanze singole (p.es. stanze da letto o <a href=\"https:\/\/meaco.ch\/it\/applicazione\/bagno\/\">bagno<\/a>) basta il <a href=\"https:\/\/meaco.ch\/it\/deumidificatori\/low-energy\/12l\/\">Meaco 12L Low Energy<\/a>. Esso \u00e8 molto compatto e silenzioso durante il funzionamento ed \u00e8 per questo motivo che viene utilizzato volentieri nelle stanze da letto o nel soggiorno. In stanze pi\u00f9 grandi \u00e8 meglio utilizzare il \u00a0<a href=\"https:\/\/meaco.ch\/it\/deumidificatori\/low-energy\/20l\/\">Meaco 20L Low Energy<\/a>, il quale pu\u00f2 deumidificare pi\u00f9 ambienti contemporaneamente se si lasciano le porte aperte.[\/vc_column_text][\/vc_column][\/vc_row]\n<\/div>","protected":false},"excerpt":{"rendered":"<p>[vc_row][vc_column][vc_column_text]Il tasso di umidit\u00e0 relativa nella zona giorno consigliata dai medici dovrebbe essere del 45% &#8211; 55%. Un tasso di umidit\u00e0 pi\u00f9 elevato nella zona giorno \u00e8 da evitare. Troppa umidit\u00e0 pu\u00f2 infatti causare quel fastidioso odore di muffa o, addirittura, provocare la formazione di essa. Pi\u00f9 alto \u00e8 il tasso di umidit\u00e0, pi\u00f9 velocemente&hellip;<\/p>\n","protected":false},"author":6,"featured_media":0,"parent":1713,"menu_order":0,"comment_status":"open","ping_status":"open","template":"","meta":{"footnotes":""},"class_list":["post-1751","page","type-page","status-publish","hentry","entry","no-media"],"aioseo_notices":[],"_links":{"self":[{"href":"https:\/\/meaco.ch\/it\/wp-json\/wp\/v2\/pages\/1751","targetHints":{"allow":["GET"]}}],"collection":[{"href":"https:\/\/meaco.ch\/it\/wp-json\/wp\/v2\/pages"}],"about":[{"href":"https:\/\/meaco.ch\/it\/wp-json\/wp\/v2\/types\/page"}],"author":[{"embeddable":true,"href":"https:\/\/meaco.ch\/it\/wp-json\/wp\/v2\/users\/6"}],"replies":[{"embeddable":true,"href":"https:\/\/meaco.ch\/it\/wp-json\/wp\/v2\/comments?post=1751"}],"version-history":[{"count":4,"href":"https:\/\/meaco.ch\/it\/wp-json\/wp\/v2\/pages\/1751\/revisions"}],"predecessor-version":[{"id":2469,"href":"https:\/\/meaco.ch\/it\/wp-json\/wp\/v2\/pages\/1751\/revisions\/2469"}],"up":[{"embeddable":true,"href":"https:\/\/meaco.ch\/it\/wp-json\/wp\/v2\/pages\/1713"}],"wp:attachment":[{"href":"https:\/\/meaco.ch\/it\/wp-json\/wp\/v2\/media?parent=1751"}],"curies":[{"name":"wp","href":"https:\/\/api.w.org\/{rel}","templated":true}]}}