{"id":1759,"date":"2017-05-18T15:00:04","date_gmt":"2017-05-18T14:00:04","guid":{"rendered":"https:\/\/meaco.ch\/?page_id=1759\/"},"modified":"2026-03-02T11:49:31","modified_gmt":"2026-03-02T10:49:31","slug":"asciugabiancheria","status":"publish","type":"page","link":"https:\/\/meaco.ch\/it\/asciugabiancheria\/","title":{"rendered":"Asciugabiancheria"},"content":{"rendered":"<div class=\"wpb-content-wrapper\">[vc_row][vc_column]<div class=\"vcex-heading vcex-module wpex-text-2xl wpex-font-normal wpex-m-auto wpex-max-w-100 vcex-heading-plain wpex-block\"><span class=\"vcex-heading-inner wpex-inline-block wpex-clr\">Meaco PowerDry per l'asciugatura del bucato in lavanderia e nell'essiccatoio<\/span><\/div><div class=\"vcex-spacing wpex-w-100 wpex-clear\"><\/div>[vc_row_inner][vc_column_inner width=&#8221;1\/3&#8243;]<figure class=\"vcex-module vcex-image-swap wpex-block wpex-relative wpex-mx-auto wpex-max-w-100 wpex-overflow-hidden wpex-clr\"><a href=\"\/it\/deumidificatori\/meaco-powerdry\/\" class=\"vcex-image-swap-link\" title=\"Meaco PowerDry\"><img decoding=\"async\" width=\"2381\" height=\"1404\" src=\"https:\/\/meaco.ch\/wp-content\/uploads\/2020\/05\/meaco_powerdry_00.jpg\" class=\"vcex-image-swap-primary wpex-block wpex-relative wpex-z-5 wpex-w-100 wpex-overflow-hidden wpex-transition-opacity wpex-duration-300\" alt=\"Meaco PowerDry W\u00e4schetrockner \/ Schwimmbadentfeuchter\" loading=\"lazy\" srcset=\"https:\/\/meaco.ch\/wp-content\/uploads\/2020\/05\/meaco_powerdry_00.jpg 2381w, https:\/\/meaco.ch\/wp-content\/uploads\/2020\/05\/meaco_powerdry_00-300x177.jpg 300w, https:\/\/meaco.ch\/wp-content\/uploads\/2020\/05\/meaco_powerdry_00-768x453.jpg 768w, https:\/\/meaco.ch\/wp-content\/uploads\/2020\/05\/meaco_powerdry_00-1024x604.jpg 1024w\" sizes=\"auto, (max-width: 2381px) 100vw, 2381px\" \/><img decoding=\"async\" width=\"2381\" height=\"1404\" src=\"https:\/\/meaco.ch\/wp-content\/uploads\/2020\/05\/meaco_powerdry_04.jpg\" class=\"vcex-image-swap-secondary wpex-block wpex-absolute wpex-inset-0 wpex-z-1 wpex-w-100 wpex-overflow-hidden\" alt=\"Meaco PowerDry W\u00e4schetrockner \/ Schwimmbadentfeuchter\" loading=\"lazy\" srcset=\"https:\/\/meaco.ch\/wp-content\/uploads\/2020\/05\/meaco_powerdry_04.jpg 2381w, https:\/\/meaco.ch\/wp-content\/uploads\/2020\/05\/meaco_powerdry_04-300x177.jpg 300w, https:\/\/meaco.ch\/wp-content\/uploads\/2020\/05\/meaco_powerdry_04-768x453.jpg 768w, https:\/\/meaco.ch\/wp-content\/uploads\/2020\/05\/meaco_powerdry_04-1024x604.jpg 1024w\" sizes=\"auto, (max-width: 2381px) 100vw, 2381px\" \/><\/a><\/figure>[\/vc_column_inner][vc_column_inner width=&#8221;2\/3&#8243;][vc_column_text]I Meaco PowerDry sono essiccatori d&#8217;aria a parete extra potenti con un rumore di funzionamento estremamente silenzioso e un design ultrapiatto e salvaspazio. La parte frontale in vetro \u00e8 dotata di un comando a sfioramento integrato per un facile utilizzo. Queste asciugatrici garantiscono un&#8217;asciugatura rapida, efficiente e delicata. Sono spesso usati ovunque ci sia molto bucato da asciugare.<\/p>\n<p>Questo essiccatore ad aria \u00e8 disponibile in 3 versioni e, come optional, nei colori bianco e nero.<\/p>\n<p>Ulteriori informazioni sul <a href=\"\/it\/deumidificatori\/meaco-powerdry\/\">Meaco PowerDry<\/a>[\/vc_column_text][\/vc_column_inner][\/vc_row_inner][\/vc_column][\/vc_row][vc_row][vc_column]<div class=\"vcex-heading vcex-module wpex-text-2xl wpex-font-normal wpex-m-auto wpex-max-w-100 vcex-heading-plain wpex-block\"><span class=\"vcex-heading-inner wpex-inline-block wpex-clr\">Consigli per l\u2019asciugatura del bucato portatile<\/span><\/div>[\/vc_column][\/vc_row][vc_row][vc_column width=&#8221;1\/2&#8243;][vc_row_inner][vc_column_inner]<div class=\"vcex-heading vcex-module wpex-text-2xl wpex-font-normal wpex-m-auto wpex-max-w-100 vcex-heading-plain wpex-block\"><span class=\"vcex-heading-inner wpex-inline-block wpex-clr\">Meaco Arete\u00ae One 25L<\/span><\/div>[\/vc_column_inner][\/vc_row_inner][vc_row_inner][vc_column_inner width=&#8221;1\/2&#8243;][vc_single_image image=&#8221;4071&#8243; img_size=&#8221;&#8221; onclick=&#8221;custom_link&#8221; link=&#8221;\/it\/deumidificatori\/arete-one\/&#8221;][\/vc_column_inner][vc_column_inner width=&#8221;1\/2&#8243;]<div class=\"vcex-module vcex-bullets vcex-bullets-check\">\n<ul>\n<li>Asciugatura del bucato flessibile, rapida e delicata<\/li>\n<li>Miglior efficienza con un bassissimo consumo di corrente<\/li>\n<li>Modalit\u00e0 di asciugatura del bucato<\/li>\n<li>Funzionamento economico<\/li>\n<\/ul>\n<\/div>[\/vc_column_inner][\/vc_row_inner][vc_column_text]Per saperne di pi\u00f9 sull\u2018\u00a0asciugabiancheria <a title=\"MEACO Arete\u00ae One\" href=\"\/it\/deumidificatori\/arete-one\/\">Meaco Arete\u00ae One 25L<\/a>[\/vc_column_text][\/vc_column][vc_column width=&#8221;1\/2&#8243;]<div class=\"vcex-heading vcex-module wpex-text-2xl wpex-font-normal wpex-m-auto wpex-max-w-100 vcex-heading-plain wpex-block\"><span class=\"vcex-heading-inner wpex-inline-block wpex-clr\">Meaco 20L Low Energy<\/span><\/div>[vc_row_inner][vc_column_inner width=&#8221;1\/2&#8243;][vc_single_image image=&#8221;2839&#8243; img_size=&#8221;&#8221; onclick=&#8221;custom_link&#8221; link=&#8221;\/it\/deumidificatori\/low-energy\/20l\/&#8221;][\/vc_column_inner][vc_column_inner width=&#8221;1\/2&#8243;]<div class=\"vcex-spacing wpex-w-100 wpex-clear hidden-phone\" style=\"height:60px;\"><\/div><div class=\"vcex-module vcex-bullets vcex-bullets-check\">\n<ul>\n<li>Asciugatura flessibile e delicata del bucato in casa<\/li>\n<li>Which? Vincitore del test<\/li>\n<li>Raccomandato da Ktipp<\/li>\n<\/ul>\n<\/div>[\/vc_column_inner][\/vc_row_inner]<div class=\"vcex-spacing wpex-w-100 wpex-clear\" style=\"height:40px;\"><\/div>[vc_column_text]Per saperne di pi\u00f9 sul\u00a0deumidificatore <a href=\"\/it\/deumidificatori\/low-energy\/20l\/\">Meaco\u00a020L Low Energy<\/a>[\/vc_column_text][\/vc_column][\/vc_row][vc_row][vc_column]<div class=\"vcex-heading vcex-module wpex-text-2xl wpex-font-normal wpex-m-auto wpex-max-w-100 vcex-heading-plain wpex-block\"><span class=\"vcex-heading-inner wpex-inline-block wpex-clr\">Asciugabiancheria MEACO<\/span><\/div>[vc_row_inner][vc_column_inner width=&#8221;1\/2&#8243;]<div class=\"vcex-spacing wpex-w-100 wpex-clear\" style=\"height:20px;\"><\/div>[vc_column_text]L\u2019asciugabiancheria funziona con lo stesso metodo (principio di condensazione) della deumidificazione dell\u2019aria. Tuttavia l\u2019asciugabiancheria richiede molta pi\u00f9 efficienza di deumidificazione \u00a0di una semplice deumidificazione di un ambiente, poich\u00e9 bisogna deumidificare sia l\u2019ambiente sia la biancheria.<\/p>\n<p>Gli affittuari e gli inquilini di case plurifamiliari non sempre hanno l\u2019opportunit\u00e0 di asciugare il proprio bucato nella lavanderia a uso comune, perch\u00e9 lo stendibiancheria \u00e8 spesso occupato oppure perch\u00e9 non \u00e8 presente un asciugabiancheria.<\/p>\n<p>L\u2019impiego di un efficiente deumidificatore MEACO \u00e8 la soluzione efficace ed economica per l\u2019asciugatura del bucato all\u2019interno dell\u2019appartamento d\u2019affitto.[\/vc_column_text][\/vc_column_inner][vc_column_inner width=&#8221;1\/2&#8243;][vc_single_image image=&#8221;4161&#8243;][\/vc_column_inner][\/vc_row_inner][\/vc_column][\/vc_row][vc_row][vc_column width=&#8221;1\/2&#8243;][vc_column_text]\n<ol>\n<li>Scegliete l\u2019ambiente pi\u00f9 adatto all\u2019asciugatura del vostro bucato. L\u2019ideale sarebbe il locale lavanderia o il locale asciugatoio ma, come alternativa, potete usare anche il bagno. Pi\u00f9 piccolo il locale, pi\u00f9 rapida sar\u00e0 l\u2019asciugatura del bucato.<\/li>\n<li>Preparate il vostro stendibiancheria con il bucato da asciugare. Collocate l\u2019<u>asciugabiancheria MEACO <\/u>\u00a0al lato o al di sotto dello stendibiancheria in modo da permettere all\u2019aria che fuoriesce di raggiungere tutto il bucato bagnato.<\/li>\n<li>Chiudete le finestre e le porte e mettete in funzione il deumidificatore. Dopo qualche ora (dipende dalla quantit\u00e0 di bucato) potrete togliere il bucato asciutto dallo stendibiancheria \u00a0e riporlo direttamente nell\u2019armadio.<\/li>\n<\/ol>\n[\/vc_column_text][\/vc_column][vc_column width=&#8221;1\/2&#8243;][vc_column_text]Qui una visione d\u2019insieme dell\u2019umidit\u00e0 ottimale (l\u2019umidit\u00e0 relativa in percentuale):<\/p>\n<ul>\n<li>40% = bucato asciutto pronto per l\u2019armadio<\/li>\n<li>45% \u2013 55% = clima interno ottimale per locali d\u2019abitazione e stanze da letto<\/li>\n<li>60% = umidit\u00e0 ideale per cantine<\/li>\n<\/ul>\n[\/vc_column_text][\/vc_column][\/vc_row][vc_row][vc_column]<div class=\"vcex-heading vcex-module wpex-text-2xl wpex-font-normal wpex-m-auto wpex-max-w-100 vcex-heading-plain wpex-block\"><span class=\"vcex-heading-inner wpex-inline-block wpex-clr\">Dove comprare?<\/span><\/div><div class=\"vcex-spacing wpex-w-100 wpex-clear\" style=\"height:15px;\"><\/div>[vc_row_inner][vc_column_inner width=&#8221;1\/3&#8243;][vc_single_image image=&#8221;2003&#8243; img_size=&#8221;medium&#8221; onclick=&#8221;custom_link&#8221; img_link_target=&#8221;_blank&#8221; link=&#8221;https:\/\/ecofort.ch\/fr\/695-meaco&#8221;]<div class=\"vcex-module vcex-bullets vcex-bullets-check\">\n<ul>\n<li>Disponibile nel <a href=\"https:\/\/ecofort.ch\/de\/61_meaco?orderby=price&amp;orderway=desc\" target=\"_blank\" rel=\"noopener noreferrer\">ecofort online shop<\/a> e nel negozio \u00e0 Nidau (vicino Biel \/ Bienne)<\/li>\n<li>Consegna gratuita<\/li>\n<\/ul>\n<\/div><a href=\"https:\/\/ecofort.ch\/fr\/695-meaco\" title=\"ecofort SA\" class=\"vcex-button theme-button inline\" target=\"_blank\" rel=\"noopener noreferrer\"><span class=\"theme-button-inner\">Scoprire Meaco da ecofort<\/span><\/a> [\/vc_column_inner][\/vc_row_inner][\/vc_column][\/vc_row]\n<\/div>","protected":false},"excerpt":{"rendered":"<p>[vc_row][vc_column][vc_row_inner][vc_column_inner width=&#8221;1\/3&#8243;][\/vc_column_inner][vc_column_inner width=&#8221;2\/3&#8243;][vc_column_text]I Meaco PowerDry sono essiccatori d&#8217;aria a parete extra potenti con un rumore di funzionamento estremamente silenzioso e un design ultrapiatto e salvaspazio. La parte frontale in vetro \u00e8 dotata di un comando a sfioramento integrato per un facile utilizzo. Queste asciugatrici garantiscono un&#8217;asciugatura rapida, efficiente e delicata. Sono spesso usati ovunque ci&hellip;<\/p>\n","protected":false},"author":6,"featured_media":0,"parent":0,"menu_order":3,"comment_status":"closed","ping_status":"closed","template":"","meta":{"footnotes":""},"class_list":["post-1759","page","type-page","status-publish","hentry","entry","no-media"],"aioseo_notices":[],"_links":{"self":[{"href":"https:\/\/meaco.ch\/it\/wp-json\/wp\/v2\/pages\/1759","targetHints":{"allow":["GET"]}}],"collection":[{"href":"https:\/\/meaco.ch\/it\/wp-json\/wp\/v2\/pages"}],"about":[{"href":"https:\/\/meaco.ch\/it\/wp-json\/wp\/v2\/types\/page"}],"author":[{"embeddable":true,"href":"https:\/\/meaco.ch\/it\/wp-json\/wp\/v2\/users\/6"}],"replies":[{"embeddable":true,"href":"https:\/\/meaco.ch\/it\/wp-json\/wp\/v2\/comments?post=1759"}],"version-history":[{"count":23,"href":"https:\/\/meaco.ch\/it\/wp-json\/wp\/v2\/pages\/1759\/revisions"}],"predecessor-version":[{"id":4600,"href":"https:\/\/meaco.ch\/it\/wp-json\/wp\/v2\/pages\/1759\/revisions\/4600"}],"wp:attachment":[{"href":"https:\/\/meaco.ch\/it\/wp-json\/wp\/v2\/media?parent=1759"}],"curies":[{"name":"wp","href":"https:\/\/api.w.org\/{rel}","templated":true}]}}