{"id":1808,"date":"2017-05-22T10:10:52","date_gmt":"2017-05-22T09:10:52","guid":{"rendered":"https:\/\/meaco.ch\/?page_id=1808\/"},"modified":"2026-03-02T11:47:55","modified_gmt":"2026-03-02T10:47:55","slug":"20l","status":"publish","type":"page","link":"https:\/\/meaco.ch\/it\/deumidificatori\/low-energy\/20l\/","title":{"rendered":"Meaco 20L Low  Energy"},"content":{"rendered":"<div class=\"wpb-content-wrapper\">[vc_row][vc_column]<div class=\"vcex-heading vcex-module wpex-text-2xl wpex-font-normal wpex-m-auto wpex-max-w-100 vcex-heading-plain wpex-block\"><span class=\"vcex-heading-inner wpex-inline-block wpex-clr\">Vincitore nei test dei deumidificatori: Le migliori prestazioni con il minor consumo energetico<\/span><\/div>[\/vc_column][\/vc_row][vc_row][vc_column width=&#8221;1\/2&#8243;][vc_single_image image=&#8221;1588&#8243;][\/vc_column][vc_column width=&#8221;1\/2&#8243;]<div class=\"vcex-spacing wpex-w-100 wpex-clear\" style=\"height:90px;\"><\/div>[vc_column_text]\n<p style=\"text-align: justify;\">Il deumidificatore\u00a0<em>Meaco 20L Low Energy<\/em>\u00a0offre la\u00a0<strong>miglior efficienza con un consumo energetico davvero basso<\/strong>\u00a0e crea un ambiente sano per la propria casa. Inoltre garantisce il 35% di risparmio sui costi energetici, con un funzionamento continuo durante 12 mesi, rispetto ai deumidificatori con la stessa efficienza di deumidificazione della concorrenza.<\/p>\n<p style=\"text-align: justify;\">I deumidificatori\u00a0<em>Meaco 20L Low Energy<\/em>\u00a0convincono anche grazie alle loro molteplici funzioni soddisfacendo in questo modo ogni desiderio: un\u00a0<strong>igrostato preciso<\/strong>, regolabile tra il 30% e l\u201980% in intervalli di 5%, la\u00a0<strong>modalit\u00e0 swing<\/strong>\u00a0che distribuisce in modo uniforme l\u2019aria asciutta nella stanza, la\u00a0<strong>sicurezza per bambini<\/strong>, la funzione asciugabiancheria, un timer e un\u00a0<strong>filtro HEPA<\/strong>, che garantisce un<strong>aria ambientale pura e sana<\/strong>.<\/p>\n[\/vc_column_text][\/vc_column][\/vc_row][vc_row][vc_column][vc_column_text]<em>Chris Michael<\/em>, il direttore di MEACO, spiega i vantaggi del <em>MEACO 20L Low Energy<\/em>, il deumidificatore a basso consumo energetico:[\/vc_column_text][vc_raw_html]JTNDc2NyaXB0JTIwc3JjJTNEJTIyaHR0cHMlM0ElMkYlMkZmYXN0Lndpc3RpYS5jb20lMkZlbWJlZCUyRm1lZGlhcyUyRmNwMGJidjJoNmIuanNvbnAlMjIlMjBhc3luYyUzRSUzQyUyRnNjcmlwdCUzRSUzQ3NjcmlwdCUyMHNyYyUzRCUyMmh0dHBzJTNBJTJGJTJGZmFzdC53aXN0aWEuY29tJTJGYXNzZXRzJTJGZXh0ZXJuYWwlMkZFLXYxLmpzJTIyJTIwYXN5bmMlM0UlM0MlMkZzY3JpcHQlM0UlM0NkaXYlMjBjbGFzcyUzRCUyMndpc3RpYV9yZXNwb25zaXZlX3BhZGRpbmclMjIlMjBzdHlsZSUzRCUyMnBhZGRpbmclM0E1Ni4yNSUyNSUyMDAlMjAwJTIwMCUzQnBvc2l0aW9uJTNBcmVsYXRpdmUlM0IlMjIlM0UlM0NkaXYlMjBjbGFzcyUzRCUyMndpc3RpYV9yZXNwb25zaXZlX3dyYXBwZXIlMjIlMjBzdHlsZSUzRCUyMmhlaWdodCUzQTEwMCUyNSUzQmxlZnQlM0EwJTNCcG9zaXRpb24lM0FhYnNvbHV0ZSUzQnRvcCUzQTAlM0J3aWR0aCUzQTEwMCUyNSUzQiUyMiUzRSUzQ2RpdiUyMGNsYXNzJTNEJTIyd2lzdGlhX2VtYmVkJTIwd2lzdGlhX2FzeW5jX2NwMGJidjJoNmIlMjB2aWRlb0ZvYW0lM0R0cnVlJTIyJTIwc3R5bGUlM0QlMjJoZWlnaHQlM0ExMDAlMjUlM0Jwb3NpdGlvbiUzQXJlbGF0aXZlJTNCd2lkdGglM0ExMDAlMjUlMjIlM0UlM0NkaXYlMjBjbGFzcyUzRCUyMndpc3RpYV9zd2F0Y2glMjIlMjBzdHlsZSUzRCUyMmhlaWdodCUzQTEwMCUyNSUzQmxlZnQlM0EwJTNCb3BhY2l0eSUzQTAlM0JvdmVyZmxvdyUzQWhpZGRlbiUzQnBvc2l0aW9uJTNBYWJzb2x1dGUlM0J0b3AlM0EwJTNCdHJhbnNpdGlvbiUzQW9wYWNpdHklMjAyMDBtcyUzQndpZHRoJTNBMTAwJTI1JTNCJTIyJTNFJTNDaW1nJTIwc3JjJTNEJTIyaHR0cHMlM0ElMkYlMkZmYXN0Lndpc3RpYS5jb20lMkZlbWJlZCUyRm1lZGlhcyUyRmNwMGJidjJoNmIlMkZzd2F0Y2glMjIlMjBzdHlsZSUzRCUyMmZpbHRlciUzQWJsdXIlMjg1cHglMjklM0JoZWlnaHQlM0ExMDAlMjUlM0JvYmplY3QtZml0JTNBY29udGFpbiUzQndpZHRoJTNBMTAwJTI1JTNCJTIyJTIwYWx0JTNEJTIyJTIyJTIwb25sb2FkJTNEJTIydGhpcy5wYXJlbnROb2RlLnN0eWxlLm9wYWNpdHklM0QxJTNCJTIyJTIwJTJGJTNFJTNDJTJGZGl2JTNFJTNDJTJGZGl2JTNFJTNDJTJGZGl2JTNFJTNDJTJGZGl2JTNF[\/vc_raw_html][vc_column_text]L&#8217;ingegnere <em>Chris Michael<\/em>, direttore di MEACO, spiega il deumidificatore a bassa energia <em>MEACO 20L Low Energy<\/em>.[\/vc_column_text][\/vc_column][\/vc_row][vc_row][vc_row][\/vc_row][\/vc_row][vc_row][vc_column][\/vc_column][vc_column_text]\n<p>I am text block. Click edit button to change this text. Lorem ipsum dolor sit amet, consectetur adipiscing elit. Ut elit tellus, luctus nec ullamcorper mattis, pulvinar dapibus leo.<\/p>\n[\/vc_column_text][\/vc_row][vc_column][vc_column_text]L\u2019organizzazione di tutela dei consumatori britannica \u201c<em>Which?<\/em>\u201d (comparabile con la Stiftung Warentest) ha eletto vincitore dei test il deumidificatore\u00a0<em>Meaco 20L Low Energy<\/em>\u00a0dalla sua immissione sul mercato dando sempre un chiaro consiglio di acquisto:[\/vc_column_text][\/vc_column][vc_row][vc_column width=&#8221;1\/3&#8243;][\/vc_column][vc_column width=&#8221;1\/3&#8243;][vc_single_image image=&#8221;4189&#8243;][\/vc_column][vc_column width=&#8221;1\/3&#8243;][\/vc_column][\/vc_row][vc_row][vc_column]<div class=\"vcex-heading vcex-module wpex-text-2xl wpex-font-normal wpex-m-auto wpex-max-w-100 vcex-heading-plain wpex-block\"><span class=\"vcex-heading-inner wpex-inline-block wpex-clr\">Applicazione<\/span><\/div><div class=\"vcex-spacing wpex-w-100 wpex-clear\" style=\"height:20px;\"><\/div><div class=\"vcex-module vcex-bullets vcex-bullets-check\">\n<ul>\n<li>Perfetto per la deumidificazione di locali d\u2019abitazione fino a 50 m\u00b2 \/ 125 m\u00b3<\/li>\n<li>Grazie al filtro True HEPA, integrato e sostituibile, questo deumidificatore funziona anche come depuratore dell\u2018aria<\/li>\n<li>\u00c8 utilizzabile anche come supporto per asciugare il bucato* nell\u2018appartamento<\/li>\n<\/ul>\n<\/div>[vc_column_text]* Per un\u2019asciugatura del bucato pi\u00f9 rapida si consiglia il pi\u00f9 efficiente <a href=\"https:\/\/meaco.ch\/it\/deumidificatori\/low-energy\/25l\/\">Meaco 25L Low Energy<\/a> come asciugabiancheria portatile.[\/vc_column_text][\/vc_column][\/vc_row][vc_row][vc_column]<div class=\"vcex-heading vcex-module wpex-text-2xl wpex-font-normal wpex-m-auto wpex-max-w-100 vcex-heading-plain wpex-block\"><span class=\"vcex-heading-inner wpex-inline-block wpex-clr\">Modalit\u00e0 di funzionamento<\/span><\/div>[vc_column_text]Nel seguente video di pochi minuti viene spiegato il funzionamento del\u00a0<em>Meaco 20L Low Energy<\/em>:[\/vc_column_text][vc_raw_html]JTNDc2NyaXB0JTIwc3JjJTNEJTIyaHR0cHMlM0ElMkYlMkZmYXN0Lndpc3RpYS5jb20lMkZlbWJlZCUyRm1lZGlhcyUyRnl2OTg2NnMybWIuanNvbnAlMjIlMjBhc3luYyUzRSUzQyUyRnNjcmlwdCUzRSUzQ3NjcmlwdCUyMHNyYyUzRCUyMmh0dHBzJTNBJTJGJTJGZmFzdC53aXN0aWEuY29tJTJGYXNzZXRzJTJGZXh0ZXJuYWwlMkZFLXYxLmpzJTIyJTIwYXN5bmMlM0UlM0MlMkZzY3JpcHQlM0UlM0NkaXYlMjBjbGFzcyUzRCUyMndpc3RpYV9yZXNwb25zaXZlX3BhZGRpbmclMjIlMjBzdHlsZSUzRCUyMnBhZGRpbmclM0E1Ni4yNSUyNSUyMDAlMjAwJTIwMCUzQnBvc2l0aW9uJTNBcmVsYXRpdmUlM0IlMjIlM0UlM0NkaXYlMjBjbGFzcyUzRCUyMndpc3RpYV9yZXNwb25zaXZlX3dyYXBwZXIlMjIlMjBzdHlsZSUzRCUyMmhlaWdodCUzQTEwMCUyNSUzQmxlZnQlM0EwJTNCcG9zaXRpb24lM0FhYnNvbHV0ZSUzQnRvcCUzQTAlM0J3aWR0aCUzQTEwMCUyNSUzQiUyMiUzRSUzQ2RpdiUyMGNsYXNzJTNEJTIyd2lzdGlhX2VtYmVkJTIwd2lzdGlhX2FzeW5jX3l2OTg2NnMybWIlMjB2aWRlb0ZvYW0lM0R0cnVlJTIyJTIwc3R5bGUlM0QlMjJoZWlnaHQlM0ExMDAlMjUlM0J3aWR0aCUzQTEwMCUyNSUyMiUzRSUyNm5ic3AlM0IlM0MlMkZkaXYlM0UlM0MlMkZkaXYlM0UlM0MlMkZkaXYlM0U=[\/vc_raw_html]<div class=\"vcex-spacing wpex-w-100 wpex-clear\" style=\"height:10px;\"><\/div>[vc_column_text]Il Meaco 20L Low Energy funziona, come qualsiasi deumidificatore tradizionale, secondo il principio della condensazione, ovvero l\u2019aria umida viene assorbita nel filtro che si trova nel lato posteriore dell\u2019essiccatore. Quest\u2019aria umida si trasforma in acqua tramite la condensazione e finisce nel serbatoio o, a scelta anche nel tubo, incluso nella consegna, mentre l\u2019aria asciutta viene rilasciata nella stanza.[\/vc_column_text][\/vc_column][\/vc_row][vc_row][vc_column]<div class=\"vcex-heading vcex-module wpex-text-2xl wpex-font-normal wpex-m-auto wpex-max-w-100 vcex-heading-plain wpex-block\"><span class=\"vcex-heading-inner wpex-inline-block wpex-clr\">Dispositivo di comando<\/span><\/div>[vc_column_text]Dispositivo di comando comfort, semplice e facile da usare, con tasti sensibili alla pressione:[\/vc_column_text][\/vc_column][\/vc_row][vc_row][vc_column width=&#8221;1\/2&#8243;][vc_single_image image=&#8221;1023&#8243;][\/vc_column][vc_column width=&#8221;1\/2&#8243;][vc_column_text]\n<ol>\n<li>Selezione del livello di ventilazione<\/li>\n<li>Ventilazione selezionata<\/li>\n<li>Timer Anzeige<\/li>\n<li>Serbatoio pieno<\/li>\n<li>Tasto acceso\/spento<\/li>\n<li>Impostazione dell\u2019uscita dell\u2019aria (modalit\u00e0 swing)<\/li>\n<li>Tasto per impostare l\u2019umidit\u00e0 relativa desiderata nella stanza (intervalli di 5%)<\/li>\n<li>Tasto Timer<\/li>\n<\/ol>\n[\/vc_column_text][\/vc_column][\/vc_row][vc_row][vc_column]<div class=\"vcex-heading vcex-module wpex-text-2xl wpex-font-normal wpex-m-auto wpex-max-w-100 vcex-heading-plain wpex-block\"><span class=\"vcex-heading-inner wpex-inline-block wpex-clr\">Scarico dell\u2019acqua di condensazione<\/span><\/div>[vc_column_text]L\u2019acqua viene raccolta nel serbatoio. Quando esso sar\u00e0 pieno, verr\u00e0 segnalato sul display che deve essere svuotato. La deumidificazione sar\u00e0 quindi interrotta e riprender\u00e0 solo una volta rimosso il contenuto del serbatoio per evitare che l\u2019acqua trabocchi. Il serbatoio deve essere svuotato quotidianamente o settimanalmente, dipende dall\u2019umidit\u00e0 presente nella stanza.<br \/>\nIn alternativa si pu\u00f2 utilizzare il tubo di due metri, incluso nella consegna, che permette di deumidificare la stanza anche per periodi di assenza pi\u00f9 lunghi (p.es. durante le vacanze) Il tubo viene collegato nel lato posteriore del deumidificatore e deve guardare verso il basso per evitare che l\u2019acqua di condensa si stagni.[\/vc_column_text][\/vc_column][\/vc_row][vc_row][vc_column]<div class=\"vcex-heading vcex-module wpex-text-2xl wpex-font-normal wpex-m-auto wpex-max-w-100 vcex-heading-plain wpex-block\"><span class=\"vcex-heading-inner wpex-inline-block wpex-clr\">Asciugabiancheria<\/span><\/div>[vc_column_text]L\u2019aria asciutta e leggermente riscaldata viene rilasciata dal lato superiore ed \u00e8 per questo che questo deumidificatore \u00e8 adatto anche per velocizzare l\u2019asciugatura del bucato su uno stendibiancheria. Per un\u2019asciugatura ancora pi\u00f9 rapida si consiglia il pi\u00f9 efficiente Meaco 25L Low Energy come asciugabiancheria portatile.[\/vc_column_text][\/vc_column][\/vc_row][vc_row][vc_column width=&#8221;1\/2&#8243;]<div class=\"vcex-heading vcex-module wpex-text-2xl wpex-font-normal wpex-m-auto wpex-max-w-100 vcex-heading-plain wpex-block\"><span class=\"vcex-heading-inner wpex-inline-block wpex-clr\">Vantaggi<\/span><\/div><div class=\"vcex-spacing wpex-w-100 wpex-clear\" style=\"height:20px;\"><\/div><div class=\"vcex-module vcex-bullets vcex-bullets-check\">\n<ul>\n<li>Evita la formazione dell\u2019odore di muffa<\/li>\n<li>Impedisce la formazione della muffa alle pareti<\/li>\n<li>Protegge dai danni le vostre provviste, i vostri mobili, abiti ecc.<\/li>\n<li>Protegge la struttura muraria dai danni causati dall\u2019umidit\u00e0<\/li>\n<li>Ottima efficienza energetica (basso consumo di corrente)<\/li>\n<li>Facilit\u00e0 d\u2019uso grazie al dispositivo di comando con tasti grandi<\/li>\n<li>Funzione timer<\/li>\n<\/ul>\n<\/div><div class=\"vcex-heading vcex-module wpex-text-2xl wpex-font-normal wpex-m-auto wpex-max-w-100 vcex-heading-plain wpex-block\"><span class=\"vcex-heading-inner wpex-inline-block wpex-clr\">Conclusione<\/span><\/div>[vc_column_text]Il\u00a0<em>Meaco 20L Low Energy<\/em>\u00a0\u00e8 tre volte vincitore nei test ed \u00e8 quindi il deumidificatore pi\u00f9 efficiente della sua categoria, con diverse possibilit\u00e0 d\u2019utilizzo, facile da usare e con un design intramontabile.\u00a0<strong>Ideale per la deumidificazione di locali d\u2019abitazione fino a 50 m\u00b2<\/strong>.<\/p>\n<p>Il deumidificatore\u00a0<em>Meaco 20L Low Energy<\/em>\u00a0offre la\u00a0<strong>miglior efficienza con il pi\u00f9 basso consumo energetico<\/strong>\u00a0e crea un ambiente sano per la propria casa e con il 35% di risparmio sui costi energetici con funzionamento continuo, durante 12 mesi, rispetto agli apparecchi della concorrenza.[\/vc_column_text][\/vc_column][vc_column width=&#8221;1\/2&#8243;][vc_single_image image=&#8221;2285&#8243;][\/vc_column][\/vc_row][vc_row][vc_column]<div class=\"vcex-heading vcex-module wpex-text-2xl wpex-font-normal wpex-m-auto wpex-max-w-100 vcex-heading-plain wpex-block\"><span class=\"vcex-heading-inner wpex-inline-block wpex-clr\">Autofinanziamento<\/span><\/div>[\/vc_column][\/vc_row][vc_row][vc_column width=&#8221;2\/3&#8243;]<div class=\"vcex-spacing wpex-w-100 wpex-clear\"><\/div>[vc_column_text]Il deumidificatore\u00a0<em>Meaco 20L Low Energy<\/em>\u00a0ammortizza i costi in pochi mesi grazie al risparmio sui costi dell\u2019energia elettrica.<\/p>\n<p><strong>Risparmiate CHF 296.- all\u2019anno * utilizzando il Meaco 20L Low Energy invece di un deumidificatore da 20 litri tradizionale.<\/strong><\/p>\n<p><small>* Confronto con i concorrenti dalla stessa efficienza di deumidificazione a funzionamento continuo per oltre 12 mesi.<\/small>[\/vc_column_text][\/vc_column][vc_column width=&#8221;1\/3&#8243;][vc_single_image image=&#8221;1786&#8243;][\/vc_column][\/vc_row][vc_row][vc_column]<div class=\"vcex-heading vcex-module wpex-text-2xl wpex-font-normal wpex-m-auto wpex-max-w-100 vcex-heading-plain wpex-block\"><span class=\"vcex-heading-inner wpex-inline-block wpex-clr\">Dati tecnici<\/span><\/div>[vc_table vc_table_theme=&#8221;classic_green&#8221;]Meaco%2020L%20Low%20Energy,|Essiccazione%20in%20appartamento,50%20m%C2%B2%20%2F%20125%20m%C2%B2|Capacit%C3%A0%20di%20deumidificazione,20%20l%20%2F%2024h%20(a%2030%20%C2%B0C%20%2F%2080%25%20umidit%C3%A0%20rel.)|Igrostato,S%C3%AC%2C%20elettronico|Dispositivo%20di%20comando%20elettronico,S%C3%AC|Filtro%20dell%E2%80%99aria,S%C3%AC|Numero%20di%20livelli%20di%20ventilazione,2|Flusso%20d%E2%80%99aria,160%20m%C2%B3%2Fh|Scarico%20diretto,Possibile|Serbatoio,6%20litri|Rumorosit%C3%A0%20a%20seconda%20del%20livello,max.%2046%20dB(A)|Temperatura,5%C2%B0%20%E2%80%93%2035%20%C2%B0C|Alimentazione,220%20%E2%80%93%20240%20V%20%2F%2050%20Hz|Potenza%20assorbita,255%20Watt|Compressore,Rotazione|Refrigerante,R134a%20(145%20g)|Sbrinamento%20automatico,S%C3%AC|Dimensioni%20(altezza%20x%20larghezza%20x%20profondit%C3%A0),595%20x%20385%20x%20290%20mm|Peso,12.6%20kg[\/vc_table][\/vc_column][\/vc_row][vc_row][vc_column][vc_column_text]\n<h3>Prezzo: CHF 449.-<\/h3>\n<p>Prezzo indicativo IVA inclusa pi\u00f9 spedizione[\/vc_column_text][\/vc_column][\/vc_row][vc_row][vc_column]<div class=\"vcex-heading vcex-module wpex-text-2xl wpex-font-normal wpex-m-auto wpex-max-w-100 vcex-heading-plain wpex-block\"><span class=\"vcex-heading-inner wpex-inline-block wpex-clr\">Dove comprare?<\/span><\/div><div class=\"vcex-spacing wpex-w-100 wpex-clear\" style=\"height:15px;\"><\/div>[vc_row_inner][vc_column_inner width=&#8221;1\/3&#8243;][vc_single_image image=&#8221;2003&#8243; img_size=&#8221;medium&#8221; onclick=&#8221;custom_link&#8221; img_link_target=&#8221;_blank&#8221; link=&#8221;https:\/\/ecofort.ch\/de\/suche?controller=search&amp;orderby=position&amp;orderway=desc&amp;search_query=meaco+low+energy&amp;submit_search=&#8221;]<div class=\"vcex-module vcex-bullets vcex-bullets-check\">\n<ul>\n<li>Disponibile nel <a href=\"https:\/\/ecofort.ch\/de\/61_meaco?orderby=price&amp;orderway=desc\" target=\"_blank\" rel=\"noopener noreferrer\">ecofort online shop<\/a> e nel negozio \u00e0 Nidau (vicino Biel \/ Bienne)<\/li>\n<li>Consegna gratuita<\/li>\n<\/ul>\n<\/div><a href=\"https:\/\/ecofort.ch\/de\/suche?search_query=meaco&#038;submit_search=&#038;orderby=price&#038;orderway=desc\" title=\"ecofort SA\" class=\"vcex-button theme-button inline\" target=\"_blank\" rel=\"noopener noreferrer\"><span class=\"theme-button-inner\">Scoprire Meaco da ecofort<\/span><\/a> [\/vc_column_inner][\/vc_row_inner][\/vc_column][\/vc_row]\n<\/div>","protected":false},"excerpt":{"rendered":"<p>[vc_row][vc_column][\/vc_column][\/vc_row][vc_row][vc_column width=&#8221;1\/2&#8243;][vc_single_image image=&#8221;1588&#8243;][\/vc_column][vc_column width=&#8221;1\/2&#8243;][vc_column_text] Il deumidificatore\u00a0Meaco 20L Low Energy\u00a0offre la\u00a0miglior efficienza con un consumo energetico davvero basso\u00a0e crea un ambiente sano per la propria casa. Inoltre garantisce il 35% di risparmio sui costi energetici, con un funzionamento continuo durante 12 mesi, rispetto ai deumidificatori con la stessa efficienza di deumidificazione della concorrenza. I deumidificatori\u00a0Meaco 20L&hellip;<\/p>\n","protected":false},"author":6,"featured_media":0,"parent":1785,"menu_order":2,"comment_status":"open","ping_status":"open","template":"","meta":{"footnotes":""},"class_list":["post-1808","page","type-page","status-publish","hentry","entry","no-media"],"aioseo_notices":[],"_links":{"self":[{"href":"https:\/\/meaco.ch\/it\/wp-json\/wp\/v2\/pages\/1808","targetHints":{"allow":["GET"]}}],"collection":[{"href":"https:\/\/meaco.ch\/it\/wp-json\/wp\/v2\/pages"}],"about":[{"href":"https:\/\/meaco.ch\/it\/wp-json\/wp\/v2\/types\/page"}],"author":[{"embeddable":true,"href":"https:\/\/meaco.ch\/it\/wp-json\/wp\/v2\/users\/6"}],"replies":[{"embeddable":true,"href":"https:\/\/meaco.ch\/it\/wp-json\/wp\/v2\/comments?post=1808"}],"version-history":[{"count":21,"href":"https:\/\/meaco.ch\/it\/wp-json\/wp\/v2\/pages\/1808\/revisions"}],"predecessor-version":[{"id":4598,"href":"https:\/\/meaco.ch\/it\/wp-json\/wp\/v2\/pages\/1808\/revisions\/4598"}],"up":[{"embeddable":true,"href":"https:\/\/meaco.ch\/it\/wp-json\/wp\/v2\/pages\/1785"}],"wp:attachment":[{"href":"https:\/\/meaco.ch\/it\/wp-json\/wp\/v2\/media?parent=1808"}],"curies":[{"name":"wp","href":"https:\/\/api.w.org\/{rel}","templated":true}]}}